{"id":6315,"date":"2020-10-19T14:46:01","date_gmt":"2020-10-19T12:46:01","guid":{"rendered":"https:\/\/guenther-gruppe.de\/nissan\/?page_id=6315"},"modified":"2022-09-29T16:33:39","modified_gmt":"2022-09-29T14:33:39","slug":"probefahrt","status":"publish","type":"page","link":"https:\/\/guenther-gruppe.de\/nissan\/probefahrt\/","title":{"rendered":"Probefahrt"},"content":{"rendered":"<p><div class=\"fusion-fullwidth fullwidth-box fusion-builder-row-1 fusion-flex-container hundred-percent-fullwidth non-hundred-percent-height-scrolling\" style=\"--awb-border-radius-top-left:0px;--awb-border-radius-top-right:0px;--awb-border-radius-bottom-right:0px;--awb-border-radius-bottom-left:0px;--awb-padding-top:100px;--awb-padding-right:0px;--awb-padding-left:0px;--awb-padding-top-small:0px;--awb-padding-right-small:0px;--awb-padding-bottom-small:0px;--awb-padding-left-small:0px;--awb-margin-bottom:12px;\" ><div class=\"fusion-builder-row fusion-row fusion-flex-align-items-flex-start\" style=\"width:104% !important;max-width:104% !important;margin-left: calc(-4% \/ 2 );margin-right: calc(-4% \/ 2 );\"><div class=\"fusion-layout-column fusion_builder_column fusion-builder-column-0 fusion_builder_column_1_1 1_1 fusion-flex-column\" style=\"--awb-bg-size:cover;--awb-width-large:100%;--awb-margin-top-large:0px;--awb-spacing-right-large:1.92%;--awb-margin-bottom-large:20px;--awb-spacing-left-large:1.92%;--awb-width-medium:100%;--awb-order-medium:0;--awb-spacing-right-medium:1.92%;--awb-spacing-left-medium:1.92%;--awb-width-small:100%;--awb-order-small:0;--awb-spacing-right-small:1.92%;--awb-spacing-left-small:1.92%;\"><div class=\"fusion-column-wrapper fusion-column-has-shadow fusion-flex-justify-content-flex-start fusion-content-layout-column\"><div class=\"fusion-image-element \" style=\"--awb-caption-title-size:var(--h2_typography-font-size);--awb-caption-title-transform:var(--h2_typography-text-transform);--awb-caption-title-line-height:var(--h2_typography-line-height);--awb-caption-title-letter-spacing:var(--h2_typography-letter-spacing);\"><span class=\" fusion-imageframe imageframe-none imageframe-1 hover-type-none\"><img fetchpriority=\"high\" fetchpriority=\"high\" decoding=\"async\" width=\"2340\" height=\"600\" alt=\"Probefahrt\" title=\"probefahrt-neu\" src=\"https:\/\/guenther-gruppe.de\/nissan\/wp-content\/uploads\/sites\/6\/2021\/02\/probefahrt-neu.jpg\" class=\"img-responsive wp-image-1237188\" srcset=\"https:\/\/guenther-gruppe.de\/nissan\/wp-content\/uploads\/sites\/6\/2021\/02\/probefahrt-neu-200x51.jpg 200w, https:\/\/guenther-gruppe.de\/nissan\/wp-content\/uploads\/sites\/6\/2021\/02\/probefahrt-neu-400x103.jpg 400w, https:\/\/guenther-gruppe.de\/nissan\/wp-content\/uploads\/sites\/6\/2021\/02\/probefahrt-neu-600x154.jpg 600w, https:\/\/guenther-gruppe.de\/nissan\/wp-content\/uploads\/sites\/6\/2021\/02\/probefahrt-neu-800x205.jpg 800w, https:\/\/guenther-gruppe.de\/nissan\/wp-content\/uploads\/sites\/6\/2021\/02\/probefahrt-neu-1200x308.jpg 1200w, https:\/\/guenther-gruppe.de\/nissan\/wp-content\/uploads\/sites\/6\/2021\/02\/probefahrt-neu.jpg 2340w\" sizes=\"(max-width: 640px) 100vw, 2340px\" \/><\/span><\/div><\/div><\/div><\/div><\/div><div class=\"fusion-fullwidth fullwidth-box fusion-builder-row-2 fusion-flex-container nonhundred-percent-fullwidth non-hundred-percent-height-scrolling\" style=\"--awb-border-radius-top-left:0px;--awb-border-radius-top-right:0px;--awb-border-radius-bottom-right:0px;--awb-border-radius-bottom-left:0px;--awb-padding-right:8%;--awb-padding-left:8%;--awb-padding-top-small:0px;--awb-margin-top-small:0px;\" ><div class=\"fusion-builder-row fusion-row fusion-flex-align-items-flex-start\" style=\"max-width:1352px;margin-left: calc(-4% \/ 2 );margin-right: calc(-4% \/ 2 );\"><div class=\"fusion-layout-column fusion_builder_column fusion-builder-column-1 fusion_builder_column_1_1 1_1 fusion-flex-column\" style=\"--awb-bg-size:cover;--awb-width-large:100%;--awb-margin-top-large:0px;--awb-spacing-right-large:1.92%;--awb-margin-bottom-large:20px;--awb-spacing-left-large:1.92%;--awb-width-medium:100%;--awb-order-medium:0;--awb-spacing-right-medium:1.92%;--awb-spacing-left-medium:1.92%;--awb-width-small:100%;--awb-order-small:0;--awb-spacing-right-small:1.92%;--awb-margin-bottom-small:0px;--awb-spacing-left-small:1.92%;\"><div class=\"fusion-column-wrapper fusion-column-has-shadow fusion-flex-justify-content-flex-start fusion-content-layout-column\"><div class=\"fusion-separator\" style=\"align-self: flex-start;margin-right:auto;margin-top:10px;margin-bottom:2px;width:100%;max-width:5%;\"><div class=\"fusion-separator-border sep-single sep-solid\" style=\"--awb-height:20px;--awb-amount:20px;--awb-sep-color:#c3002f;border-color:#c3002f;border-top-width:3px;\"><\/div><\/div><div class=\"fusion-title title fusion-title-1 fusion-sep-none fusion-title-text fusion-title-size-one\"><h1 class=\"title-heading-left fusion-responsive-typography-calculated\" style=\"margin:0;--fontSize:54;line-height:1.16;\"><h2 class=\"elementor-heading-title elementor-size-default\">\u00dcberzeugen Sie sich selbst und machen Sie eine Probefahrt<\/h2><\/h1><\/div><\/div><\/div><\/div><\/div><div class=\"fusion-fullwidth fullwidth-box fusion-builder-row-3 fusion-flex-container nonhundred-percent-fullwidth non-hundred-percent-height-scrolling\" style=\"--awb-border-radius-top-left:0px;--awb-border-radius-top-right:0px;--awb-border-radius-bottom-right:0px;--awb-border-radius-bottom-left:0px;--awb-padding-right:8%;--awb-padding-left:8%;--awb-padding-top-small:0px;--awb-padding-right-small:0px;--awb-padding-bottom-small:0px;--awb-padding-left-small:0px;--awb-margin-top:0px;--awb-margin-bottom:0px;\" ><div class=\"fusion-builder-row fusion-row fusion-flex-align-items-flex-start\" style=\"max-width:1352px;margin-left: calc(-4% \/ 2 );margin-right: calc(-4% \/ 2 );\"><div class=\"fusion-layout-column fusion_builder_column fusion-builder-column-2 fusion_builder_column_3_4 3_4 fusion-flex-column\" style=\"--awb-padding-right:50px;--awb-padding-bottom:50px;--awb-padding-left:50px;--awb-bg-size:cover;--awb-width-large:75%;--awb-margin-top-large:0px;--awb-spacing-right-large:2.56%;--awb-margin-bottom-large:20px;--awb-spacing-left-large:2.56%;--awb-width-medium:75%;--awb-order-medium:0;--awb-spacing-right-medium:2.56%;--awb-spacing-left-medium:2.56%;--awb-width-small:100%;--awb-order-small:0;--awb-spacing-right-small:1.92%;--awb-spacing-left-small:1.92%;\"><div class=\"fusion-column-wrapper fusion-column-has-shadow fusion-flex-justify-content-flex-start fusion-content-layout-column\">\n<div class=\"wpcf7 no-js\" id=\"wpcf7-f1235505-o1\" lang=\"de-DE\" dir=\"ltr\" data-wpcf7-id=\"1235505\">\n<div class=\"screen-reader-response\"><p role=\"status\" aria-live=\"polite\" aria-atomic=\"true\"><\/p> <ul><\/ul><\/div>\n<form action=\"\/nissan\/wp-json\/wp\/v2\/pages\/6315#wpcf7-f1235505-o1\" method=\"post\" class=\"wpcf7-form init\" aria-label=\"Kontaktformular\" novalidate=\"novalidate\" data-status=\"init\">\n<fieldset class=\"hidden-fields-container\"><input type=\"hidden\" name=\"_wpcf7\" value=\"1235505\" \/><input type=\"hidden\" name=\"_wpcf7_version\" value=\"6.1.5\" \/><input type=\"hidden\" name=\"_wpcf7_locale\" value=\"de_DE\" \/><input type=\"hidden\" name=\"_wpcf7_unit_tag\" value=\"wpcf7-f1235505-o1\" \/><input type=\"hidden\" name=\"_wpcf7_container_post\" value=\"0\" \/><input type=\"hidden\" name=\"_wpcf7_posted_data_hash\" value=\"\" \/><input type=\"hidden\" name=\"_wpcf7dtx_version\" value=\"5.0.5\" \/><input type=\"hidden\" name=\"_wpcf7_recaptcha_response\" value=\"\" \/>\n<\/fieldset>\n<p><label> Ihr Name*<br \/>\n<span class=\"wpcf7-form-control-wrap\" data-name=\"your-name\"><input size=\"200\" maxlength=\"400\" class=\"wpcf7-form-control wpcf7-text wpcf7-validates-as-required\" aria-required=\"true\" aria-invalid=\"false\" value=\"\" type=\"text\" name=\"your-name\" \/><\/span> <\/label>\n<\/p>\n<p><label> Ihre E-Mail-Adresse*<br \/>\n<span class=\"wpcf7-form-control-wrap\" data-name=\"your-email\"><input size=\"200\" maxlength=\"400\" class=\"wpcf7-form-control wpcf7-email wpcf7-validates-as-required wpcf7-text wpcf7-validates-as-email\" aria-required=\"true\" aria-invalid=\"false\" value=\"\" type=\"email\" name=\"your-email\" \/><\/span> <\/label>\n<\/p>\n<p><label> Ihre Wunschfiliale (optional):<\/label><br \/>\n<span class=\"wpcf7-form-control-wrap\" data-name=\"filiale\"><select class=\"wpcf7-form-control wpcf7-select\" aria-invalid=\"false\" name=\"filiale\"><option value=\"\">&#8211; Bitte ausw\u00e4hlen &#8211;<\/option><option value=\"Hamburg Hamm\">Hamburg Hamm<\/option><option value=\"Hamburg Poppenb\u00fcttel\">Hamburg Poppenb\u00fcttel<\/option><option value=\"Hamburg Farmsen\">Hamburg Farmsen<\/option><option value=\"Hamburg Bergedorf\">Hamburg Bergedorf<\/option><option value=\"Ahrensburg\">Ahrensburg<\/option><\/select><\/span>\n<\/p>\n<p><label>Ihre Nachricht*:<\/label><br \/>\n<span class=\"wpcf7-form-control-wrap\" data-name=\"your-message\"><textarea cols=\"40\" rows=\"10\" maxlength=\"2000\" class=\"wpcf7-form-control wpcf7-textarea wpcf7-validates-as-required\" aria-required=\"true\" aria-invalid=\"false\" name=\"your-message\"><\/textarea><\/span>\n<\/p>\n<p>Durch das Absenden dieses Kontaktformulars \u00fcbermitteln Sie uns die aktuelle IP-Adresse Ihres Internetzugangs sowie die durch Sie eingegebenen Daten zur elektronischen Verarbeitung auf freiwilliger Basis. Die von Ihnen \u00fcbermittelten personenbezogenen Daten werden f\u00fcr die Bearbeitung der Anfrage oder der Kontaktaufnahme automatisch gespeichert. Es erfolgt keine Weitergabe dieser personenbezogenen Daten an Dritte.\n<\/p>\n<p><input class=\"wpcf7-form-control wpcf7-submit has-spinner\" type=\"submit\" value=\"Senden\" \/><br \/>\n<br \/>\n\t<font size=\"2\">*Pflichtangabe\n\t<\/font>\n<\/p><div class=\"fusion-alert alert custom alert-custom fusion-alert-center wpcf7-response-output alert-dismissable\" style=\"--awb-border-size:1px;\" role=\"alert\"><div class=\"fusion-alert-content-wrapper\"><span class=\"fusion-alert-content\"><\/span><\/div><button type=\"button\" class=\"close toggle-alert\" data-dismiss=\"alert\" aria-label=\"Close\">&times;<\/button><\/div>\n<\/form>\n<\/div>\n<\/div><\/div><div class=\"fusion-layout-column fusion_builder_column fusion-builder-column-3 fusion_builder_column_1_4 1_4 fusion-flex-column\" style=\"--awb-bg-size:cover;--awb-width-large:25%;--awb-margin-top-large:0px;--awb-spacing-right-large:7.68%;--awb-margin-bottom-large:20px;--awb-spacing-left-large:7.68%;--awb-width-medium:25%;--awb-order-medium:0;--awb-spacing-right-medium:7.68%;--awb-spacing-left-medium:7.68%;--awb-width-small:100%;--awb-order-small:0;--awb-spacing-right-small:1.92%;--awb-spacing-left-small:1.92%;\"><div class=\"fusion-column-wrapper fusion-column-has-shadow fusion-flex-justify-content-flex-start fusion-content-layout-column\"><\/div><\/div><\/div><\/div><\/p>\n","protected":false},"excerpt":{"rendered":"","protected":false},"author":2,"featured_media":0,"parent":0,"menu_order":0,"comment_status":"closed","ping_status":"closed","template":"100-width.php","meta":{"_acf_changed":false,"footnotes":""},"class_list":["post-6315","page","type-page","status-publish","hentry"],"acf":[],"yoast_head":"<!-- This site is optimized with the Yoast SEO plugin v26.5 - https:\/\/yoast.com\/wordpress\/plugins\/seo\/ -->\n<title>Nissan Probefahrt vereinbaren - Autohaus G\u00fcnther<\/title>\n<meta name=\"description\" content=\"M\u00f6chten sie Ihr Traumauto n\u00e4her kennenlernen und alle Funktionen ausprobieren? - Vereinbaren Sie jetzt einen Termin f\u00fcr eine Probefahrt!\" \/>\n<meta name=\"robots\" content=\"index, follow, max-snippet:-1, max-image-preview:large, max-video-preview:-1\" \/>\n<link rel=\"canonical\" href=\"https:\/\/guenther-gruppe.de\/nissan\/probefahrt\/\" \/>\n<meta property=\"og:locale\" content=\"de_DE\" \/>\n<meta property=\"og:type\" content=\"article\" \/>\n<meta property=\"og:title\" content=\"Nissan Probefahrt vereinbaren - Autohaus G\u00fcnther\" \/>\n<meta property=\"og:description\" content=\"M\u00f6chten sie Ihr Traumauto n\u00e4her kennenlernen und alle Funktionen ausprobieren? - Vereinbaren Sie jetzt einen Termin f\u00fcr eine Probefahrt!\" \/>\n<meta property=\"og:url\" content=\"https:\/\/guenther-gruppe.de\/nissan\/probefahrt\/\" \/>\n<meta property=\"og:site_name\" content=\"Autohaus G\u00fcnther GmbH - Hamburgs gr\u00f6\u00dfter Nissan Vertragsh\u00e4ndler\" \/>\n<meta property=\"article:modified_time\" content=\"2022-09-29T14:33:39+00:00\" \/>\n<meta name=\"twitter:card\" content=\"summary_large_image\" \/>\n<meta name=\"twitter:label1\" content=\"Gesch\u00e4tzte Lesezeit\" \/>\n\t<meta name=\"twitter:data1\" content=\"3\u00a0Minuten\" \/>\n<script type=\"application\/ld+json\" class=\"yoast-schema-graph\">{\"@context\":\"https:\/\/schema.org\",\"@graph\":[{\"@type\":\"WebPage\",\"@id\":\"https:\/\/guenther-gruppe.de\/nissan\/probefahrt\/\",\"url\":\"https:\/\/guenther-gruppe.de\/nissan\/probefahrt\/\",\"name\":\"Nissan Probefahrt vereinbaren - Autohaus G\u00fcnther\",\"isPartOf\":{\"@id\":\"https:\/\/guenther-gruppe.de\/nissan\/#website\"},\"datePublished\":\"2020-10-19T12:46:01+00:00\",\"dateModified\":\"2022-09-29T14:33:39+00:00\",\"description\":\"M\u00f6chten sie Ihr Traumauto n\u00e4her kennenlernen und alle Funktionen ausprobieren? - Vereinbaren Sie jetzt einen Termin f\u00fcr eine Probefahrt!\",\"breadcrumb\":{\"@id\":\"https:\/\/guenther-gruppe.de\/nissan\/probefahrt\/#breadcrumb\"},\"inLanguage\":\"de\",\"potentialAction\":[{\"@type\":\"ReadAction\",\"target\":[\"https:\/\/guenther-gruppe.de\/nissan\/probefahrt\/\"]}]},{\"@type\":\"BreadcrumbList\",\"@id\":\"https:\/\/guenther-gruppe.de\/nissan\/probefahrt\/#breadcrumb\",\"itemListElement\":[{\"@type\":\"ListItem\",\"position\":1,\"name\":\"Startseite\",\"item\":\"https:\/\/guenther-gruppe.de\/nissan\/\"},{\"@type\":\"ListItem\",\"position\":2,\"name\":\"Probefahrt\"}]},{\"@type\":\"WebSite\",\"@id\":\"https:\/\/guenther-gruppe.de\/nissan\/#website\",\"url\":\"https:\/\/guenther-gruppe.de\/nissan\/\",\"name\":\"Autohaus G\u00fcnther GmbH - Hamburgs gr\u00f6\u00dfter Nissan Vertragsh\u00e4ndler\",\"description\":\"Hamburgs gr\u00f6\u00dfter NISSAN H\u00e4ndler\",\"potentialAction\":[{\"@type\":\"SearchAction\",\"target\":{\"@type\":\"EntryPoint\",\"urlTemplate\":\"https:\/\/guenther-gruppe.de\/nissan\/?s={search_term_string}\"},\"query-input\":{\"@type\":\"PropertyValueSpecification\",\"valueRequired\":true,\"valueName\":\"search_term_string\"}}],\"inLanguage\":\"de\"}]}<\/script>\n<!-- \/ Yoast SEO plugin. -->","yoast_head_json":{"title":"Nissan Probefahrt vereinbaren - Autohaus G\u00fcnther","description":"M\u00f6chten sie Ihr Traumauto n\u00e4her kennenlernen und alle Funktionen ausprobieren? - Vereinbaren Sie jetzt einen Termin f\u00fcr eine Probefahrt!","robots":{"index":"index","follow":"follow","max-snippet":"max-snippet:-1","max-image-preview":"max-image-preview:large","max-video-preview":"max-video-preview:-1"},"canonical":"https:\/\/guenther-gruppe.de\/nissan\/probefahrt\/","og_locale":"de_DE","og_type":"article","og_title":"Nissan Probefahrt vereinbaren - Autohaus G\u00fcnther","og_description":"M\u00f6chten sie Ihr Traumauto n\u00e4her kennenlernen und alle Funktionen ausprobieren? - Vereinbaren Sie jetzt einen Termin f\u00fcr eine Probefahrt!","og_url":"https:\/\/guenther-gruppe.de\/nissan\/probefahrt\/","og_site_name":"Autohaus G\u00fcnther GmbH - Hamburgs gr\u00f6\u00dfter Nissan Vertragsh\u00e4ndler","article_modified_time":"2022-09-29T14:33:39+00:00","twitter_card":"summary_large_image","twitter_misc":{"Gesch\u00e4tzte Lesezeit":"3\u00a0Minuten"},"schema":{"@context":"https:\/\/schema.org","@graph":[{"@type":"WebPage","@id":"https:\/\/guenther-gruppe.de\/nissan\/probefahrt\/","url":"https:\/\/guenther-gruppe.de\/nissan\/probefahrt\/","name":"Nissan Probefahrt vereinbaren - Autohaus G\u00fcnther","isPartOf":{"@id":"https:\/\/guenther-gruppe.de\/nissan\/#website"},"datePublished":"2020-10-19T12:46:01+00:00","dateModified":"2022-09-29T14:33:39+00:00","description":"M\u00f6chten sie Ihr Traumauto n\u00e4her kennenlernen und alle Funktionen ausprobieren? - Vereinbaren Sie jetzt einen Termin f\u00fcr eine Probefahrt!","breadcrumb":{"@id":"https:\/\/guenther-gruppe.de\/nissan\/probefahrt\/#breadcrumb"},"inLanguage":"de","potentialAction":[{"@type":"ReadAction","target":["https:\/\/guenther-gruppe.de\/nissan\/probefahrt\/"]}]},{"@type":"BreadcrumbList","@id":"https:\/\/guenther-gruppe.de\/nissan\/probefahrt\/#breadcrumb","itemListElement":[{"@type":"ListItem","position":1,"name":"Startseite","item":"https:\/\/guenther-gruppe.de\/nissan\/"},{"@type":"ListItem","position":2,"name":"Probefahrt"}]},{"@type":"WebSite","@id":"https:\/\/guenther-gruppe.de\/nissan\/#website","url":"https:\/\/guenther-gruppe.de\/nissan\/","name":"Autohaus G\u00fcnther GmbH - Hamburgs gr\u00f6\u00dfter Nissan Vertragsh\u00e4ndler","description":"Hamburgs gr\u00f6\u00dfter NISSAN H\u00e4ndler","potentialAction":[{"@type":"SearchAction","target":{"@type":"EntryPoint","urlTemplate":"https:\/\/guenther-gruppe.de\/nissan\/?s={search_term_string}"},"query-input":{"@type":"PropertyValueSpecification","valueRequired":true,"valueName":"search_term_string"}}],"inLanguage":"de"}]}},"_links":{"self":[{"href":"https:\/\/guenther-gruppe.de\/nissan\/wp-json\/wp\/v2\/pages\/6315","targetHints":{"allow":["GET"]}}],"collection":[{"href":"https:\/\/guenther-gruppe.de\/nissan\/wp-json\/wp\/v2\/pages"}],"about":[{"href":"https:\/\/guenther-gruppe.de\/nissan\/wp-json\/wp\/v2\/types\/page"}],"author":[{"embeddable":true,"href":"https:\/\/guenther-gruppe.de\/nissan\/wp-json\/wp\/v2\/users\/2"}],"replies":[{"embeddable":true,"href":"https:\/\/guenther-gruppe.de\/nissan\/wp-json\/wp\/v2\/comments?post=6315"}],"version-history":[{"count":5,"href":"https:\/\/guenther-gruppe.de\/nissan\/wp-json\/wp\/v2\/pages\/6315\/revisions"}],"predecessor-version":[{"id":1237189,"href":"https:\/\/guenther-gruppe.de\/nissan\/wp-json\/wp\/v2\/pages\/6315\/revisions\/1237189"}],"wp:attachment":[{"href":"https:\/\/guenther-gruppe.de\/nissan\/wp-json\/wp\/v2\/media?parent=6315"}],"curies":[{"name":"wp","href":"https:\/\/api.w.org\/{rel}","templated":true}]}}