{"id":19854,"date":"2023-02-03T00:24:23","date_gmt":"2023-02-02T23:24:23","guid":{"rendered":"https:\/\/guenther-gruppe.de\/maseratizwei\/?page_id=19854"},"modified":"2024-02-28T15:38:25","modified_gmt":"2024-02-28T14:38:25","slug":"service-und-assistenz","status":"publish","type":"page","link":"https:\/\/guenther-gruppe.de\/maserati\/service-und-assistenz\/","title":{"rendered":"Service und Assistenz"},"content":{"rendered":"\t\t<div data-elementor-type=\"wp-page\" data-elementor-id=\"19854\" class=\"elementor elementor-19854\" data-elementor-post-type=\"page\">\n\t\t\t\t\t\t<section class=\"elementor-section elementor-top-section elementor-element elementor-element-14cfe34 elementor-section-content-middle elementor-section-full_width elementor-section-stretched elementor-section-height-default elementor-section-height-default\" data-id=\"14cfe34\" data-element_type=\"section\" data-settings=\"{&quot;background_background&quot;:&quot;classic&quot;,&quot;stretch_section&quot;:&quot;section-stretched&quot;}\">\n\t\t\t\t\t\t\t<div class=\"elementor-background-overlay\"><\/div>\n\t\t\t\t\t\t\t<div class=\"elementor-container elementor-column-gap-default\">\n\t\t\t\t\t<div class=\"elementor-column elementor-col-50 elementor-top-column elementor-element elementor-element-e6f1ac7\" data-id=\"e6f1ac7\" data-element_type=\"column\">\n\t\t\t<div class=\"elementor-widget-wrap elementor-element-populated\">\n\t\t\t\t\t\t<section class=\"elementor-section elementor-inner-section elementor-element elementor-element-3c79b92 elementor-section-boxed elementor-section-height-default elementor-section-height-default\" data-id=\"3c79b92\" data-element_type=\"section\">\n\t\t\t\t\t\t<div class=\"elementor-container elementor-column-gap-default\">\n\t\t\t\t\t<div class=\"elementor-column elementor-col-100 elementor-inner-column elementor-element elementor-element-4ea0a81\" data-id=\"4ea0a81\" data-element_type=\"column\">\n\t\t\t<div class=\"elementor-widget-wrap elementor-element-populated\">\n\t\t\t\t\t\t<div class=\"elementor-element elementor-element-30fa4df elementor-widget elementor-widget-heading\" data-id=\"30fa4df\" data-element_type=\"widget\" data-widget_type=\"heading.default\">\n\t\t\t\t<div class=\"elementor-widget-container\">\n\t\t\t\t\t<h1 class=\"elementor-heading-title elementor-size-default\">Service und Assistenz<\/h1>\t\t\t\t<\/div>\n\t\t\t\t<\/div>\n\t\t\t\t<div class=\"elementor-element elementor-element-d3fd47a elementor-widget elementor-widget-text-editor\" data-id=\"d3fd47a\" data-element_type=\"widget\" data-widget_type=\"text-editor.default\">\n\t\t\t\t<div class=\"elementor-widget-container\">\n\t\t\t\t\t\t\t\t\t<p>&#8212; Erweitern Sie Ihren Maserati mit Serviceoptionen, mit denen Sie sich auf die vor Ihnen liegende Stra\u00dfe konzentriefen k\u00f6nnen.<\/p>\t\t\t\t\t\t\t\t<\/div>\n\t\t\t\t<\/div>\n\t\t\t\t<div class=\"elementor-element elementor-element-4b4aee3 elementor-align-left elementor-widget elementor-widget-button\" data-id=\"4b4aee3\" data-element_type=\"widget\" data-widget_type=\"button.default\">\n\t\t\t\t<div class=\"elementor-widget-container\">\n\t\t\t\t\t\t\t\t\t<div class=\"elementor-button-wrapper\">\n\t\t\t\t\t<a class=\"elementor-button elementor-button-link elementor-size-sm\" href=\"\/maserati\/kontakt\/\" target=\"_blank\">\n\t\t\t\t\t\t<span class=\"elementor-button-content-wrapper\">\n\t\t\t\t\t\t<span class=\"elementor-button-icon\">\n\t\t\t\t<i aria-hidden=\"true\" class=\"fas fa-arrow-right\"><\/i>\t\t\t<\/span>\n\t\t\t\t\t\t\t\t\t<span class=\"elementor-button-text\">Jetzt Termin vereinbaren<\/span>\n\t\t\t\t\t<\/span>\n\t\t\t\t\t<\/a>\n\t\t\t\t<\/div>\n\t\t\t\t\t\t\t\t<\/div>\n\t\t\t\t<\/div>\n\t\t\t\t\t<\/div>\n\t\t<\/div>\n\t\t\t\t\t<\/div>\n\t\t<\/section>\n\t\t\t\t\t<\/div>\n\t\t<\/div>\n\t\t\t\t<div class=\"elementor-column elementor-col-50 elementor-top-column elementor-element elementor-element-a053b3a\" data-id=\"a053b3a\" data-element_type=\"column\">\n\t\t\t<div class=\"elementor-widget-wrap\">\n\t\t\t\t\t\t\t<\/div>\n\t\t<\/div>\n\t\t\t\t\t<\/div>\n\t\t<\/section>\n\t\t\t\t<section class=\"elementor-section elementor-top-section elementor-element elementor-element-889320f elementor-section-boxed elementor-section-height-default elementor-section-height-default\" data-id=\"889320f\" data-element_type=\"section\" data-settings=\"{&quot;background_background&quot;:&quot;classic&quot;}\">\n\t\t\t\t\t\t<div class=\"elementor-container elementor-column-gap-default\">\n\t\t\t\t\t<div class=\"elementor-column elementor-col-50 elementor-top-column elementor-element elementor-element-e48477d\" data-id=\"e48477d\" data-element_type=\"column\">\n\t\t\t<div class=\"elementor-widget-wrap elementor-element-populated\">\n\t\t\t\t\t\t<div class=\"elementor-element elementor-element-a599db6 elementor-widget elementor-widget-heading\" data-id=\"a599db6\" data-element_type=\"widget\" data-widget_type=\"heading.default\">\n\t\t\t\t<div class=\"elementor-widget-container\">\n\t\t\t\t\t<h2 class=\"elementor-heading-title elementor-size-default\">Wartungspakete<\/h2>\t\t\t\t<\/div>\n\t\t\t\t<\/div>\n\t\t\t\t<div class=\"elementor-element elementor-element-7602fb9 elementor-widget elementor-widget-text-editor\" data-id=\"7602fb9\" data-element_type=\"widget\" data-widget_type=\"text-editor.default\">\n\t\t\t\t<div class=\"elementor-widget-container\">\n\t\t\t\t\t\t\t\t\t<p>Regelm\u00e4\u00dfige Wartung ist der Schl\u00fcssel zu optimaler Leistung und Effizienz. Bei den Wartungspaketen sorgen Maserati Techniker daf\u00fcr, dass Ihr Fahrzeug stets optimal gepflegt ist.<\/p>\t\t\t\t\t\t\t\t<\/div>\n\t\t\t\t<\/div>\n\t\t\t\t<div class=\"elementor-element elementor-element-b195443 elementor-align-left elementor-widget elementor-widget-button\" data-id=\"b195443\" data-element_type=\"widget\" data-widget_type=\"button.default\">\n\t\t\t\t<div class=\"elementor-widget-container\">\n\t\t\t\t\t\t\t\t\t<div class=\"elementor-button-wrapper\">\n\t\t\t\t\t<a class=\"elementor-button elementor-button-link elementor-size-sm\" href=\"\/maserati\/service-und-assistenz\/wartung\" target=\"_blank\">\n\t\t\t\t\t\t<span class=\"elementor-button-content-wrapper\">\n\t\t\t\t\t\t<span class=\"elementor-button-icon\">\n\t\t\t\t<i aria-hidden=\"true\" class=\"fas fa-arrow-right\"><\/i>\t\t\t<\/span>\n\t\t\t\t\t\t\t\t\t<span class=\"elementor-button-text\">Mehr erfahren<\/span>\n\t\t\t\t\t<\/span>\n\t\t\t\t\t<\/a>\n\t\t\t\t<\/div>\n\t\t\t\t\t\t\t\t<\/div>\n\t\t\t\t<\/div>\n\t\t\t\t\t<\/div>\n\t\t<\/div>\n\t\t\t\t<div class=\"elementor-column elementor-col-50 elementor-top-column elementor-element elementor-element-de2a2fe\" data-id=\"de2a2fe\" data-element_type=\"column\" data-settings=\"{&quot;background_background&quot;:&quot;classic&quot;}\">\n\t\t\t<div class=\"elementor-widget-wrap elementor-element-populated\">\n\t\t\t\t\t<div class=\"elementor-background-overlay\"><\/div>\n\t\t\t\t\t\t<div class=\"elementor-element elementor-element-a7eae90 elementor-widget elementor-widget-image\" data-id=\"a7eae90\" data-element_type=\"widget\" data-widget_type=\"image.default\">\n\t\t\t\t<div class=\"elementor-widget-container\">\n\t\t\t\t\t\t\t\t\t\t\t\t\t\t\t<img decoding=\"async\" src=\"https:\/\/guenther-gruppe.de\/maserati\/wp-content\/uploads\/sites\/10\/2023\/02\/maintenance-hero_1920x1080-1.jpg\" class=\"attachment-full size-full wp-image-19864\" alt=\"maintenance-hero\" \/>\t\t\t\t\t\t\t\t\t\t\t\t\t\t\t<\/div>\n\t\t\t\t<\/div>\n\t\t\t\t\t<\/div>\n\t\t<\/div>\n\t\t\t\t\t<\/div>\n\t\t<\/section>\n\t\t\t\t<section class=\"elementor-section elementor-top-section elementor-element elementor-element-dce714e elementor-section-boxed elementor-section-height-default elementor-section-height-default\" data-id=\"dce714e\" data-element_type=\"section\" data-settings=\"{&quot;background_background&quot;:&quot;classic&quot;}\">\n\t\t\t\t\t\t<div class=\"elementor-container elementor-column-gap-default\">\n\t\t\t\t\t<div class=\"elementor-column elementor-col-50 elementor-top-column elementor-element elementor-element-cabb7de\" data-id=\"cabb7de\" data-element_type=\"column\" data-settings=\"{&quot;background_background&quot;:&quot;classic&quot;}\">\n\t\t\t<div class=\"elementor-widget-wrap elementor-element-populated\">\n\t\t\t\t\t<div class=\"elementor-background-overlay\"><\/div>\n\t\t\t\t\t\t<div class=\"elementor-element elementor-element-8441e4c elementor-widget elementor-widget-image\" data-id=\"8441e4c\" data-element_type=\"widget\" data-widget_type=\"image.default\">\n\t\t\t\t<div class=\"elementor-widget-container\">\n\t\t\t\t\t\t\t\t\t\t\t\t\t\t\t<img decoding=\"async\" src=\"https:\/\/guenther-gruppe.de\/maserati\/wp-content\/uploads\/sites\/10\/2023\/02\/roadsideassistance-hero_2560x1440-min.jpg\" class=\"attachment-full size-full wp-image-19858\" alt=\"roadsideassistance-hero\" \/>\t\t\t\t\t\t\t\t\t\t\t\t\t\t\t<\/div>\n\t\t\t\t<\/div>\n\t\t\t\t\t<\/div>\n\t\t<\/div>\n\t\t\t\t<div class=\"elementor-column elementor-col-50 elementor-top-column elementor-element elementor-element-cd33ae0\" data-id=\"cd33ae0\" data-element_type=\"column\">\n\t\t\t<div class=\"elementor-widget-wrap elementor-element-populated\">\n\t\t\t\t\t\t<div class=\"elementor-element elementor-element-f03e3c5 elementor-widget elementor-widget-heading\" data-id=\"f03e3c5\" data-element_type=\"widget\" data-widget_type=\"heading.default\">\n\t\t\t\t<div class=\"elementor-widget-container\">\n\t\t\t\t\t<h2 class=\"elementor-heading-title elementor-size-default\">Roadside Assistance<\/h2>\t\t\t\t<\/div>\n\t\t\t\t<\/div>\n\t\t\t\t<div class=\"elementor-element elementor-element-1f357e9 elementor-widget elementor-widget-text-editor\" data-id=\"1f357e9\" data-element_type=\"widget\" data-widget_type=\"text-editor.default\">\n\t\t\t\t<div class=\"elementor-widget-container\">\n\t\t\t\t\t\t\t\t\t<p>Die Maserati Roadside Assistance bietet ein exklusives Angebot an Dienstleistungen und Vorteilen f\u00fcr einen Zeitraum von 12, 24 oder 36 Monaten \u2013 abh\u00e4ngig vom Land und den geltenden Garantiebedingungen.<\/p>\t\t\t\t\t\t\t\t<\/div>\n\t\t\t\t<\/div>\n\t\t\t\t\t<\/div>\n\t\t<\/div>\n\t\t\t\t\t<\/div>\n\t\t<\/section>\n\t\t\t\t<section class=\"elementor-section elementor-top-section elementor-element elementor-element-0485e0b elementor-section-boxed elementor-section-height-default elementor-section-height-default\" data-id=\"0485e0b\" data-element_type=\"section\" data-settings=\"{&quot;background_background&quot;:&quot;classic&quot;}\">\n\t\t\t\t\t\t<div class=\"elementor-container elementor-column-gap-default\">\n\t\t\t\t\t<div class=\"elementor-column elementor-col-100 elementor-top-column elementor-element elementor-element-7b3bf86\" data-id=\"7b3bf86\" data-element_type=\"column\">\n\t\t\t<div class=\"elementor-widget-wrap elementor-element-populated\">\n\t\t\t\t\t\t<div class=\"elementor-element elementor-element-982d782 elementor-widget elementor-widget-heading\" data-id=\"982d782\" data-element_type=\"widget\" data-widget_type=\"heading.default\">\n\t\t\t\t<div class=\"elementor-widget-container\">\n\t\t\t\t\t<h3 class=\"elementor-heading-title elementor-size-default\"> MASERATI CONNECT KUNDENLEITFADEN <\/h3>\t\t\t\t<\/div>\n\t\t\t\t<\/div>\n\t\t\t\t<div class=\"elementor-element elementor-element-0093547 elementor-widget elementor-widget-text-editor\" data-id=\"0093547\" data-element_type=\"widget\" data-widget_type=\"text-editor.default\">\n\t\t\t\t<div class=\"elementor-widget-container\">\n\t\t\t\t\t\t\t\t\t<p>Klicken Sie hier, um den Kundenleitfaden herunterzuladen<\/p>\t\t\t\t\t\t\t\t<\/div>\n\t\t\t\t<\/div>\n\t\t\t\t\t<\/div>\n\t\t<\/div>\n\t\t\t\t\t<\/div>\n\t\t<\/section>\n\t\t\t\t<section class=\"elementor-section elementor-top-section elementor-element elementor-element-b364c50 elementor-section-boxed elementor-section-height-default elementor-section-height-default\" data-id=\"b364c50\" data-element_type=\"section\" data-settings=\"{&quot;background_background&quot;:&quot;classic&quot;}\">\n\t\t\t\t\t\t<div class=\"elementor-container elementor-column-gap-default\">\n\t\t\t\t\t<div class=\"elementor-column elementor-col-100 elementor-top-column elementor-element elementor-element-5afcd1a\" data-id=\"5afcd1a\" data-element_type=\"column\">\n\t\t\t<div class=\"elementor-widget-wrap elementor-element-populated\">\n\t\t\t\t\t\t<div class=\"elementor-element elementor-element-5c37977 elementor-align-center elementor-widget elementor-widget-button\" data-id=\"5c37977\" data-element_type=\"widget\" data-widget_type=\"button.default\">\n\t\t\t\t<div class=\"elementor-widget-container\">\n\t\t\t\t\t\t\t\t\t<div class=\"elementor-button-wrapper\">\n\t\t\t\t\t<a class=\"elementor-button elementor-button-link elementor-size-sm\" href=\"https:\/\/www.maserati.com\/content\/dam\/maserati\/international\/catalogues\/de\/Maserati_Connect_Customer_Guide_DE.pdf\" target=\"_blank\">\n\t\t\t\t\t\t<span class=\"elementor-button-content-wrapper\">\n\t\t\t\t\t\t<span class=\"elementor-button-icon\">\n\t\t\t\t<i aria-hidden=\"true\" class=\"fas fa-arrow-right\"><\/i>\t\t\t<\/span>\n\t\t\t\t\t\t\t\t\t<span class=\"elementor-button-text\">Kundenleitfaden<\/span>\n\t\t\t\t\t<\/span>\n\t\t\t\t\t<\/a>\n\t\t\t\t<\/div>\n\t\t\t\t\t\t\t\t<\/div>\n\t\t\t\t<\/div>\n\t\t\t\t\t<\/div>\n\t\t<\/div>\n\t\t\t\t\t<\/div>\n\t\t<\/section>\n\t\t\t\t<\/div>\n\t\t","protected":false},"excerpt":{"rendered":"<p>Service und Assistenz &#8212; Erweitern Sie Ihren Maserati mit Serviceoptionen, mit denen Sie sich auf die vor Ihnen liegende Stra\u00dfe konzentriefen k\u00f6nnen. Jetzt Termin vereinbaren Wartungspakete Regelm\u00e4\u00dfige Wartung ist der Schl\u00fcssel zu optimaler Leistung und Effizienz. Bei den Wartungspaketen sorgen Maserati Techniker daf\u00fcr, dass Ihr Fahrzeug stets optimal gepflegt ist. Mehr erfahren Roadside Assistance Die [&hellip;]<\/p>\n","protected":false},"author":10,"featured_media":0,"parent":0,"menu_order":0,"comment_status":"closed","ping_status":"closed","template":"","meta":{"_acf_changed":false,"site-sidebar-layout":"no-sidebar","site-content-layout":"page-builder","ast-site-content-layout":"default","site-content-style":"default","site-sidebar-style":"default","ast-global-header-display":"","ast-banner-title-visibility":"","ast-main-header-display":"","ast-hfb-above-header-display":"","ast-hfb-below-header-display":"","ast-hfb-mobile-header-display":"","site-post-title":"disabled","ast-breadcrumbs-content":"","ast-featured-img":"disabled","footer-sml-layout":"","theme-transparent-header-meta":"enabled","adv-header-id-meta":"","stick-header-meta":"","header-above-stick-meta":"","header-main-stick-meta":"","header-below-stick-meta":"","astra-migrate-meta-layouts":"default","ast-page-background-enabled":"default","ast-page-background-meta":{"desktop":{"background-color":"","background-image":"","background-repeat":"repeat","background-position":"center center","background-size":"auto","background-attachment":"scroll","background-type":"","background-media":"","overlay-type":"","overlay-color":"","overlay-opacity":"","overlay-gradient":""},"tablet":{"background-color":"","background-image":"","background-repeat":"repeat","background-position":"center center","background-size":"auto","background-attachment":"scroll","background-type":"","background-media":"","overlay-type":"","overlay-color":"","overlay-opacity":"","overlay-gradient":""},"mobile":{"background-color":"","background-image":"","background-repeat":"repeat","background-position":"center center","background-size":"auto","background-attachment":"scroll","background-type":"","background-media":"","overlay-type":"","overlay-color":"","overlay-opacity":"","overlay-gradient":""}},"ast-content-background-meta":{"desktop":{"background-color":"var(--ast-global-color-5)","background-image":"","background-repeat":"repeat","background-position":"center center","background-size":"auto","background-attachment":"scroll","background-type":"","background-media":"","overlay-type":"","overlay-color":"","overlay-opacity":"","overlay-gradient":""},"tablet":{"background-color":"var(--ast-global-color-5)","background-image":"","background-repeat":"repeat","background-position":"center center","background-size":"auto","background-attachment":"scroll","background-type":"","background-media":"","overlay-type":"","overlay-color":"","overlay-opacity":"","overlay-gradient":""},"mobile":{"background-color":"var(--ast-global-color-5)","background-image":"","background-repeat":"repeat","background-position":"center center","background-size":"auto","background-attachment":"scroll","background-type":"","background-media":"","overlay-type":"","overlay-color":"","overlay-opacity":"","overlay-gradient":""}},"footnotes":""},"class_list":["post-19854","page","type-page","status-publish","hentry"],"acf":[],"yoast_head":"<!-- This site is optimized with the Yoast SEO plugin v26.5 - https:\/\/yoast.com\/wordpress\/plugins\/seo\/ -->\n<title>Maserati Wartung - Autohaus G\u00fcnther GmbH<\/title>\n<meta name=\"description\" content=\"Erkundigen Sie sich nach unseren Wartungsprogrammen und lehnen Sie sich entspannt zur\u00fcck, wenn es um Ihren Maserati geht.\" \/>\n<meta name=\"robots\" content=\"index, follow, max-snippet:-1, max-image-preview:large, max-video-preview:-1\" \/>\n<link rel=\"canonical\" href=\"https:\/\/guenther-gruppe.de\/maserati\/service-und-assistenz\/\" \/>\n<meta property=\"og:locale\" content=\"de_DE\" \/>\n<meta property=\"og:type\" content=\"article\" \/>\n<meta property=\"og:title\" content=\"Maserati Wartung - Autohaus G\u00fcnther GmbH\" \/>\n<meta property=\"og:description\" content=\"Erkundigen Sie sich nach unseren Wartungsprogrammen und lehnen Sie sich entspannt zur\u00fcck, wenn es um Ihren Maserati geht.\" \/>\n<meta property=\"og:url\" content=\"https:\/\/guenther-gruppe.de\/maserati\/service-und-assistenz\/\" \/>\n<meta property=\"og:site_name\" content=\"Autohaus G\u00fcnther GmbH - Maserati Vertragsh\u00e4ndler\" \/>\n<meta property=\"article:modified_time\" content=\"2024-02-28T14:38:25+00:00\" \/>\n<meta property=\"og:image\" content=\"https:\/\/guenther-gruppe.de\/maserati\/wp-content\/uploads\/sites\/10\/2023\/02\/maintenance-hero_1920x1080-1.jpg\" \/>\n<meta name=\"twitter:card\" content=\"summary_large_image\" \/>\n<meta name=\"twitter:label1\" content=\"Gesch\u00e4tzte Lesezeit\" \/>\n\t<meta name=\"twitter:data1\" content=\"1\u00a0Minute\" \/>\n<script type=\"application\/ld+json\" class=\"yoast-schema-graph\">{\"@context\":\"https:\/\/schema.org\",\"@graph\":[{\"@type\":\"WebPage\",\"@id\":\"https:\/\/guenther-gruppe.de\/maserati\/service-und-assistenz\/\",\"url\":\"https:\/\/guenther-gruppe.de\/maserati\/service-und-assistenz\/\",\"name\":\"Maserati Wartung - Autohaus G\u00fcnther GmbH\",\"isPartOf\":{\"@id\":\"https:\/\/guenther-gruppe.de\/maserati\/#website\"},\"primaryImageOfPage\":{\"@id\":\"https:\/\/guenther-gruppe.de\/maserati\/service-und-assistenz\/#primaryimage\"},\"image\":{\"@id\":\"https:\/\/guenther-gruppe.de\/maserati\/service-und-assistenz\/#primaryimage\"},\"thumbnailUrl\":\"https:\/\/guenther-gruppe.de\/maserati\/wp-content\/uploads\/sites\/10\/2023\/02\/maintenance-hero_1920x1080-1.jpg\",\"datePublished\":\"2023-02-02T23:24:23+00:00\",\"dateModified\":\"2024-02-28T14:38:25+00:00\",\"description\":\"Erkundigen Sie sich nach unseren Wartungsprogrammen und lehnen Sie sich entspannt zur\u00fcck, wenn es um Ihren Maserati geht.\",\"breadcrumb\":{\"@id\":\"https:\/\/guenther-gruppe.de\/maserati\/service-und-assistenz\/#breadcrumb\"},\"inLanguage\":\"de\",\"potentialAction\":[{\"@type\":\"ReadAction\",\"target\":[\"https:\/\/guenther-gruppe.de\/maserati\/service-und-assistenz\/\"]}]},{\"@type\":\"ImageObject\",\"inLanguage\":\"de\",\"@id\":\"https:\/\/guenther-gruppe.de\/maserati\/service-und-assistenz\/#primaryimage\",\"url\":\"https:\/\/guenther-gruppe.de\/maserati\/wp-content\/uploads\/sites\/10\/2023\/02\/maintenance-hero_1920x1080-1.jpg\",\"contentUrl\":\"https:\/\/guenther-gruppe.de\/maserati\/wp-content\/uploads\/sites\/10\/2023\/02\/maintenance-hero_1920x1080-1.jpg\",\"caption\":\"maintenance-hero\"},{\"@type\":\"BreadcrumbList\",\"@id\":\"https:\/\/guenther-gruppe.de\/maserati\/service-und-assistenz\/#breadcrumb\",\"itemListElement\":[{\"@type\":\"ListItem\",\"position\":1,\"name\":\"Startseite\",\"item\":\"https:\/\/guenther-gruppe.de\/maserati\/\"},{\"@type\":\"ListItem\",\"position\":2,\"name\":\"Service und Assistenz\"}]},{\"@type\":\"WebSite\",\"@id\":\"https:\/\/guenther-gruppe.de\/maserati\/#website\",\"url\":\"https:\/\/guenther-gruppe.de\/maserati\/\",\"name\":\"Autohaus G\u00fcnther GmbH - Maserati Vertragsh\u00e4ndler\",\"description\":\"offizieller Maserati Vertragsh\u00e4ndler in Hamburg Berlin und Frankfurt\",\"potentialAction\":[{\"@type\":\"SearchAction\",\"target\":{\"@type\":\"EntryPoint\",\"urlTemplate\":\"https:\/\/guenther-gruppe.de\/maserati\/?s={search_term_string}\"},\"query-input\":{\"@type\":\"PropertyValueSpecification\",\"valueRequired\":true,\"valueName\":\"search_term_string\"}}],\"inLanguage\":\"de\"}]}<\/script>\n<!-- \/ Yoast SEO plugin. -->","yoast_head_json":{"title":"Maserati Wartung - Autohaus G\u00fcnther GmbH","description":"Erkundigen Sie sich nach unseren Wartungsprogrammen und lehnen Sie sich entspannt zur\u00fcck, wenn es um Ihren Maserati geht.","robots":{"index":"index","follow":"follow","max-snippet":"max-snippet:-1","max-image-preview":"max-image-preview:large","max-video-preview":"max-video-preview:-1"},"canonical":"https:\/\/guenther-gruppe.de\/maserati\/service-und-assistenz\/","og_locale":"de_DE","og_type":"article","og_title":"Maserati Wartung - Autohaus G\u00fcnther GmbH","og_description":"Erkundigen Sie sich nach unseren Wartungsprogrammen und lehnen Sie sich entspannt zur\u00fcck, wenn es um Ihren Maserati geht.","og_url":"https:\/\/guenther-gruppe.de\/maserati\/service-und-assistenz\/","og_site_name":"Autohaus G\u00fcnther GmbH - Maserati Vertragsh\u00e4ndler","article_modified_time":"2024-02-28T14:38:25+00:00","og_image":[{"url":"https:\/\/guenther-gruppe.de\/maserati\/wp-content\/uploads\/sites\/10\/2023\/02\/maintenance-hero_1920x1080-1.jpg","type":"","width":"","height":""}],"twitter_card":"summary_large_image","twitter_misc":{"Gesch\u00e4tzte Lesezeit":"1\u00a0Minute"},"schema":{"@context":"https:\/\/schema.org","@graph":[{"@type":"WebPage","@id":"https:\/\/guenther-gruppe.de\/maserati\/service-und-assistenz\/","url":"https:\/\/guenther-gruppe.de\/maserati\/service-und-assistenz\/","name":"Maserati Wartung - Autohaus G\u00fcnther GmbH","isPartOf":{"@id":"https:\/\/guenther-gruppe.de\/maserati\/#website"},"primaryImageOfPage":{"@id":"https:\/\/guenther-gruppe.de\/maserati\/service-und-assistenz\/#primaryimage"},"image":{"@id":"https:\/\/guenther-gruppe.de\/maserati\/service-und-assistenz\/#primaryimage"},"thumbnailUrl":"https:\/\/guenther-gruppe.de\/maserati\/wp-content\/uploads\/sites\/10\/2023\/02\/maintenance-hero_1920x1080-1.jpg","datePublished":"2023-02-02T23:24:23+00:00","dateModified":"2024-02-28T14:38:25+00:00","description":"Erkundigen Sie sich nach unseren Wartungsprogrammen und lehnen Sie sich entspannt zur\u00fcck, wenn es um Ihren Maserati geht.","breadcrumb":{"@id":"https:\/\/guenther-gruppe.de\/maserati\/service-und-assistenz\/#breadcrumb"},"inLanguage":"de","potentialAction":[{"@type":"ReadAction","target":["https:\/\/guenther-gruppe.de\/maserati\/service-und-assistenz\/"]}]},{"@type":"ImageObject","inLanguage":"de","@id":"https:\/\/guenther-gruppe.de\/maserati\/service-und-assistenz\/#primaryimage","url":"https:\/\/guenther-gruppe.de\/maserati\/wp-content\/uploads\/sites\/10\/2023\/02\/maintenance-hero_1920x1080-1.jpg","contentUrl":"https:\/\/guenther-gruppe.de\/maserati\/wp-content\/uploads\/sites\/10\/2023\/02\/maintenance-hero_1920x1080-1.jpg","caption":"maintenance-hero"},{"@type":"BreadcrumbList","@id":"https:\/\/guenther-gruppe.de\/maserati\/service-und-assistenz\/#breadcrumb","itemListElement":[{"@type":"ListItem","position":1,"name":"Startseite","item":"https:\/\/guenther-gruppe.de\/maserati\/"},{"@type":"ListItem","position":2,"name":"Service und Assistenz"}]},{"@type":"WebSite","@id":"https:\/\/guenther-gruppe.de\/maserati\/#website","url":"https:\/\/guenther-gruppe.de\/maserati\/","name":"Autohaus G\u00fcnther GmbH - Maserati Vertragsh\u00e4ndler","description":"offizieller Maserati Vertragsh\u00e4ndler in Hamburg Berlin und Frankfurt","potentialAction":[{"@type":"SearchAction","target":{"@type":"EntryPoint","urlTemplate":"https:\/\/guenther-gruppe.de\/maserati\/?s={search_term_string}"},"query-input":{"@type":"PropertyValueSpecification","valueRequired":true,"valueName":"search_term_string"}}],"inLanguage":"de"}]}},"_links":{"self":[{"href":"https:\/\/guenther-gruppe.de\/maserati\/wp-json\/wp\/v2\/pages\/19854","targetHints":{"allow":["GET"]}}],"collection":[{"href":"https:\/\/guenther-gruppe.de\/maserati\/wp-json\/wp\/v2\/pages"}],"about":[{"href":"https:\/\/guenther-gruppe.de\/maserati\/wp-json\/wp\/v2\/types\/page"}],"author":[{"embeddable":true,"href":"https:\/\/guenther-gruppe.de\/maserati\/wp-json\/wp\/v2\/users\/10"}],"replies":[{"embeddable":true,"href":"https:\/\/guenther-gruppe.de\/maserati\/wp-json\/wp\/v2\/comments?post=19854"}],"version-history":[{"count":4,"href":"https:\/\/guenther-gruppe.de\/maserati\/wp-json\/wp\/v2\/pages\/19854\/revisions"}],"predecessor-version":[{"id":33017,"href":"https:\/\/guenther-gruppe.de\/maserati\/wp-json\/wp\/v2\/pages\/19854\/revisions\/33017"}],"wp:attachment":[{"href":"https:\/\/guenther-gruppe.de\/maserati\/wp-json\/wp\/v2\/media?parent=19854"}],"curies":[{"name":"wp","href":"https:\/\/api.w.org\/{rel}","templated":true}]}}