{"id":19789,"date":"2023-02-02T16:46:37","date_gmt":"2023-02-02T15:46:37","guid":{"rendered":"https:\/\/guenther-gruppe.de\/maseratizwei\/?page_id=19789"},"modified":"2023-06-09T10:18:09","modified_gmt":"2023-06-09T08:18:09","slug":"kontakt","status":"publish","type":"page","link":"https:\/\/guenther-gruppe.de\/maserati\/kontakt\/","title":{"rendered":"Kontakt"},"content":{"rendered":"\t\t<div data-elementor-type=\"wp-page\" data-elementor-id=\"19789\" class=\"elementor elementor-19789\" data-elementor-post-type=\"page\">\n\t\t\t\t\t\t<section class=\"elementor-section elementor-top-section elementor-element elementor-element-14cfe34 elementor-section-content-middle elementor-section-full_width elementor-section-stretched elementor-section-height-default elementor-section-height-default\" data-id=\"14cfe34\" data-element_type=\"section\" data-settings=\"{&quot;background_background&quot;:&quot;classic&quot;,&quot;stretch_section&quot;:&quot;section-stretched&quot;}\">\n\t\t\t\t\t\t\t<div class=\"elementor-background-overlay\"><\/div>\n\t\t\t\t\t\t\t<div class=\"elementor-container elementor-column-gap-default\">\n\t\t\t\t\t<div class=\"elementor-column elementor-col-50 elementor-top-column elementor-element elementor-element-e6f1ac7\" data-id=\"e6f1ac7\" data-element_type=\"column\">\n\t\t\t<div class=\"elementor-widget-wrap elementor-element-populated\">\n\t\t\t\t\t\t<section class=\"elementor-section elementor-inner-section elementor-element elementor-element-3c79b92 elementor-section-boxed elementor-section-height-default elementor-section-height-default\" data-id=\"3c79b92\" data-element_type=\"section\">\n\t\t\t\t\t\t<div class=\"elementor-container elementor-column-gap-default\">\n\t\t\t\t\t<div class=\"elementor-column elementor-col-100 elementor-inner-column elementor-element elementor-element-4ea0a81\" data-id=\"4ea0a81\" data-element_type=\"column\">\n\t\t\t<div class=\"elementor-widget-wrap elementor-element-populated\">\n\t\t\t\t\t\t<div class=\"elementor-element elementor-element-30fa4df elementor-widget elementor-widget-heading\" data-id=\"30fa4df\" data-element_type=\"widget\" data-widget_type=\"heading.default\">\n\t\t\t\t<div class=\"elementor-widget-container\">\n\t\t\t\t\t<h1 class=\"elementor-heading-title elementor-size-default\">Bleiben Sie in Kontakt<\/h1>\t\t\t\t<\/div>\n\t\t\t\t<\/div>\n\t\t\t\t\t<\/div>\n\t\t<\/div>\n\t\t\t\t\t<\/div>\n\t\t<\/section>\n\t\t\t\t\t<\/div>\n\t\t<\/div>\n\t\t\t\t<div class=\"elementor-column elementor-col-50 elementor-top-column elementor-element elementor-element-a053b3a\" data-id=\"a053b3a\" data-element_type=\"column\">\n\t\t\t<div class=\"elementor-widget-wrap\">\n\t\t\t\t\t\t\t<\/div>\n\t\t<\/div>\n\t\t\t\t\t<\/div>\n\t\t<\/section>\n\t\t\t\t<section class=\"elementor-section elementor-top-section elementor-element elementor-element-87512c5 elementor-section-full_width elementor-section-height-default elementor-section-height-default\" data-id=\"87512c5\" data-element_type=\"section\" data-settings=\"{&quot;background_background&quot;:&quot;classic&quot;}\">\n\t\t\t\t\t\t<div class=\"elementor-container elementor-column-gap-default\">\n\t\t\t\t\t<div class=\"elementor-column elementor-col-50 elementor-top-column elementor-element elementor-element-f890b8a\" data-id=\"f890b8a\" data-element_type=\"column\" data-settings=\"{&quot;background_background&quot;:&quot;classic&quot;}\">\n\t\t\t<div class=\"elementor-widget-wrap elementor-element-populated\">\n\t\t\t\t\t\t<div class=\"elementor-element elementor-element-59bc34f elementor-widget elementor-widget-heading\" data-id=\"59bc34f\" data-element_type=\"widget\" data-widget_type=\"heading.default\">\n\t\t\t\t<div class=\"elementor-widget-container\">\n\t\t\t\t\t<h2 class=\"elementor-heading-title elementor-size-default\">Kontakt-<br>formular<\/h2>\t\t\t\t<\/div>\n\t\t\t\t<\/div>\n\t\t\t\t\t<\/div>\n\t\t<\/div>\n\t\t\t\t<div class=\"elementor-column elementor-col-50 elementor-top-column elementor-element elementor-element-53088df\" data-id=\"53088df\" data-element_type=\"column\" data-settings=\"{&quot;background_background&quot;:&quot;classic&quot;}\">\n\t\t\t<div class=\"elementor-widget-wrap elementor-element-populated\">\n\t\t\t\t\t\t<div class=\"elementor-element elementor-element-721208c eael-wpforms-labels-yes eael-wpforms-form-button-custom elementor-widget elementor-widget-eael-wpforms\" data-id=\"721208c\" data-element_type=\"widget\" data-widget_type=\"eael-wpforms.default\">\n\t\t\t\t<div class=\"elementor-widget-container\">\n\t\t\t\t\t            <div class=\"eael-contact-form eael-wpforms eael-wpforms-align-default\">\n                                <div class=\"wpforms-container \" id=\"wpforms-326\"><form id=\"wpforms-form-326\" class=\"wpforms-validate wpforms-form\" data-formid=\"326\" method=\"post\" enctype=\"multipart\/form-data\" action=\"\/maserati\/wp-json\/wp\/v2\/pages\/19789\" data-token=\"2cce48b59df40c58ada9187eb7c79339\" data-token-time=\"1777537291\"><div class=\"wpforms-head-container\"><div class=\"wpforms-title\">IHRE PERS\u00d6NLICHEN ANGABEN<\/div><\/div><noscript class=\"wpforms-error-noscript\">Bitte aktiviere JavaScript in deinem Browser, um dieses Formular fertigzustellen.<\/noscript><div class=\"wpforms-field-container\"><div id=\"wpforms-326-field_0-container\" class=\"wpforms-field wpforms-field-name\" data-field-id=\"0\"><label class=\"wpforms-field-label\">Name <span class=\"wpforms-required-label\">*<\/span><\/label><div class=\"wpforms-field-row wpforms-field-small\"><div class=\"wpforms-field-row-block wpforms-first wpforms-one-half\"><input type=\"text\" id=\"wpforms-326-field_0\" class=\"wpforms-field-name-first wpforms-field-required\" name=\"wpforms[fields][0][first]\" required><label for=\"wpforms-326-field_0\" class=\"wpforms-field-sublabel after\">Vorname<\/label><\/div><div class=\"wpforms-field-row-block wpforms-one-half\"><input type=\"text\" id=\"wpforms-326-field_0-last\" class=\"wpforms-field-name-last wpforms-field-required\" name=\"wpforms[fields][0][last]\" required><label for=\"wpforms-326-field_0-last\" class=\"wpforms-field-sublabel after\">Nachname<\/label><\/div><\/div><\/div><div id=\"wpforms-326-field_1-container\" class=\"wpforms-field wpforms-field-email\" data-field-id=\"1\"><label class=\"wpforms-field-label\" for=\"wpforms-326-field_1\">E-Mail <span class=\"wpforms-required-label\">*<\/span><\/label><input type=\"email\" id=\"wpforms-326-field_1\" class=\"wpforms-field-small wpforms-field-required\" name=\"wpforms[fields][1]\" spellcheck=\"false\" required><\/div><div id=\"wpforms-326-field_4-container\" class=\"wpforms-field wpforms-field-number\" data-field-id=\"4\"><label class=\"wpforms-field-label\" for=\"wpforms-326-field_4\">Telefon<\/label><input type=\"number\" id=\"wpforms-326-field_4\" class=\"wpforms-field-small\" name=\"wpforms[fields][4]\" step=\"any\" ><\/div><div id=\"wpforms-326-field_10-container\" class=\"wpforms-field wpforms-field-select wpforms-field-select-style-classic\" data-field-id=\"10\"><label class=\"wpforms-field-label\" for=\"wpforms-326-field_10\">Ihre Wunschfiliale<\/label><select id=\"wpforms-326-field_10\" class=\"wpforms-field-small\" name=\"wpforms[fields][10]\"><option value=\"Maserati Hamburg\"  class=\"choice-1 depth-1\"  >Maserati Hamburg<\/option><option value=\"Maserati Berlin\"  class=\"choice-2 depth-1\"  >Maserati Berlin<\/option><option value=\"Maserati Frankfurt\"  class=\"choice-3 depth-1\"  >Maserati Frankfurt<\/option><\/select><\/div><div id=\"wpforms-326-field_7-container\" class=\"wpforms-field wpforms-field-textarea\" data-field-id=\"7\"><label class=\"wpforms-field-label\" for=\"wpforms-326-field_7\">Ihr Wunschfahrzeug (optional)<\/label><textarea id=\"wpforms-326-field_7\" class=\"wpforms-field-small\" name=\"wpforms[fields][7]\" ><\/textarea><\/div><div id=\"wpforms-326-field_2-container\" class=\"wpforms-field wpforms-field-textarea\" data-field-id=\"2\"><label class=\"wpforms-field-label\" for=\"wpforms-326-field_2\">Ihre Nachricht <span class=\"wpforms-required-label\">*<\/span><\/label><textarea id=\"wpforms-326-field_2\" class=\"wpforms-field-small wpforms-field-required\" name=\"wpforms[fields][2]\" required><\/textarea><\/div><div id=\"wpforms-326-field_5-container\" class=\"wpforms-field wpforms-field-checkbox\" data-field-id=\"5\"><label class=\"wpforms-field-label\">Best\u00e4tigung <span class=\"wpforms-required-label\">*<\/span><\/label><ul id=\"wpforms-326-field_5\" class=\"wpforms-field-required\"><li class=\"choice-1 depth-1\"><input type=\"checkbox\" id=\"wpforms-326-field_5_1\" name=\"wpforms[fields][5][]\" value=\"Best\u00e4tigung der \u00dcbermittlung von Daten\" required ><label class=\"wpforms-field-label-inline\" for=\"wpforms-326-field_5_1\">Best\u00e4tigung der \u00dcbermittlung von Daten<\/label><\/li><\/ul><div class=\"wpforms-field-description\">Durch das Absenden dieses Kontaktformulars \u00fcbermitteln Sie uns die aktuelle IP-Adresse Ihres Internetzugangs sowie die durch Sie eingegebenen Daten zur elektronischen Verarbeitung auf freiwilliger Basis. Die von Ihnen \u00fcbermittelten personenbezogenen Daten werden f\u00fcr die Bearbeitung der Anfrage oder der Kontaktaufnahme automatisch gespeichert. Es erfolgt keine Weitergabe dieser personenbezogenen Daten an Dritte.\n<\/div><\/div><div id=\"wpforms-326-field_8-container\" class=\"wpforms-field wpforms-field-captcha\" data-field-id=\"8\"><label class=\"wpforms-field-label\" for=\"wpforms-326-field_8\">Bitte l\u00f6sen Sie folgende Aufgabe: <span class=\"wpforms-required-label\">*<\/span><\/label>\t\t\t<div class=\"wpforms-captcha-math\">\n\t\t\t\t<span id=\"wpforms-326-field_8-question\" class=\"wpforms-captcha-equation\">\n\t\t\t\t\t<span class=\"n1\">15<\/span>\n\t\t\t\t\t\t\t<span class=\"cal\">*<\/span>\n\t\t\t\t\t\t\t<span class=\"n2\">13<\/span>\t\t\t\t\t<span class=\"e\">=<\/span>\n\t\t\t\t<\/span>\n\t\t\t\t<input type=\"text\" id=\"wpforms-326-field_8\" class=\"wpforms-field-medium wpforms-field-required a\" data-rule-wpf-captcha=\"math\" data-is-wrapped-field=\"1\" name=\"wpforms[fields][8][a]\" aria-describedby=\"wpforms-326-field_8-question\" required>\t\t\t\t<input type=\"hidden\" name=\"wpforms[fields][8][cal]\" class=\"cal\">\n\t\t\t\t<input type=\"hidden\" name=\"wpforms[fields][8][n2]\" class=\"n2\">\n\t\t\t\t<input type=\"hidden\" name=\"wpforms[fields][8][n1]\" class=\"n1\">\n\t\t\t<\/div>\n\t\t\t<\/div><\/div><!-- .wpforms-field-container --><div class=\"wpforms-submit-container\" ><input type=\"hidden\" name=\"wpforms[id]\" value=\"326\"><input type=\"hidden\" name=\"page_title\" value=\"\"><input type=\"hidden\" name=\"page_url\" value=\"https:\/\/guenther-gruppe.de\/maserati\/wp-json\/wp\/v2\/pages\/19789\"><input type=\"hidden\" name=\"url_referer\" value=\"\"><button type=\"submit\" name=\"wpforms[submit]\" id=\"wpforms-submit-326\" class=\"wpforms-submit\" data-alt-text=\"Sendet...\" data-submit-text=\"Anfrage senden\" aria-live=\"assertive\" value=\"wpforms-submit\">Anfrage senden<\/button><\/div><\/form><\/div>  <!-- .wpforms-container -->            <\/div>\n\t\t\t\t<\/div>\n\t\t\t\t<\/div>\n\t\t\t\t\t<\/div>\n\t\t<\/div>\n\t\t\t\t\t<\/div>\n\t\t<\/section>\n\t\t\t\t<\/div>\n\t\t","protected":false},"excerpt":{"rendered":"<p>Bleiben Sie in Kontakt Kontakt-formular IHRE PERS\u00d6NLICHEN ANGABENBitte aktiviere JavaScript in deinem Browser, um dieses Formular fertigzustellen.Name *VornameNachnameIhr Wunschfahrzeug (optional)E-mail *Telefon *Ihre Nachricht *Best\u00e4tigung * Best\u00e4tigung der \u00dcbermittlung von Daten Durch das Absenden dieses Kontaktformulars \u00fcbermitteln Sie uns die aktuelle IP-Adresse Ihres Internetzugangs sowie die durch Sie eingegebenen Daten zur elektronischen Verarbeitung auf freiwilliger Basis. [&hellip;]<\/p>\n","protected":false},"author":10,"featured_media":0,"parent":0,"menu_order":0,"comment_status":"closed","ping_status":"closed","template":"","meta":{"_acf_changed":false,"site-sidebar-layout":"no-sidebar","site-content-layout":"page-builder","ast-site-content-layout":"default","site-content-style":"default","site-sidebar-style":"default","ast-global-header-display":"","ast-banner-title-visibility":"","ast-main-header-display":"","ast-hfb-above-header-display":"","ast-hfb-below-header-display":"","ast-hfb-mobile-header-display":"","site-post-title":"disabled","ast-breadcrumbs-content":"","ast-featured-img":"disabled","footer-sml-layout":"","theme-transparent-header-meta":"enabled","adv-header-id-meta":"","stick-header-meta":"","header-above-stick-meta":"","header-main-stick-meta":"","header-below-stick-meta":"","astra-migrate-meta-layouts":"default","ast-page-background-enabled":"default","ast-page-background-meta":{"desktop":{"background-color":"","background-image":"","background-repeat":"repeat","background-position":"center center","background-size":"auto","background-attachment":"scroll","background-type":"","background-media":"","overlay-type":"","overlay-color":"","overlay-opacity":"","overlay-gradient":""},"tablet":{"background-color":"","background-image":"","background-repeat":"repeat","background-position":"center center","background-size":"auto","background-attachment":"scroll","background-type":"","background-media":"","overlay-type":"","overlay-color":"","overlay-opacity":"","overlay-gradient":""},"mobile":{"background-color":"","background-image":"","background-repeat":"repeat","background-position":"center center","background-size":"auto","background-attachment":"scroll","background-type":"","background-media":"","overlay-type":"","overlay-color":"","overlay-opacity":"","overlay-gradient":""}},"ast-content-background-meta":{"desktop":{"background-color":"var(--ast-global-color-5)","background-image":"","background-repeat":"repeat","background-position":"center center","background-size":"auto","background-attachment":"scroll","background-type":"","background-media":"","overlay-type":"","overlay-color":"","overlay-opacity":"","overlay-gradient":""},"tablet":{"background-color":"var(--ast-global-color-5)","background-image":"","background-repeat":"repeat","background-position":"center center","background-size":"auto","background-attachment":"scroll","background-type":"","background-media":"","overlay-type":"","overlay-color":"","overlay-opacity":"","overlay-gradient":""},"mobile":{"background-color":"var(--ast-global-color-5)","background-image":"","background-repeat":"repeat","background-position":"center center","background-size":"auto","background-attachment":"scroll","background-type":"","background-media":"","overlay-type":"","overlay-color":"","overlay-opacity":"","overlay-gradient":""}},"footnotes":""},"class_list":["post-19789","page","type-page","status-publish","hentry"],"acf":[],"yoast_head":"<!-- This site is optimized with the Yoast SEO plugin v26.5 - https:\/\/yoast.com\/wordpress\/plugins\/seo\/ -->\n<title>Kontakt - Autohaus G\u00fcnther GmbH - Maserati Vertragsh\u00e4ndler<\/title>\n<meta name=\"description\" content=\"Sie m\u00f6chten mehr \u00fcber unsere Maserati Modelle erfahren? Nehmen Sie Kontakt zu uns auf, wir freuen uns auf Sie!\" \/>\n<meta name=\"robots\" content=\"index, follow, max-snippet:-1, max-image-preview:large, max-video-preview:-1\" \/>\n<link rel=\"canonical\" href=\"https:\/\/guenther-gruppe.de\/maserati\/kontakt\/\" \/>\n<meta property=\"og:locale\" content=\"de_DE\" \/>\n<meta property=\"og:type\" content=\"article\" \/>\n<meta property=\"og:title\" content=\"Kontakt - Autohaus G\u00fcnther GmbH - Maserati Vertragsh\u00e4ndler\" \/>\n<meta property=\"og:description\" content=\"Sie m\u00f6chten mehr \u00fcber unsere Maserati Modelle erfahren? Nehmen Sie Kontakt zu uns auf, wir freuen uns auf Sie!\" \/>\n<meta property=\"og:url\" content=\"https:\/\/guenther-gruppe.de\/maserati\/kontakt\/\" \/>\n<meta property=\"og:site_name\" content=\"Autohaus G\u00fcnther GmbH - Maserati Vertragsh\u00e4ndler\" \/>\n<meta property=\"article:modified_time\" content=\"2023-06-09T08:18:09+00:00\" \/>\n<meta name=\"twitter:card\" content=\"summary_large_image\" \/>\n<meta name=\"twitter:label1\" content=\"Gesch\u00e4tzte Lesezeit\" \/>\n\t<meta name=\"twitter:data1\" content=\"1\u00a0Minute\" \/>\n<script type=\"application\/ld+json\" class=\"yoast-schema-graph\">{\"@context\":\"https:\/\/schema.org\",\"@graph\":[{\"@type\":\"WebPage\",\"@id\":\"https:\/\/guenther-gruppe.de\/maserati\/kontakt\/\",\"url\":\"https:\/\/guenther-gruppe.de\/maserati\/kontakt\/\",\"name\":\"Kontakt - Autohaus G\u00fcnther GmbH - Maserati Vertragsh\u00e4ndler\",\"isPartOf\":{\"@id\":\"https:\/\/guenther-gruppe.de\/maserati\/#website\"},\"datePublished\":\"2023-02-02T15:46:37+00:00\",\"dateModified\":\"2023-06-09T08:18:09+00:00\",\"description\":\"Sie m\u00f6chten mehr \u00fcber unsere Maserati Modelle erfahren? Nehmen Sie Kontakt zu uns auf, wir freuen uns auf Sie!\",\"breadcrumb\":{\"@id\":\"https:\/\/guenther-gruppe.de\/maserati\/kontakt\/#breadcrumb\"},\"inLanguage\":\"de\",\"potentialAction\":[{\"@type\":\"ReadAction\",\"target\":[\"https:\/\/guenther-gruppe.de\/maserati\/kontakt\/\"]}]},{\"@type\":\"BreadcrumbList\",\"@id\":\"https:\/\/guenther-gruppe.de\/maserati\/kontakt\/#breadcrumb\",\"itemListElement\":[{\"@type\":\"ListItem\",\"position\":1,\"name\":\"Startseite\",\"item\":\"https:\/\/guenther-gruppe.de\/maserati\/\"},{\"@type\":\"ListItem\",\"position\":2,\"name\":\"Kontakt\"}]},{\"@type\":\"WebSite\",\"@id\":\"https:\/\/guenther-gruppe.de\/maserati\/#website\",\"url\":\"https:\/\/guenther-gruppe.de\/maserati\/\",\"name\":\"Autohaus G\u00fcnther GmbH - Maserati Vertragsh\u00e4ndler\",\"description\":\"offizieller Maserati Vertragsh\u00e4ndler in Hamburg Berlin und Frankfurt\",\"potentialAction\":[{\"@type\":\"SearchAction\",\"target\":{\"@type\":\"EntryPoint\",\"urlTemplate\":\"https:\/\/guenther-gruppe.de\/maserati\/?s={search_term_string}\"},\"query-input\":{\"@type\":\"PropertyValueSpecification\",\"valueRequired\":true,\"valueName\":\"search_term_string\"}}],\"inLanguage\":\"de\"}]}<\/script>\n<!-- \/ Yoast SEO plugin. -->","yoast_head_json":{"title":"Kontakt - Autohaus G\u00fcnther GmbH - Maserati Vertragsh\u00e4ndler","description":"Sie m\u00f6chten mehr \u00fcber unsere Maserati Modelle erfahren? Nehmen Sie Kontakt zu uns auf, wir freuen uns auf Sie!","robots":{"index":"index","follow":"follow","max-snippet":"max-snippet:-1","max-image-preview":"max-image-preview:large","max-video-preview":"max-video-preview:-1"},"canonical":"https:\/\/guenther-gruppe.de\/maserati\/kontakt\/","og_locale":"de_DE","og_type":"article","og_title":"Kontakt - Autohaus G\u00fcnther GmbH - Maserati Vertragsh\u00e4ndler","og_description":"Sie m\u00f6chten mehr \u00fcber unsere Maserati Modelle erfahren? Nehmen Sie Kontakt zu uns auf, wir freuen uns auf Sie!","og_url":"https:\/\/guenther-gruppe.de\/maserati\/kontakt\/","og_site_name":"Autohaus G\u00fcnther GmbH - Maserati Vertragsh\u00e4ndler","article_modified_time":"2023-06-09T08:18:09+00:00","twitter_card":"summary_large_image","twitter_misc":{"Gesch\u00e4tzte Lesezeit":"1\u00a0Minute"},"schema":{"@context":"https:\/\/schema.org","@graph":[{"@type":"WebPage","@id":"https:\/\/guenther-gruppe.de\/maserati\/kontakt\/","url":"https:\/\/guenther-gruppe.de\/maserati\/kontakt\/","name":"Kontakt - Autohaus G\u00fcnther GmbH - Maserati Vertragsh\u00e4ndler","isPartOf":{"@id":"https:\/\/guenther-gruppe.de\/maserati\/#website"},"datePublished":"2023-02-02T15:46:37+00:00","dateModified":"2023-06-09T08:18:09+00:00","description":"Sie m\u00f6chten mehr \u00fcber unsere Maserati Modelle erfahren? Nehmen Sie Kontakt zu uns auf, wir freuen uns auf Sie!","breadcrumb":{"@id":"https:\/\/guenther-gruppe.de\/maserati\/kontakt\/#breadcrumb"},"inLanguage":"de","potentialAction":[{"@type":"ReadAction","target":["https:\/\/guenther-gruppe.de\/maserati\/kontakt\/"]}]},{"@type":"BreadcrumbList","@id":"https:\/\/guenther-gruppe.de\/maserati\/kontakt\/#breadcrumb","itemListElement":[{"@type":"ListItem","position":1,"name":"Startseite","item":"https:\/\/guenther-gruppe.de\/maserati\/"},{"@type":"ListItem","position":2,"name":"Kontakt"}]},{"@type":"WebSite","@id":"https:\/\/guenther-gruppe.de\/maserati\/#website","url":"https:\/\/guenther-gruppe.de\/maserati\/","name":"Autohaus G\u00fcnther GmbH - Maserati Vertragsh\u00e4ndler","description":"offizieller Maserati Vertragsh\u00e4ndler in Hamburg Berlin und Frankfurt","potentialAction":[{"@type":"SearchAction","target":{"@type":"EntryPoint","urlTemplate":"https:\/\/guenther-gruppe.de\/maserati\/?s={search_term_string}"},"query-input":{"@type":"PropertyValueSpecification","valueRequired":true,"valueName":"search_term_string"}}],"inLanguage":"de"}]}},"_links":{"self":[{"href":"https:\/\/guenther-gruppe.de\/maserati\/wp-json\/wp\/v2\/pages\/19789","targetHints":{"allow":["GET"]}}],"collection":[{"href":"https:\/\/guenther-gruppe.de\/maserati\/wp-json\/wp\/v2\/pages"}],"about":[{"href":"https:\/\/guenther-gruppe.de\/maserati\/wp-json\/wp\/v2\/types\/page"}],"author":[{"embeddable":true,"href":"https:\/\/guenther-gruppe.de\/maserati\/wp-json\/wp\/v2\/users\/10"}],"replies":[{"embeddable":true,"href":"https:\/\/guenther-gruppe.de\/maserati\/wp-json\/wp\/v2\/comments?post=19789"}],"version-history":[{"count":4,"href":"https:\/\/guenther-gruppe.de\/maserati\/wp-json\/wp\/v2\/pages\/19789\/revisions"}],"predecessor-version":[{"id":24011,"href":"https:\/\/guenther-gruppe.de\/maserati\/wp-json\/wp\/v2\/pages\/19789\/revisions\/24011"}],"wp:attachment":[{"href":"https:\/\/guenther-gruppe.de\/maserati\/wp-json\/wp\/v2\/media?parent=19789"}],"curies":[{"name":"wp","href":"https:\/\/api.w.org\/{rel}","templated":true}]}}