{"id":1969,"date":"2022-12-17T15:19:47","date_gmt":"2022-12-17T14:19:47","guid":{"rendered":"https:\/\/guenther-gruppe.de\/maseratizwei\/?page_id=1969"},"modified":"2025-10-08T11:44:38","modified_gmt":"2025-10-08T09:44:38","slug":"probefahrt","status":"publish","type":"page","link":"https:\/\/guenther-gruppe.de\/maserati\/shopping-tools\/probefahrt\/","title":{"rendered":"Probefahrt"},"content":{"rendered":"\t\t<div data-elementor-type=\"wp-page\" data-elementor-id=\"1969\" class=\"elementor elementor-1969\" data-elementor-post-type=\"page\">\n\t\t\t\t\t\t<section class=\"elementor-section elementor-top-section elementor-element elementor-element-5382d23 elementor-section-full_width elementor-section-stretched elementor-section-height-default elementor-section-height-default\" data-id=\"5382d23\" data-element_type=\"section\" data-settings=\"{&quot;background_background&quot;:&quot;classic&quot;,&quot;stretch_section&quot;:&quot;section-stretched&quot;}\">\n\t\t\t\t\t\t<div class=\"elementor-container elementor-column-gap-default\">\n\t\t\t\t\t<div class=\"elementor-column elementor-col-100 elementor-top-column elementor-element elementor-element-32c9dfa\" data-id=\"32c9dfa\" data-element_type=\"column\">\n\t\t\t<div class=\"elementor-widget-wrap\">\n\t\t\t\t\t\t\t<\/div>\n\t\t<\/div>\n\t\t\t\t\t<\/div>\n\t\t<\/section>\n\t\t\t\t<section class=\"elementor-section elementor-top-section elementor-element elementor-element-a4a6dbe elementor-section-full_width elementor-section-stretched elementor-section-height-default elementor-section-height-default\" data-id=\"a4a6dbe\" data-element_type=\"section\" data-settings=\"{&quot;background_background&quot;:&quot;classic&quot;,&quot;stretch_section&quot;:&quot;section-stretched&quot;}\">\n\t\t\t\t\t\t<div class=\"elementor-container elementor-column-gap-default\">\n\t\t\t\t\t<div class=\"elementor-column elementor-col-100 elementor-top-column elementor-element elementor-element-5b3e9c3\" data-id=\"5b3e9c3\" data-element_type=\"column\">\n\t\t\t<div class=\"elementor-widget-wrap elementor-element-populated\">\n\t\t\t\t\t\t<div class=\"elementor-element elementor-element-85acc9e elementor-widget elementor-widget-heading\" data-id=\"85acc9e\" data-element_type=\"widget\" data-widget_type=\"heading.default\">\n\t\t\t\t<div class=\"elementor-widget-container\">\n\t\t\t\t\t<h1 class=\"elementor-heading-title elementor-size-default\">Probefahrt<\/h1>\t\t\t\t<\/div>\n\t\t\t\t<\/div>\n\t\t\t\t\t<\/div>\n\t\t<\/div>\n\t\t\t\t\t<\/div>\n\t\t<\/section>\n\t\t\t\t<section class=\"elementor-section elementor-top-section elementor-element elementor-element-395e1e8 elementor-section-boxed elementor-section-height-default elementor-section-height-default\" data-id=\"395e1e8\" data-element_type=\"section\">\n\t\t\t\t\t\t<div class=\"elementor-container elementor-column-gap-default\">\n\t\t\t\t\t<div class=\"elementor-column elementor-col-100 elementor-top-column elementor-element elementor-element-5b67598\" data-id=\"5b67598\" data-element_type=\"column\">\n\t\t\t<div class=\"elementor-widget-wrap elementor-element-populated\">\n\t\t\t\t\t\t<div class=\"elementor-element elementor-element-77da9df elementor-widget elementor-widget-shortcode\" data-id=\"77da9df\" data-element_type=\"widget\" data-widget_type=\"shortcode.default\">\n\t\t\t\t<div class=\"elementor-widget-container\">\n\t\t\t\t\t\t\t<div class=\"elementor-shortcode\"><div class=\"wpforms-container \" id=\"wpforms-7376\"><form id=\"wpforms-form-7376\" class=\"wpforms-validate wpforms-form wpforms-ajax-form\" data-formid=\"7376\" method=\"post\" enctype=\"multipart\/form-data\" action=\"\/maserati\/wp-json\/wp\/v2\/pages\/1969\" data-token=\"70d09a10f7a14a4ffd30559bc4472bab\" data-token-time=\"1777711282\"><noscript class=\"wpforms-error-noscript\">Bitte aktiviere JavaScript in deinem Browser, um dieses Formular fertigzustellen.<\/noscript><div class=\"wpforms-field-container\"><div id=\"wpforms-7376-field_0-container\" class=\"wpforms-field wpforms-field-name\" data-field-id=\"0\"><label class=\"wpforms-field-label\">Name <span class=\"wpforms-required-label\">*<\/span><\/label><div class=\"wpforms-field-row wpforms-field-medium\"><div class=\"wpforms-field-row-block wpforms-first wpforms-one-half\"><input type=\"text\" id=\"wpforms-7376-field_0\" class=\"wpforms-field-name-first wpforms-field-required\" name=\"wpforms[fields][0][first]\" required><label for=\"wpforms-7376-field_0\" class=\"wpforms-field-sublabel after\">Vorname<\/label><\/div><div class=\"wpforms-field-row-block wpforms-one-half\"><input type=\"text\" id=\"wpforms-7376-field_0-last\" class=\"wpforms-field-name-last wpforms-field-required\" name=\"wpforms[fields][0][last]\" required><label for=\"wpforms-7376-field_0-last\" class=\"wpforms-field-sublabel after\">Nachname<\/label><\/div><\/div><\/div><div id=\"wpforms-7376-field_1-container\" class=\"wpforms-field wpforms-field-email\" data-field-id=\"1\"><label class=\"wpforms-field-label\" for=\"wpforms-7376-field_1\">E-Mail <span class=\"wpforms-required-label\">*<\/span><\/label><input type=\"email\" id=\"wpforms-7376-field_1\" class=\"wpforms-field-medium wpforms-field-required\" name=\"wpforms[fields][1]\" spellcheck=\"false\" required><\/div><div id=\"wpforms-7376-field_7-container\" class=\"wpforms-field wpforms-field-select wpforms-field-select-style-classic\" data-field-id=\"7\"><label class=\"wpforms-field-label\" for=\"wpforms-7376-field_7\">W\u00fcnschen Sie eine Probefahrt oder ein Angebot? <span class=\"wpforms-required-label\">*<\/span><\/label><select id=\"wpforms-7376-field_7\" class=\"wpforms-field-medium wpforms-field-required\" name=\"wpforms[fields][7]\" required=\"required\"><option value=\"-\"  class=\"choice-4 depth-1\"  >-<\/option><option value=\"Probefahrt\"  class=\"choice-1 depth-1\"  >Probefahrt<\/option><option value=\"Angebot\"  class=\"choice-2 depth-1\"  >Angebot<\/option><\/select><\/div><div id=\"wpforms-7376-field_8-container\" class=\"wpforms-field wpforms-field-checkbox wpforms-list-inline\" data-field-id=\"8\"><label class=\"wpforms-field-label\">Ihr Wunschmodell<\/label><ul id=\"wpforms-7376-field_8\" class=\"wpforms-randomize wpforms-image-choices wpforms-image-choices-modern\"><li class=\"choice-1 depth-1 wpforms-image-choices-item\"><label class=\"wpforms-field-label-inline\" for=\"wpforms-7376-field_8_1\" tabindex=\"0\"><span class=\"wpforms-image-choices-image\"><img decoding=\"async\" src=\"https:\/\/guenther-gruppe.de\/maseratizwei\/wp-content\/uploads\/sites\/10\/2023\/01\/23123-grecale-probefahrt1.jpg\" alt=\"Maserati Grecale\" title=\"Maserati Grecale\"><\/span><input type=\"checkbox\" id=\"wpforms-7376-field_8_1\" class=\"wpforms-screen-reader-element\" name=\"wpforms[fields][8][]\" value=\"Maserati Grecale\" tabindex=\"-1\"  ><span class=\"wpforms-image-choices-label\">Maserati Grecale<\/span><\/label><\/li><li class=\"choice-2 depth-1 wpforms-image-choices-item\"><label class=\"wpforms-field-label-inline\" for=\"wpforms-7376-field_8_2\" tabindex=\"0\"><span class=\"wpforms-image-choices-image\"><img decoding=\"async\" src=\"https:\/\/guenther-gruppe.de\/maseratizwei\/wp-content\/uploads\/sites\/10\/2023\/01\/23123-granturismo-probefahrt1.jpg\" alt=\"Maserati GranTurismo\" title=\"Maserati GranTurismo\"><\/span><input type=\"checkbox\" id=\"wpforms-7376-field_8_2\" class=\"wpforms-screen-reader-element\" name=\"wpforms[fields][8][]\" value=\"Maserati GranTurismo\" tabindex=\"-1\"  ><span class=\"wpforms-image-choices-label\">Maserati GranTurismo<\/span><\/label><\/li><li class=\"choice-3 depth-1 wpforms-image-choices-item\"><label class=\"wpforms-field-label-inline\" for=\"wpforms-7376-field_8_3\" tabindex=\"0\"><span class=\"wpforms-image-choices-image\"><img decoding=\"async\" src=\"https:\/\/guenther-gruppe.de\/maseratizwei\/wp-content\/uploads\/sites\/10\/2023\/01\/23123-ghibli-probefahrt1.jpg\" alt=\"Maserati Ghibli\" title=\"Maserati Ghibli\"><\/span><input type=\"checkbox\" id=\"wpforms-7376-field_8_3\" class=\"wpforms-screen-reader-element\" name=\"wpforms[fields][8][]\" value=\"Maserati Ghibli\" tabindex=\"-1\"  ><span class=\"wpforms-image-choices-label\">Maserati Ghibli<\/span><\/label><\/li><li class=\"choice-4 depth-1 wpforms-image-choices-item\"><label class=\"wpforms-field-label-inline\" for=\"wpforms-7376-field_8_4\" tabindex=\"0\"><span class=\"wpforms-image-choices-image\"><img decoding=\"async\" src=\"https:\/\/guenther-gruppe.de\/maseratizwei\/wp-content\/uploads\/sites\/10\/2023\/01\/23123-levante-probefahrt1.jpg\" alt=\"Maserati Levante\" title=\"Maserati Levante\"><\/span><input type=\"checkbox\" id=\"wpforms-7376-field_8_4\" class=\"wpforms-screen-reader-element\" name=\"wpforms[fields][8][]\" value=\"Maserati Levante\" tabindex=\"-1\"  ><span class=\"wpforms-image-choices-label\">Maserati Levante<\/span><\/label><\/li><li class=\"choice-6 depth-1 wpforms-image-choices-item\"><label class=\"wpforms-field-label-inline\" for=\"wpforms-7376-field_8_6\" tabindex=\"0\"><span class=\"wpforms-image-choices-image\"><img decoding=\"async\" src=\"https:\/\/guenther-gruppe.de\/maseratizwei\/wp-content\/uploads\/sites\/10\/2023\/01\/23123-quatroporte-probefahrt1.jpg\" alt=\"Maserati Quatroporte\" title=\"Maserati Quatroporte\"><\/span><input type=\"checkbox\" id=\"wpforms-7376-field_8_6\" class=\"wpforms-screen-reader-element\" name=\"wpforms[fields][8][]\" value=\"Maserati Quatroporte\" tabindex=\"-1\"  ><span class=\"wpforms-image-choices-label\">Maserati Quatroporte<\/span><\/label><\/li><li class=\"choice-5 depth-1 wpforms-image-choices-item\"><label class=\"wpforms-field-label-inline\" for=\"wpforms-7376-field_8_5\" tabindex=\"0\"><span class=\"wpforms-image-choices-image\"><img decoding=\"async\" src=\"https:\/\/guenther-gruppe.de\/maseratizwei\/wp-content\/uploads\/sites\/10\/2023\/01\/23123-mc20-probefahrt1.jpg\" alt=\"Maserati MC20\" title=\"Maserati MC20\"><\/span><input type=\"checkbox\" id=\"wpforms-7376-field_8_5\" class=\"wpforms-screen-reader-element\" name=\"wpforms[fields][8][]\" value=\"Maserati MC20\" tabindex=\"-1\"  ><span class=\"wpforms-image-choices-label\">Maserati MC20<\/span><\/label><\/li><\/ul><\/div><div id=\"wpforms-7376-field_9-container\" class=\"wpforms-field wpforms-field-radio\" data-field-id=\"9\"><label class=\"wpforms-field-label\">Ihr Wunsch-Standort <span class=\"wpforms-required-label\">*<\/span><\/label><ul id=\"wpforms-7376-field_9\" class=\"wpforms-field-required\"><li class=\"choice-1 depth-1\"><input type=\"radio\" id=\"wpforms-7376-field_9_1\" name=\"wpforms[fields][9]\" value=\"Maserait in Hamburg\" required ><label class=\"wpforms-field-label-inline\" for=\"wpforms-7376-field_9_1\">Maserait in Hamburg<\/label><\/li><li class=\"choice-2 depth-1\"><input type=\"radio\" id=\"wpforms-7376-field_9_2\" name=\"wpforms[fields][9]\" value=\"Maserait in Berlin\" required ><label class=\"wpforms-field-label-inline\" for=\"wpforms-7376-field_9_2\">Maserait in Berlin<\/label><\/li><li class=\"choice-3 depth-1\"><input type=\"radio\" id=\"wpforms-7376-field_9_3\" name=\"wpforms[fields][9]\" value=\"Maserait in Frankfurt\" required ><label class=\"wpforms-field-label-inline\" for=\"wpforms-7376-field_9_3\">Maserait in Frankfurt<\/label><\/li><\/ul><\/div><div id=\"wpforms-7376-field_10-container\" class=\"wpforms-field wpforms-field-select wpforms-field-select-style-classic\" data-field-id=\"10\"><label class=\"wpforms-field-label\" for=\"wpforms-7376-field_10\">Kontaktaufnahme-Wunsch<\/label><select id=\"wpforms-7376-field_10\" class=\"wpforms-field-medium\" name=\"wpforms[fields][10]\"><option value=\"- \"  class=\"choice-4 depth-1\"  >-<\/option><option value=\"E-Mail\"  class=\"choice-1 depth-1\"  >E-Mail<\/option><option value=\"Telefon\"  class=\"choice-2 depth-1\"  >Telefon<\/option><\/select><\/div><div id=\"wpforms-7376-field_2-container\" class=\"wpforms-field wpforms-field-textarea\" data-field-id=\"2\"><label class=\"wpforms-field-label\" for=\"wpforms-7376-field_2\">Ihre Nachricht <span class=\"wpforms-required-label\">*<\/span><\/label><textarea id=\"wpforms-7376-field_2\" class=\"wpforms-field-medium wpforms-field-required\" name=\"wpforms[fields][2]\" required><\/textarea><\/div><div id=\"wpforms-7376-field_5-container\" class=\"wpforms-field wpforms-field-checkbox\" data-field-id=\"5\"><label class=\"wpforms-field-label\">Best\u00e4tigung <span class=\"wpforms-required-label\">*<\/span><\/label><ul id=\"wpforms-7376-field_5\" class=\"wpforms-field-required\"><li class=\"choice-1 depth-1\"><input type=\"checkbox\" id=\"wpforms-7376-field_5_1\" name=\"wpforms[fields][5][]\" value=\"Best\u00e4tigung der \u00dcbermittlung von Daten\" required ><label class=\"wpforms-field-label-inline\" for=\"wpforms-7376-field_5_1\">Best\u00e4tigung der \u00dcbermittlung von Daten<\/label><\/li><\/ul><div class=\"wpforms-field-description\">Durch das Absenden dieses Kontaktformulars \u00fcbermitteln Sie uns die aktuelle IP-Adresse Ihres Internetzugangs sowie die durch Sie eingegebenen Daten zur elektronischen Verarbeitung auf freiwilliger Basis. Die von Ihnen \u00fcbermittelten personenbezogenen Daten werden f\u00fcr die Bearbeitung der Anfrage oder der Kontaktaufnahme automatisch gespeichert. Es erfolgt keine Weitergabe dieser personenbezogenen Daten an Dritte. <\/div><\/div><div id=\"wpforms-7376-field_11-container\" class=\"wpforms-field wpforms-field-captcha\" data-field-id=\"11\"><label class=\"wpforms-field-label\" for=\"wpforms-7376-field_11\">Bitte l\u00f6sen Sie folgende Aufgabe: <span class=\"wpforms-required-label\">*<\/span><\/label>\t\t\t<div class=\"wpforms-captcha-math\">\n\t\t\t\t<span id=\"wpforms-7376-field_11-question\" class=\"wpforms-captcha-equation\">\n\t\t\t\t\t<span class=\"n1\">1<\/span>\n\t\t\t\t\t\t\t<span class=\"cal\">*<\/span>\n\t\t\t\t\t\t\t<span class=\"n2\">1<\/span>\t\t\t\t\t<span class=\"e\">=<\/span>\n\t\t\t\t<\/span>\n\t\t\t\t<input type=\"text\" id=\"wpforms-7376-field_11\" class=\"wpforms-field-medium wpforms-field-required a\" data-rule-wpf-captcha=\"math\" data-is-wrapped-field=\"1\" name=\"wpforms[fields][11][a]\" aria-describedby=\"wpforms-7376-field_11-question\" required>\t\t\t\t<input type=\"hidden\" name=\"wpforms[fields][11][cal]\" class=\"cal\">\n\t\t\t\t<input type=\"hidden\" name=\"wpforms[fields][11][n2]\" class=\"n2\">\n\t\t\t\t<input type=\"hidden\" name=\"wpforms[fields][11][n1]\" class=\"n1\">\n\t\t\t<\/div>\n\t\t\t<\/div><\/div><!-- .wpforms-field-container --><div class=\"wpforms-submit-container\" ><input type=\"hidden\" name=\"wpforms[id]\" value=\"7376\"><input type=\"hidden\" name=\"page_title\" value=\"\"><input type=\"hidden\" name=\"page_url\" value=\"https:\/\/guenther-gruppe.de\/maserati\/wp-json\/wp\/v2\/pages\/1969\"><input type=\"hidden\" name=\"url_referer\" value=\"\"><button type=\"submit\" name=\"wpforms[submit]\" id=\"wpforms-submit-7376\" class=\"wpforms-submit\" data-alt-text=\"Senden\u2026\" data-submit-text=\"Absenden\" aria-live=\"assertive\" value=\"wpforms-submit\">Absenden<\/button><img decoding=\"async\" src=\"https:\/\/guenther-gruppe.de\/maserati\/wp-content\/plugins\/wpforms\/assets\/images\/submit-spin.svg\" class=\"wpforms-submit-spinner\" style=\"display: none;\" width=\"26\" height=\"26\" alt=\"Wird geladen\"><\/div><\/form><\/div>  <!-- .wpforms-container --><\/div>\n\t\t\t\t\t\t<\/div>\n\t\t\t\t<\/div>\n\t\t\t\t\t<\/div>\n\t\t<\/div>\n\t\t\t\t\t<\/div>\n\t\t<\/section>\n\t\t\t\t<\/div>\n\t\t","protected":false},"excerpt":{"rendered":"<p>Probefahrt<\/p>\n","protected":false},"author":10,"featured_media":0,"parent":1967,"menu_order":0,"comment_status":"closed","ping_status":"closed","template":"","meta":{"_acf_changed":false,"site-sidebar-layout":"no-sidebar","site-content-layout":"page-builder","ast-site-content-layout":"default","site-content-style":"default","site-sidebar-style":"default","ast-global-header-display":"","ast-banner-title-visibility":"","ast-main-header-display":"","ast-hfb-above-header-display":"","ast-hfb-below-header-display":"","ast-hfb-mobile-header-display":"","site-post-title":"disabled","ast-breadcrumbs-content":"","ast-featured-img":"disabled","footer-sml-layout":"","theme-transparent-header-meta":"enabled","adv-header-id-meta":"","stick-header-meta":"","header-above-stick-meta":"","header-main-stick-meta":"","header-below-stick-meta":"","astra-migrate-meta-layouts":"default","ast-page-background-enabled":"default","ast-page-background-meta":{"desktop":{"background-color":"","background-image":"","background-repeat":"repeat","background-position":"center center","background-size":"auto","background-attachment":"scroll","background-type":"","background-media":"","overlay-type":"","overlay-color":"","overlay-opacity":"","overlay-gradient":""},"tablet":{"background-color":"","background-image":"","background-repeat":"repeat","background-position":"center center","background-size":"auto","background-attachment":"scroll","background-type":"","background-media":"","overlay-type":"","overlay-color":"","overlay-opacity":"","overlay-gradient":""},"mobile":{"background-color":"","background-image":"","background-repeat":"repeat","background-position":"center center","background-size":"auto","background-attachment":"scroll","background-type":"","background-media":"","overlay-type":"","overlay-color":"","overlay-opacity":"","overlay-gradient":""}},"ast-content-background-meta":{"desktop":{"background-color":"var(--ast-global-color-5)","background-image":"","background-repeat":"repeat","background-position":"center center","background-size":"auto","background-attachment":"scroll","background-type":"","background-media":"","overlay-type":"","overlay-color":"","overlay-opacity":"","overlay-gradient":""},"tablet":{"background-color":"var(--ast-global-color-5)","background-image":"","background-repeat":"repeat","background-position":"center center","background-size":"auto","background-attachment":"scroll","background-type":"","background-media":"","overlay-type":"","overlay-color":"","overlay-opacity":"","overlay-gradient":""},"mobile":{"background-color":"var(--ast-global-color-5)","background-image":"","background-repeat":"repeat","background-position":"center center","background-size":"auto","background-attachment":"scroll","background-type":"","background-media":"","overlay-type":"","overlay-color":"","overlay-opacity":"","overlay-gradient":""}},"footnotes":""},"class_list":["post-1969","page","type-page","status-publish","hentry"],"acf":[],"yoast_head":"<!-- This site is optimized with the Yoast SEO plugin v26.5 - https:\/\/yoast.com\/wordpress\/plugins\/seo\/ -->\n<title>Probefahrt - Autohaus G\u00fcnther GmbH - Maserati Vertragsh\u00e4ndler<\/title>\n<meta name=\"description\" content=\"Erleben Sie eine ganz besondere Probefahrt mit einem Maserati Ihrer Wahl. Steigen Sie ein und sp\u00fcren Sie den italienischen Flair.\" \/>\n<meta name=\"robots\" content=\"index, follow, max-snippet:-1, max-image-preview:large, max-video-preview:-1\" \/>\n<link rel=\"canonical\" href=\"https:\/\/guenther-gruppe.de\/maserati\/shopping-tools\/probefahrt\/\" \/>\n<meta property=\"og:locale\" content=\"de_DE\" \/>\n<meta property=\"og:type\" content=\"article\" \/>\n<meta property=\"og:title\" content=\"Probefahrt - Autohaus G\u00fcnther GmbH - Maserati Vertragsh\u00e4ndler\" \/>\n<meta property=\"og:description\" content=\"Erleben Sie eine ganz besondere Probefahrt mit einem Maserati Ihrer Wahl. Steigen Sie ein und sp\u00fcren Sie den italienischen Flair.\" \/>\n<meta property=\"og:url\" content=\"https:\/\/guenther-gruppe.de\/maserati\/shopping-tools\/probefahrt\/\" \/>\n<meta property=\"og:site_name\" content=\"Autohaus G\u00fcnther GmbH - Maserati Vertragsh\u00e4ndler\" \/>\n<meta property=\"article:modified_time\" content=\"2025-10-08T09:44:38+00:00\" \/>\n<meta name=\"twitter:card\" content=\"summary_large_image\" \/>\n<meta name=\"twitter:label1\" content=\"Gesch\u00e4tzte Lesezeit\" \/>\n\t<meta name=\"twitter:data1\" content=\"1\u00a0Minute\" \/>\n<script type=\"application\/ld+json\" class=\"yoast-schema-graph\">{\"@context\":\"https:\/\/schema.org\",\"@graph\":[{\"@type\":\"WebPage\",\"@id\":\"https:\/\/guenther-gruppe.de\/maserati\/shopping-tools\/probefahrt\/\",\"url\":\"https:\/\/guenther-gruppe.de\/maserati\/shopping-tools\/probefahrt\/\",\"name\":\"Probefahrt - Autohaus G\u00fcnther GmbH - Maserati Vertragsh\u00e4ndler\",\"isPartOf\":{\"@id\":\"https:\/\/guenther-gruppe.de\/maserati\/#website\"},\"datePublished\":\"2022-12-17T14:19:47+00:00\",\"dateModified\":\"2025-10-08T09:44:38+00:00\",\"description\":\"Erleben Sie eine ganz besondere Probefahrt mit einem Maserati Ihrer Wahl. Steigen Sie ein und sp\u00fcren Sie den italienischen Flair.\",\"breadcrumb\":{\"@id\":\"https:\/\/guenther-gruppe.de\/maserati\/shopping-tools\/probefahrt\/#breadcrumb\"},\"inLanguage\":\"de\",\"potentialAction\":[{\"@type\":\"ReadAction\",\"target\":[\"https:\/\/guenther-gruppe.de\/maserati\/shopping-tools\/probefahrt\/\"]}]},{\"@type\":\"BreadcrumbList\",\"@id\":\"https:\/\/guenther-gruppe.de\/maserati\/shopping-tools\/probefahrt\/#breadcrumb\",\"itemListElement\":[{\"@type\":\"ListItem\",\"position\":1,\"name\":\"Startseite\",\"item\":\"https:\/\/guenther-gruppe.de\/maserati\/\"},{\"@type\":\"ListItem\",\"position\":2,\"name\":\"Shopping Tools\",\"item\":\"https:\/\/guenther-gruppe.de\/maserati\/shopping-tools\/\"},{\"@type\":\"ListItem\",\"position\":3,\"name\":\"Probefahrt\"}]},{\"@type\":\"WebSite\",\"@id\":\"https:\/\/guenther-gruppe.de\/maserati\/#website\",\"url\":\"https:\/\/guenther-gruppe.de\/maserati\/\",\"name\":\"Autohaus G\u00fcnther GmbH - Maserati Vertragsh\u00e4ndler\",\"description\":\"offizieller Maserati Vertragsh\u00e4ndler in Hamburg Berlin und Frankfurt\",\"potentialAction\":[{\"@type\":\"SearchAction\",\"target\":{\"@type\":\"EntryPoint\",\"urlTemplate\":\"https:\/\/guenther-gruppe.de\/maserati\/?s={search_term_string}\"},\"query-input\":{\"@type\":\"PropertyValueSpecification\",\"valueRequired\":true,\"valueName\":\"search_term_string\"}}],\"inLanguage\":\"de\"}]}<\/script>\n<!-- \/ Yoast SEO plugin. -->","yoast_head_json":{"title":"Probefahrt - Autohaus G\u00fcnther GmbH - Maserati Vertragsh\u00e4ndler","description":"Erleben Sie eine ganz besondere Probefahrt mit einem Maserati Ihrer Wahl. Steigen Sie ein und sp\u00fcren Sie den italienischen Flair.","robots":{"index":"index","follow":"follow","max-snippet":"max-snippet:-1","max-image-preview":"max-image-preview:large","max-video-preview":"max-video-preview:-1"},"canonical":"https:\/\/guenther-gruppe.de\/maserati\/shopping-tools\/probefahrt\/","og_locale":"de_DE","og_type":"article","og_title":"Probefahrt - Autohaus G\u00fcnther GmbH - Maserati Vertragsh\u00e4ndler","og_description":"Erleben Sie eine ganz besondere Probefahrt mit einem Maserati Ihrer Wahl. Steigen Sie ein und sp\u00fcren Sie den italienischen Flair.","og_url":"https:\/\/guenther-gruppe.de\/maserati\/shopping-tools\/probefahrt\/","og_site_name":"Autohaus G\u00fcnther GmbH - Maserati Vertragsh\u00e4ndler","article_modified_time":"2025-10-08T09:44:38+00:00","twitter_card":"summary_large_image","twitter_misc":{"Gesch\u00e4tzte Lesezeit":"1\u00a0Minute"},"schema":{"@context":"https:\/\/schema.org","@graph":[{"@type":"WebPage","@id":"https:\/\/guenther-gruppe.de\/maserati\/shopping-tools\/probefahrt\/","url":"https:\/\/guenther-gruppe.de\/maserati\/shopping-tools\/probefahrt\/","name":"Probefahrt - Autohaus G\u00fcnther GmbH - Maserati Vertragsh\u00e4ndler","isPartOf":{"@id":"https:\/\/guenther-gruppe.de\/maserati\/#website"},"datePublished":"2022-12-17T14:19:47+00:00","dateModified":"2025-10-08T09:44:38+00:00","description":"Erleben Sie eine ganz besondere Probefahrt mit einem Maserati Ihrer Wahl. Steigen Sie ein und sp\u00fcren Sie den italienischen Flair.","breadcrumb":{"@id":"https:\/\/guenther-gruppe.de\/maserati\/shopping-tools\/probefahrt\/#breadcrumb"},"inLanguage":"de","potentialAction":[{"@type":"ReadAction","target":["https:\/\/guenther-gruppe.de\/maserati\/shopping-tools\/probefahrt\/"]}]},{"@type":"BreadcrumbList","@id":"https:\/\/guenther-gruppe.de\/maserati\/shopping-tools\/probefahrt\/#breadcrumb","itemListElement":[{"@type":"ListItem","position":1,"name":"Startseite","item":"https:\/\/guenther-gruppe.de\/maserati\/"},{"@type":"ListItem","position":2,"name":"Shopping Tools","item":"https:\/\/guenther-gruppe.de\/maserati\/shopping-tools\/"},{"@type":"ListItem","position":3,"name":"Probefahrt"}]},{"@type":"WebSite","@id":"https:\/\/guenther-gruppe.de\/maserati\/#website","url":"https:\/\/guenther-gruppe.de\/maserati\/","name":"Autohaus G\u00fcnther GmbH - Maserati Vertragsh\u00e4ndler","description":"offizieller Maserati Vertragsh\u00e4ndler in Hamburg Berlin und Frankfurt","potentialAction":[{"@type":"SearchAction","target":{"@type":"EntryPoint","urlTemplate":"https:\/\/guenther-gruppe.de\/maserati\/?s={search_term_string}"},"query-input":{"@type":"PropertyValueSpecification","valueRequired":true,"valueName":"search_term_string"}}],"inLanguage":"de"}]}},"_links":{"self":[{"href":"https:\/\/guenther-gruppe.de\/maserati\/wp-json\/wp\/v2\/pages\/1969","targetHints":{"allow":["GET"]}}],"collection":[{"href":"https:\/\/guenther-gruppe.de\/maserati\/wp-json\/wp\/v2\/pages"}],"about":[{"href":"https:\/\/guenther-gruppe.de\/maserati\/wp-json\/wp\/v2\/types\/page"}],"author":[{"embeddable":true,"href":"https:\/\/guenther-gruppe.de\/maserati\/wp-json\/wp\/v2\/users\/10"}],"replies":[{"embeddable":true,"href":"https:\/\/guenther-gruppe.de\/maserati\/wp-json\/wp\/v2\/comments?post=1969"}],"version-history":[{"count":4,"href":"https:\/\/guenther-gruppe.de\/maserati\/wp-json\/wp\/v2\/pages\/1969\/revisions"}],"predecessor-version":[{"id":34500,"href":"https:\/\/guenther-gruppe.de\/maserati\/wp-json\/wp\/v2\/pages\/1969\/revisions\/34500"}],"up":[{"embeddable":true,"href":"https:\/\/guenther-gruppe.de\/maserati\/wp-json\/wp\/v2\/pages\/1967"}],"wp:attachment":[{"href":"https:\/\/guenther-gruppe.de\/maserati\/wp-json\/wp\/v2\/media?parent=1969"}],"curies":[{"name":"wp","href":"https:\/\/api.w.org\/{rel}","templated":true}]}}