{"id":5449,"date":"2021-03-26T14:48:05","date_gmt":"2021-03-26T13:48:05","guid":{"rendered":"https:\/\/guenther-gruppe.de\/kia\/?page_id=5449"},"modified":"2021-09-14T17:43:16","modified_gmt":"2021-09-14T15:43:16","slug":"kia-modelle","status":"publish","type":"page","link":"https:\/\/guenther-gruppe.de\/kia\/kia-modelle\/","title":{"rendered":"Modelle"},"content":{"rendered":"\t\t<div data-elementor-type=\"wp-page\" data-elementor-id=\"5449\" class=\"elementor elementor-5449\" data-elementor-post-type=\"page\">\n\t\t\t\t\t\t<section class=\"elementor-section elementor-top-section elementor-element elementor-element-ba18039 elementor-section-content-bottom elementor-section-boxed elementor-section-height-default elementor-section-height-default\" data-id=\"ba18039\" data-element_type=\"section\" data-settings=\"{&quot;background_background&quot;:&quot;classic&quot;}\">\n\t\t\t\t\t\t\t<div class=\"elementor-background-overlay\"><\/div>\n\t\t\t\t\t\t\t<div class=\"elementor-container elementor-column-gap-no\">\n\t\t\t\t\t<div class=\"elementor-column elementor-col-100 elementor-top-column elementor-element elementor-element-f4fe14c\" data-id=\"f4fe14c\" data-element_type=\"column\">\n\t\t\t<div class=\"elementor-widget-wrap elementor-element-populated\">\n\t\t\t\t\t\t<div class=\"elementor-element elementor-element-a7b3e48 elementor-widget elementor-widget-heading\" data-id=\"a7b3e48\" data-element_type=\"widget\" data-widget_type=\"heading.default\">\n\t\t\t\t<div class=\"elementor-widget-container\">\n\t\t\t\t\t<h1 class=\"elementor-heading-title elementor-size-default\">Entdecken Sie die Kia Modelle<\/h1>\t\t\t\t<\/div>\n\t\t\t\t<\/div>\n\t\t\t\t\t<\/div>\n\t\t<\/div>\n\t\t\t\t\t<\/div>\n\t\t<\/section>\n\t\t\t\t<section class=\"elementor-section elementor-top-section elementor-element elementor-element-ef7d079 elementor-section-boxed elementor-section-height-default elementor-section-height-default\" data-id=\"ef7d079\" data-element_type=\"section\">\n\t\t\t\t\t\t<div class=\"elementor-container elementor-column-gap-default\">\n\t\t\t\t\t<div class=\"elementor-column elementor-col-100 elementor-top-column elementor-element elementor-element-87fcaf5\" data-id=\"87fcaf5\" data-element_type=\"column\">\n\t\t\t<div class=\"elementor-widget-wrap elementor-element-populated\">\n\t\t\t\t\t\t<div class=\"elementor-element elementor-element-e384e3c elementor-grid-eael-col-3 elementor-grid-tablet-eael-col-2 elementor-grid-mobile-eael-col-1 elementor-widget elementor-widget-eael-post-grid\" data-id=\"e384e3c\" data-element_type=\"widget\" data-settings=\"{&quot;eael_post_grid_columns&quot;:&quot;eael-col-3&quot;,&quot;eael_post_grid_columns_tablet&quot;:&quot;eael-col-2&quot;,&quot;eael_post_grid_columns_mobile&quot;:&quot;eael-col-1&quot;}\" data-widget_type=\"eael-post-grid.default\">\n\t\t\t\t<div class=\"elementor-widget-container\">\n\t\t\t\t\t<div id=\"eael-post-grid-e384e3c\" class=\"eael-post-grid-container\">\n            <div class=\"eael-post-grid eael-post-appender eael-post-appender-e384e3c eael-post-grid-style-one\" data-layout-mode=\"grid\"><article class=\"eael-grid-post  eael-post-grid-column eael-pg-post-102294 category-modelle tags-6-oder-7-sitzplaetze-ahrensburg-autohaus-guenther-gmbh-drehbare-sitze-in-der-zweiten-reihe-familienauto-gewinner-goldenes-lenkrad-2023-hamburg-kia-ev9-schnelladetechnologie-stromtanken\" data-id=\"102294\">\n        <div class=\"eael-grid-post-holder\">\n            <div class=\"eael-grid-post-holder-inner\"><div class=\"eael-entry-media\"><div class=\"eael-entry-overlay fade-in\"><i class=\"\" aria-hidden=\"true\"><\/i><a href=\"https:\/\/guenther-gruppe.de\/kia\/der-kia-ev3\/\"><\/a><\/div><div class=\"eael-entry-thumbnail \">\n                <img fetchpriority=\"high\" decoding=\"async\" width=\"800\" height=\"600\" src=\"https:\/\/guenther-gruppe.de\/kia\/wp-content\/uploads\/sites\/9\/2021\/03\/beitragsbild-ev6.jpg\" class=\"attachment-full size-full wp-image-27837\" alt=\"Graues Elektroauto seitlich vor moderner Metallwand\" srcset=\"https:\/\/guenther-gruppe.de\/kia\/wp-content\/uploads\/sites\/9\/2021\/03\/beitragsbild-ev6.jpg 800w, https:\/\/guenther-gruppe.de\/kia\/wp-content\/uploads\/sites\/9\/2021\/03\/beitragsbild-ev6-300x225.jpg 300w, https:\/\/guenther-gruppe.de\/kia\/wp-content\/uploads\/sites\/9\/2021\/03\/beitragsbild-ev6-768x576.jpg 768w\" sizes=\"(max-width: 800px) 100vw, 800px\" \/>\n            <\/div>\n        <\/div><div class=\"eael-entry-wrapper\"><header class=\"eael-entry-header\"><h2 class=\"eael-entry-title\"><a class=\"eael-grid-post-link\" href=\"https:\/\/guenther-gruppe.de\/kia\/der-kia-ev3\/\" title=\"Der KIA EV3\">Der KIA EV3<\/a><\/h2><\/header><div class=\"eael-entry-content\">\n                        <div class=\"eael-grid-post-excerpt\"><p>Der mehrfach ausgezeichnete EV6, der 2022 zum \u201eAuto des Jahres in Europa\u201c gew\u00e4hlt wurde, diente als Vorlage f\u00fcr das Design...<\/p><a href=\"https:\/\/guenther-gruppe.de\/kia\/der-kia-ev3\/\" class=\"eael-post-elements-readmore-btn\">Mehr erfahren<\/a><\/div>\n                    <\/div><\/div><\/div>\n        <\/div>\n    <\/article><article class=\"eael-grid-post  eael-post-grid-column eael-pg-post-92747 category-modelle tags-6-oder-7-sitzplaetze-ahrensburg-autohaus-guenther-gmbh-drehbare-sitze-in-der-zweiten-reihe-familienauto-gewinner-goldenes-lenkrad-2023-hamburg-kia-ev9-schnelladetechnologie-stromtanken\" data-id=\"92747\">\n        <div class=\"eael-grid-post-holder\">\n            <div class=\"eael-grid-post-holder-inner\"><div class=\"eael-entry-media\"><div class=\"eael-entry-overlay fade-in\"><i class=\"\" aria-hidden=\"true\"><\/i><a href=\"https:\/\/guenther-gruppe.de\/kia\/kia-ev9\/\"><\/a><\/div><div class=\"eael-entry-thumbnail \">\n                <img fetchpriority=\"high\" decoding=\"async\" width=\"800\" height=\"600\" src=\"https:\/\/guenther-gruppe.de\/kia\/wp-content\/uploads\/sites\/9\/2021\/03\/beitragsbild-ev6.jpg\" class=\"attachment-full size-full wp-image-27837\" alt=\"Graues Elektroauto seitlich vor moderner Metallwand\" srcset=\"https:\/\/guenther-gruppe.de\/kia\/wp-content\/uploads\/sites\/9\/2021\/03\/beitragsbild-ev6.jpg 800w, https:\/\/guenther-gruppe.de\/kia\/wp-content\/uploads\/sites\/9\/2021\/03\/beitragsbild-ev6-300x225.jpg 300w, https:\/\/guenther-gruppe.de\/kia\/wp-content\/uploads\/sites\/9\/2021\/03\/beitragsbild-ev6-768x576.jpg 768w\" sizes=\"(max-width: 800px) 100vw, 800px\" \/>\n            <\/div>\n        <\/div><div class=\"eael-entry-wrapper\"><header class=\"eael-entry-header\"><h2 class=\"eael-entry-title\"><a class=\"eael-grid-post-link\" href=\"https:\/\/guenther-gruppe.de\/kia\/kia-ev9\/\" title=\"Der KIA EV9\">Der KIA EV9<\/a><\/h2><\/header><div class=\"eael-entry-content\">\n                        <div class=\"eael-grid-post-excerpt\"><p>Der mehrfach ausgezeichnete EV6, der 2022 zum \u201eAuto des Jahres in Europa\u201c gew\u00e4hlt wurde, diente als Vorlage f\u00fcr das Design...<\/p><a href=\"https:\/\/guenther-gruppe.de\/kia\/kia-ev9\/\" class=\"eael-post-elements-readmore-btn\">Mehr erfahren<\/a><\/div>\n                    <\/div><\/div><\/div>\n        <\/div>\n    <\/article><article class=\"eael-grid-post  eael-post-grid-column eael-pg-post-47263 category-angebote-modelle tags-autohaus-guenther-der-neue-kia-niro-kia-plug-in-hybris-vollelektronisch\" data-id=\"47263\">\n        <div class=\"eael-grid-post-holder\">\n            <div class=\"eael-grid-post-holder-inner\"><div class=\"eael-entry-media\"><div class=\"eael-entry-overlay fade-in\"><i class=\"\" aria-hidden=\"true\"><\/i><a href=\"https:\/\/guenther-gruppe.de\/kia\/der-neue-kia-niro\/\"><\/a><\/div><div class=\"eael-entry-thumbnail \">\n                <img decoding=\"async\" width=\"800\" height=\"600\" src=\"https:\/\/guenther-gruppe.de\/kia\/wp-content\/uploads\/sites\/9\/2022\/01\/beitragsbild-niro.jpg\" class=\"attachment-full size-full wp-image-48588\" alt=\"Silberfarbenes Elektro-SUV parkt vor modernem Geb\u00e4ude\" srcset=\"https:\/\/guenther-gruppe.de\/kia\/wp-content\/uploads\/sites\/9\/2022\/01\/beitragsbild-niro.jpg 800w, https:\/\/guenther-gruppe.de\/kia\/wp-content\/uploads\/sites\/9\/2022\/01\/beitragsbild-niro-300x225.jpg 300w, https:\/\/guenther-gruppe.de\/kia\/wp-content\/uploads\/sites\/9\/2022\/01\/beitragsbild-niro-768x576.jpg 768w\" sizes=\"(max-width: 800px) 100vw, 800px\" \/>\n            <\/div>\n        <\/div><div class=\"eael-entry-wrapper\"><header class=\"eael-entry-header\"><h2 class=\"eael-entry-title\"><a class=\"eael-grid-post-link\" href=\"https:\/\/guenther-gruppe.de\/kia\/der-neue-kia-niro\/\" title=\"Der neue Kia Niro\">Der neue Kia Niro<\/a><\/h2><\/header><div class=\"eael-entry-content\">\n                        <div class=\"eael-grid-post-excerpt\"><p>Der neue Kia Niro. Angetrieben durch Inspiration.<\/p><a href=\"https:\/\/guenther-gruppe.de\/kia\/der-neue-kia-niro\/\" class=\"eael-post-elements-readmore-btn\">Mehr erfahren<\/a><\/div>\n                    <\/div><\/div><\/div>\n        <\/div>\n    <\/article><\/div>\n            <div class=\"clearfix\"><\/div>\n        <\/div>            <div class=\"eael-load-more-button-wrap eael-force-hide\">\n                <button class=\"eael-load-more-button\" id=\"eael-load-more-btn-e384e3c\" data-widget-id=\"e384e3c\" data-widget=\"e384e3c\" data-page-id=\"5449\" data-template=\"{&quot;dir&quot;:&quot;lite&quot;,&quot;file_name&quot;:&quot;one.php&quot;,&quot;name&quot;:&quot;Post-Grid&quot;}\" data-class=\"Essential_Addons_Elementor\\Elements\\Post_Grid\" data-layout=\"grid\" data-page=\"1\" data-args=\"orderby=date&amp;order=desc&amp;ignore_sticky_posts=1&amp;post_status=publish&amp;posts_per_page=3&amp;offset=0&amp;post_type=post&amp;tax_query%5B0%5D%5Btaxonomy%5D=category&amp;tax_query%5B0%5D%5Bfield%5D=term_id&amp;tax_query%5B0%5D%5Bterms%5D%5B0%5D=758&amp;tax_query%5Brelation%5D=AND\" data-max-page=\"2\">\n                    <span class=\"eael-btn-loader button__loader\"><\/span>\n                    <span class=\"eael_load_more_text\">Load More<\/span>\n                <\/button>\n            <\/div>\n            \t\t\t\t<\/div>\n\t\t\t\t<\/div>\n\t\t\t\t\t<\/div>\n\t\t<\/div>\n\t\t\t\t\t<\/div>\n\t\t<\/section>\n\t\t\t\t<\/div>\n\t\t","protected":false},"excerpt":{"rendered":"<p>Entdecken Sie die Kia Modelle Der neue Kia Sportage 2021 Der neue Kia Sportage bringt Inspiration und neue Impulse in ihr Leben. Mehr erfahren KIA EV6 Der erste als reines Elektrofahrzeug gebaute Kia repr\u00e4sentiert die neue Designphilosophie der Marke. Mehr erfahren<\/p>\n","protected":false},"author":10,"featured_media":0,"parent":0,"menu_order":0,"comment_status":"closed","ping_status":"closed","template":"","meta":{"_acf_changed":false,"site-sidebar-layout":"no-sidebar","site-content-layout":"page-builder","ast-site-content-layout":"default","site-content-style":"default","site-sidebar-style":"default","ast-global-header-display":"","ast-banner-title-visibility":"","ast-main-header-display":"","ast-hfb-above-header-display":"","ast-hfb-below-header-display":"","ast-hfb-mobile-header-display":"","site-post-title":"disabled","ast-breadcrumbs-content":"","ast-featured-img":"disabled","footer-sml-layout":"","theme-transparent-header-meta":"default","adv-header-id-meta":"","stick-header-meta":"","header-above-stick-meta":"","header-main-stick-meta":"","header-below-stick-meta":"","astra-migrate-meta-layouts":"default","ast-page-background-enabled":"default","ast-page-background-meta":{"desktop":{"background-color":"","background-image":"","background-repeat":"repeat","background-position":"center center","background-size":"auto","background-attachment":"scroll","background-type":"","background-media":"","overlay-type":"","overlay-color":"","overlay-opacity":"","overlay-gradient":""},"tablet":{"background-color":"","background-image":"","background-repeat":"repeat","background-position":"center center","background-size":"auto","background-attachment":"scroll","background-type":"","background-media":"","overlay-type":"","overlay-color":"","overlay-opacity":"","overlay-gradient":""},"mobile":{"background-color":"","background-image":"","background-repeat":"repeat","background-position":"center center","background-size":"auto","background-attachment":"scroll","background-type":"","background-media":"","overlay-type":"","overlay-color":"","overlay-opacity":"","overlay-gradient":""}},"ast-content-background-meta":{"desktop":{"background-color":"var(--ast-global-color-5)","background-image":"","background-repeat":"repeat","background-position":"center center","background-size":"auto","background-attachment":"scroll","background-type":"","background-media":"","overlay-type":"","overlay-color":"","overlay-opacity":"","overlay-gradient":""},"tablet":{"background-color":"var(--ast-global-color-5)","background-image":"","background-repeat":"repeat","background-position":"center center","background-size":"auto","background-attachment":"scroll","background-type":"","background-media":"","overlay-type":"","overlay-color":"","overlay-opacity":"","overlay-gradient":""},"mobile":{"background-color":"var(--ast-global-color-5)","background-image":"","background-repeat":"repeat","background-position":"center center","background-size":"auto","background-attachment":"scroll","background-type":"","background-media":"","overlay-type":"","overlay-color":"","overlay-opacity":"","overlay-gradient":""}},"footnotes":""},"class_list":["post-5449","page","type-page","status-publish","hentry"],"acf":[],"yoast_head":"<!-- This site is optimized with the Yoast SEO plugin v26.5 - https:\/\/yoast.com\/wordpress\/plugins\/seo\/ -->\n<title>7-Jahre KIA Herstellergarantie | Autohaus G\u00fcnther GmbH<\/title>\n<meta name=\"description\" content=\"Wir sind Ihr KIA Vertragsh\u00e4ndler in Hamburg und Ahrensburg. Gerne informieren wir Sie \u00fcber die Vorteile unsere KIA 7-Jahre Herstellergarantie.\" \/>\n<meta name=\"robots\" content=\"index, follow, max-snippet:-1, max-image-preview:large, max-video-preview:-1\" \/>\n<link rel=\"canonical\" href=\"https:\/\/guenther-gruppe.de\/kia\/kia-modelle\/\" \/>\n<meta property=\"og:locale\" content=\"de_DE\" \/>\n<meta property=\"og:type\" content=\"article\" \/>\n<meta property=\"og:title\" content=\"7-Jahre KIA Herstellergarantie | Autohaus G\u00fcnther GmbH\" \/>\n<meta property=\"og:description\" content=\"Wir sind Ihr KIA Vertragsh\u00e4ndler in Hamburg und Ahrensburg. Gerne informieren wir Sie \u00fcber die Vorteile unsere KIA 7-Jahre Herstellergarantie.\" \/>\n<meta property=\"og:url\" content=\"https:\/\/guenther-gruppe.de\/kia\/kia-modelle\/\" \/>\n<meta property=\"og:site_name\" content=\"Autohaus G\u00fcnther GmbH - Kia Vertragsh\u00e4ndler Hamburg und Ahrensburg\" \/>\n<meta property=\"article:modified_time\" content=\"2021-09-14T15:43:16+00:00\" \/>\n<meta property=\"og:image\" content=\"https:\/\/guenther-gruppe.de\/kia\/wp-content\/uploads\/sites\/9\/2021\/09\/beitragsbild-der-neue-kia-sportage-2021.jpg\" \/>\n<meta name=\"twitter:card\" content=\"summary_large_image\" \/>\n<meta name=\"twitter:label1\" content=\"Gesch\u00e4tzte Lesezeit\" \/>\n\t<meta name=\"twitter:data1\" content=\"1\u00a0Minute\" \/>\n<script type=\"application\/ld+json\" class=\"yoast-schema-graph\">{\"@context\":\"https:\/\/schema.org\",\"@graph\":[{\"@type\":\"WebPage\",\"@id\":\"https:\/\/guenther-gruppe.de\/kia\/kia-modelle\/\",\"url\":\"https:\/\/guenther-gruppe.de\/kia\/kia-modelle\/\",\"name\":\"7-Jahre KIA Herstellergarantie | Autohaus G\u00fcnther GmbH\",\"isPartOf\":{\"@id\":\"https:\/\/guenther-gruppe.de\/kia\/#website\"},\"primaryImageOfPage\":{\"@id\":\"https:\/\/guenther-gruppe.de\/kia\/kia-modelle\/#primaryimage\"},\"image\":{\"@id\":\"https:\/\/guenther-gruppe.de\/kia\/kia-modelle\/#primaryimage\"},\"thumbnailUrl\":\"https:\/\/guenther-gruppe.de\/kia\/wp-content\/uploads\/sites\/9\/2021\/09\/beitragsbild-der-neue-kia-sportage-2021.jpg\",\"datePublished\":\"2021-03-26T13:48:05+00:00\",\"dateModified\":\"2021-09-14T15:43:16+00:00\",\"description\":\"Wir sind Ihr KIA Vertragsh\u00e4ndler in Hamburg und Ahrensburg. Gerne informieren wir Sie \u00fcber die Vorteile unsere KIA 7-Jahre Herstellergarantie.\",\"breadcrumb\":{\"@id\":\"https:\/\/guenther-gruppe.de\/kia\/kia-modelle\/#breadcrumb\"},\"inLanguage\":\"de\",\"potentialAction\":[{\"@type\":\"ReadAction\",\"target\":[\"https:\/\/guenther-gruppe.de\/kia\/kia-modelle\/\"]}]},{\"@type\":\"ImageObject\",\"inLanguage\":\"de\",\"@id\":\"https:\/\/guenther-gruppe.de\/kia\/kia-modelle\/#primaryimage\",\"url\":\"https:\/\/guenther-gruppe.de\/kia\/wp-content\/uploads\/sites\/9\/2021\/09\/beitragsbild-der-neue-kia-sportage-2021.jpg\",\"contentUrl\":\"https:\/\/guenther-gruppe.de\/kia\/wp-content\/uploads\/sites\/9\/2021\/09\/beitragsbild-der-neue-kia-sportage-2021.jpg\",\"width\":800,\"height\":600,\"caption\":\"Der neue Kia Sportage 2021\"},{\"@type\":\"BreadcrumbList\",\"@id\":\"https:\/\/guenther-gruppe.de\/kia\/kia-modelle\/#breadcrumb\",\"itemListElement\":[{\"@type\":\"ListItem\",\"position\":1,\"name\":\"Startseite\",\"item\":\"https:\/\/guenther-gruppe.de\/kia\/\"},{\"@type\":\"ListItem\",\"position\":2,\"name\":\"Modelle\"}]},{\"@type\":\"WebSite\",\"@id\":\"https:\/\/guenther-gruppe.de\/kia\/#website\",\"url\":\"https:\/\/guenther-gruppe.de\/kia\/\",\"name\":\"Autohaus G\u00fcnther GmbH - Kia Vertragsh\u00e4ndler Hamburg und Ahrensburg\",\"description\":\"Offizieller Kia Vertragsh\u00e4ndler\",\"publisher\":{\"@id\":\"https:\/\/guenther-gruppe.de\/kia\/#organization\"},\"potentialAction\":[{\"@type\":\"SearchAction\",\"target\":{\"@type\":\"EntryPoint\",\"urlTemplate\":\"https:\/\/guenther-gruppe.de\/kia\/?s={search_term_string}\"},\"query-input\":{\"@type\":\"PropertyValueSpecification\",\"valueRequired\":true,\"valueName\":\"search_term_string\"}}],\"inLanguage\":\"de\"},{\"@type\":\"Organization\",\"@id\":\"https:\/\/guenther-gruppe.de\/kia\/#organization\",\"name\":\"Autohaus G\u00fcnther GmbH\",\"url\":\"https:\/\/guenther-gruppe.de\/kia\/\",\"logo\":{\"@type\":\"ImageObject\",\"inLanguage\":\"de\",\"@id\":\"https:\/\/guenther-gruppe.de\/kia\/#\/schema\/logo\/image\/\",\"url\":\"https:\/\/guenther-gruppe.de\/kia\/wp-content\/uploads\/sites\/9\/2021\/03\/guenther_logo-kia.png\",\"contentUrl\":\"https:\/\/guenther-gruppe.de\/kia\/wp-content\/uploads\/sites\/9\/2021\/03\/guenther_logo-kia.png\",\"width\":2506,\"height\":400,\"caption\":\"Autohaus G\u00fcnther GmbH\"},\"image\":{\"@id\":\"https:\/\/guenther-gruppe.de\/kia\/#\/schema\/logo\/image\/\"}}]}<\/script>\n<!-- \/ Yoast SEO plugin. -->","yoast_head_json":{"title":"7-Jahre KIA Herstellergarantie | Autohaus G\u00fcnther GmbH","description":"Wir sind Ihr KIA Vertragsh\u00e4ndler in Hamburg und Ahrensburg. Gerne informieren wir Sie \u00fcber die Vorteile unsere KIA 7-Jahre Herstellergarantie.","robots":{"index":"index","follow":"follow","max-snippet":"max-snippet:-1","max-image-preview":"max-image-preview:large","max-video-preview":"max-video-preview:-1"},"canonical":"https:\/\/guenther-gruppe.de\/kia\/kia-modelle\/","og_locale":"de_DE","og_type":"article","og_title":"7-Jahre KIA Herstellergarantie | Autohaus G\u00fcnther GmbH","og_description":"Wir sind Ihr KIA Vertragsh\u00e4ndler in Hamburg und Ahrensburg. Gerne informieren wir Sie \u00fcber die Vorteile unsere KIA 7-Jahre Herstellergarantie.","og_url":"https:\/\/guenther-gruppe.de\/kia\/kia-modelle\/","og_site_name":"Autohaus G\u00fcnther GmbH - Kia Vertragsh\u00e4ndler Hamburg und Ahrensburg","article_modified_time":"2021-09-14T15:43:16+00:00","og_image":[{"url":"https:\/\/guenther-gruppe.de\/kia\/wp-content\/uploads\/sites\/9\/2021\/09\/beitragsbild-der-neue-kia-sportage-2021.jpg","type":"","width":"","height":""}],"twitter_card":"summary_large_image","twitter_misc":{"Gesch\u00e4tzte Lesezeit":"1\u00a0Minute"},"schema":{"@context":"https:\/\/schema.org","@graph":[{"@type":"WebPage","@id":"https:\/\/guenther-gruppe.de\/kia\/kia-modelle\/","url":"https:\/\/guenther-gruppe.de\/kia\/kia-modelle\/","name":"7-Jahre KIA Herstellergarantie | Autohaus G\u00fcnther GmbH","isPartOf":{"@id":"https:\/\/guenther-gruppe.de\/kia\/#website"},"primaryImageOfPage":{"@id":"https:\/\/guenther-gruppe.de\/kia\/kia-modelle\/#primaryimage"},"image":{"@id":"https:\/\/guenther-gruppe.de\/kia\/kia-modelle\/#primaryimage"},"thumbnailUrl":"https:\/\/guenther-gruppe.de\/kia\/wp-content\/uploads\/sites\/9\/2021\/09\/beitragsbild-der-neue-kia-sportage-2021.jpg","datePublished":"2021-03-26T13:48:05+00:00","dateModified":"2021-09-14T15:43:16+00:00","description":"Wir sind Ihr KIA Vertragsh\u00e4ndler in Hamburg und Ahrensburg. Gerne informieren wir Sie \u00fcber die Vorteile unsere KIA 7-Jahre Herstellergarantie.","breadcrumb":{"@id":"https:\/\/guenther-gruppe.de\/kia\/kia-modelle\/#breadcrumb"},"inLanguage":"de","potentialAction":[{"@type":"ReadAction","target":["https:\/\/guenther-gruppe.de\/kia\/kia-modelle\/"]}]},{"@type":"ImageObject","inLanguage":"de","@id":"https:\/\/guenther-gruppe.de\/kia\/kia-modelle\/#primaryimage","url":"https:\/\/guenther-gruppe.de\/kia\/wp-content\/uploads\/sites\/9\/2021\/09\/beitragsbild-der-neue-kia-sportage-2021.jpg","contentUrl":"https:\/\/guenther-gruppe.de\/kia\/wp-content\/uploads\/sites\/9\/2021\/09\/beitragsbild-der-neue-kia-sportage-2021.jpg","width":800,"height":600,"caption":"Der neue Kia Sportage 2021"},{"@type":"BreadcrumbList","@id":"https:\/\/guenther-gruppe.de\/kia\/kia-modelle\/#breadcrumb","itemListElement":[{"@type":"ListItem","position":1,"name":"Startseite","item":"https:\/\/guenther-gruppe.de\/kia\/"},{"@type":"ListItem","position":2,"name":"Modelle"}]},{"@type":"WebSite","@id":"https:\/\/guenther-gruppe.de\/kia\/#website","url":"https:\/\/guenther-gruppe.de\/kia\/","name":"Autohaus G\u00fcnther GmbH - Kia Vertragsh\u00e4ndler Hamburg und Ahrensburg","description":"Offizieller Kia Vertragsh\u00e4ndler","publisher":{"@id":"https:\/\/guenther-gruppe.de\/kia\/#organization"},"potentialAction":[{"@type":"SearchAction","target":{"@type":"EntryPoint","urlTemplate":"https:\/\/guenther-gruppe.de\/kia\/?s={search_term_string}"},"query-input":{"@type":"PropertyValueSpecification","valueRequired":true,"valueName":"search_term_string"}}],"inLanguage":"de"},{"@type":"Organization","@id":"https:\/\/guenther-gruppe.de\/kia\/#organization","name":"Autohaus G\u00fcnther GmbH","url":"https:\/\/guenther-gruppe.de\/kia\/","logo":{"@type":"ImageObject","inLanguage":"de","@id":"https:\/\/guenther-gruppe.de\/kia\/#\/schema\/logo\/image\/","url":"https:\/\/guenther-gruppe.de\/kia\/wp-content\/uploads\/sites\/9\/2021\/03\/guenther_logo-kia.png","contentUrl":"https:\/\/guenther-gruppe.de\/kia\/wp-content\/uploads\/sites\/9\/2021\/03\/guenther_logo-kia.png","width":2506,"height":400,"caption":"Autohaus G\u00fcnther GmbH"},"image":{"@id":"https:\/\/guenther-gruppe.de\/kia\/#\/schema\/logo\/image\/"}}]}},"_links":{"self":[{"href":"https:\/\/guenther-gruppe.de\/kia\/wp-json\/wp\/v2\/pages\/5449","targetHints":{"allow":["GET"]}}],"collection":[{"href":"https:\/\/guenther-gruppe.de\/kia\/wp-json\/wp\/v2\/pages"}],"about":[{"href":"https:\/\/guenther-gruppe.de\/kia\/wp-json\/wp\/v2\/types\/page"}],"author":[{"embeddable":true,"href":"https:\/\/guenther-gruppe.de\/kia\/wp-json\/wp\/v2\/users\/10"}],"replies":[{"embeddable":true,"href":"https:\/\/guenther-gruppe.de\/kia\/wp-json\/wp\/v2\/comments?post=5449"}],"version-history":[{"count":5,"href":"https:\/\/guenther-gruppe.de\/kia\/wp-json\/wp\/v2\/pages\/5449\/revisions"}],"predecessor-version":[{"id":92350,"href":"https:\/\/guenther-gruppe.de\/kia\/wp-json\/wp\/v2\/pages\/5449\/revisions\/92350"}],"wp:attachment":[{"href":"https:\/\/guenther-gruppe.de\/kia\/wp-json\/wp\/v2\/media?parent=5449"}],"curies":[{"name":"wp","href":"https:\/\/api.w.org\/{rel}","templated":true}]}}