{"id":2394,"date":"2021-02-28T21:03:06","date_gmt":"2021-02-28T20:03:06","guid":{"rendered":"https:\/\/guenther-gruppe.de\/kia\/?page_id=2394"},"modified":"2025-02-12T23:52:00","modified_gmt":"2025-02-12T22:52:00","slug":"hu-au-hauptuntersuchung","status":"publish","type":"page","link":"https:\/\/guenther-gruppe.de\/kia\/hu-au-hauptuntersuchung\/","title":{"rendered":"HU \/ AU Hauptuntersuchung"},"content":{"rendered":"\t\t<div data-elementor-type=\"wp-page\" data-elementor-id=\"2394\" class=\"elementor elementor-2394\" data-elementor-post-type=\"page\">\n\t\t\t\t\t\t<section class=\"elementor-section elementor-top-section elementor-element elementor-element-12f6bcb elementor-section-boxed elementor-section-height-default elementor-section-height-default\" data-id=\"12f6bcb\" data-element_type=\"section\" data-settings=\"{&quot;background_background&quot;:&quot;gradient&quot;}\">\n\t\t\t\t\t\t<div class=\"elementor-container elementor-column-gap-no\">\n\t\t\t\t\t<div class=\"elementor-column elementor-col-50 elementor-top-column elementor-element elementor-element-3074520\" data-id=\"3074520\" data-element_type=\"column\">\n\t\t\t<div class=\"elementor-widget-wrap elementor-element-populated\">\n\t\t\t\t\t\t<div class=\"elementor-element elementor-element-c167e4c elementor-widget elementor-widget-heading\" data-id=\"c167e4c\" data-element_type=\"widget\" data-widget_type=\"heading.default\">\n\t\t\t\t<div class=\"elementor-widget-container\">\n\t\t\t\t\t<h2 class=\"elementor-heading-title elementor-size-default\">HU \/ AU Hauptuntersuchung<\/h2>\t\t\t\t<\/div>\n\t\t\t\t<\/div>\n\t\t\t\t<div class=\"elementor-element elementor-element-f8df36b elementor-widget-divider--view-line elementor-widget elementor-widget-divider\" data-id=\"f8df36b\" data-element_type=\"widget\" data-widget_type=\"divider.default\">\n\t\t\t\t<div class=\"elementor-widget-container\">\n\t\t\t\t\t\t\t<div class=\"elementor-divider\">\n\t\t\t<span class=\"elementor-divider-separator\">\n\t\t\t\t\t\t<\/span>\n\t\t<\/div>\n\t\t\t\t\t\t<\/div>\n\t\t\t\t<\/div>\n\t\t\t\t<div class=\"elementor-element elementor-element-0d3da55 elementor-widget elementor-widget-text-editor\" data-id=\"0d3da55\" data-element_type=\"widget\" data-widget_type=\"text-editor.default\">\n\t\t\t\t<div class=\"elementor-widget-container\">\n\t\t\t\t\t\t\t\t\t<p>Ihre Haupt- und Abgasuntersuchung (HU \/ AU) \u00fcbernimmt ein professioneller Pr\u00fcfer einer staatlich anerkannten Pr\u00fcforganisation.<\/p><p>Zu der Sicherheitsuntersuchung Ihres Fahrzeugs geh\u00f6ren alle verkehrssicherheitsrelevanten Bauteile, wie Bremsen, Aufh\u00e4ngung, Abgasanlage, Reifen und Beleuchtung. Zus\u00e4tzlich f\u00fchren wir einen Abgastest durch, um die Abgaswerte des Fahrzeugs zu bestimmen. Beide Untersuchungen werden protokolliert und bei Bestehen der HU\/AU stellen wir die Verkehrssicherheit ihres Fahrzeugs f\u00fcr die n\u00e4chsten 2 Jahr fest.<\/p><p>Steht die n\u00e4chste HU\/AU bei Ihnen an? Fragen sie \u00fcber unser Online-Serviceformular einen Termin an:<\/p>\t\t\t\t\t\t\t\t<\/div>\n\t\t\t\t<\/div>\n\t\t\t\t\t<\/div>\n\t\t<\/div>\n\t\t\t\t<div class=\"elementor-column elementor-col-50 elementor-top-column elementor-element elementor-element-ab661fa\" data-id=\"ab661fa\" data-element_type=\"column\">\n\t\t\t<div class=\"elementor-widget-wrap elementor-element-populated\">\n\t\t\t\t\t\t<div class=\"elementor-element elementor-element-478ddc7 elementor-widget-tablet__width-initial elementor-widget-mobile__width-inherit elementor-widget elementor-widget-image\" data-id=\"478ddc7\" data-element_type=\"widget\" data-widget_type=\"image.default\">\n\t\t\t\t<div class=\"elementor-widget-container\">\n\t\t\t\t\t\t\t\t\t\t\t\t\t\t\t<img fetchpriority=\"high\" decoding=\"async\" width=\"1024\" height=\"851\" src=\"https:\/\/guenther-gruppe.de\/kia\/wp-content\/uploads\/sites\/9\/2021\/02\/service_HU-AU-Hauptuntersuchung_Headerbild-1024x851.jpg\" class=\"attachment-large size-large wp-image-2335\" alt=\"Mechaniker bei der Motorinspektion eines roten Kia-Fahrzeugs\" srcset=\"https:\/\/guenther-gruppe.de\/kia\/wp-content\/uploads\/sites\/9\/2021\/02\/service_HU-AU-Hauptuntersuchung_Headerbild-1024x851.jpg 1024w, https:\/\/guenther-gruppe.de\/kia\/wp-content\/uploads\/sites\/9\/2021\/02\/service_HU-AU-Hauptuntersuchung_Headerbild-300x249.jpg 300w, https:\/\/guenther-gruppe.de\/kia\/wp-content\/uploads\/sites\/9\/2021\/02\/service_HU-AU-Hauptuntersuchung_Headerbild-768x638.jpg 768w, https:\/\/guenther-gruppe.de\/kia\/wp-content\/uploads\/sites\/9\/2021\/02\/service_HU-AU-Hauptuntersuchung_Headerbild.jpg 1300w\" sizes=\"(max-width: 1024px) 100vw, 1024px\" \/>\t\t\t\t\t\t\t\t\t\t\t\t\t\t\t<\/div>\n\t\t\t\t<\/div>\n\t\t\t\t<div class=\"elementor-element elementor-element-6c0dd87 elementor-widget-tablet__width-initial elementor-widget-mobile__width-inherit elementor-widget elementor-widget-image\" data-id=\"6c0dd87\" data-element_type=\"widget\" data-widget_type=\"image.default\">\n\t\t\t\t<div class=\"elementor-widget-container\">\n\t\t\t\t\t\t\t\t\t\t\t\t\t\t\t<img decoding=\"async\" src=\"http:\/\/guenther-gruppe.de\/kia\/wp-content\/uploads\/sites\/9\/2021\/02\/plumber-handyman-repair.jpg\" title=\"\" alt=\"\" loading=\"lazy\" \/>\t\t\t\t\t\t\t\t\t\t\t\t\t\t\t<\/div>\n\t\t\t\t<\/div>\n\t\t\t\t\t<\/div>\n\t\t<\/div>\n\t\t\t\t\t<\/div>\n\t\t<\/section>\n\t\t\t\t<section class=\"elementor-section elementor-top-section elementor-element elementor-element-3131c0d elementor-section-boxed elementor-section-height-default elementor-section-height-default\" data-id=\"3131c0d\" data-element_type=\"section\" data-settings=\"{&quot;background_background&quot;:&quot;classic&quot;}\">\n\t\t\t\t\t\t<div class=\"elementor-container elementor-column-gap-default\">\n\t\t\t\t\t<div class=\"elementor-column elementor-col-100 elementor-top-column elementor-element elementor-element-576a6a4\" data-id=\"576a6a4\" data-element_type=\"column\" data-settings=\"{&quot;background_background&quot;:&quot;classic&quot;}\">\n\t\t\t<div class=\"elementor-widget-wrap elementor-element-populated\">\n\t\t\t\t\t\t<div class=\"elementor-element elementor-element-ce8cac0 elementor-widget elementor-widget-wp-widget-wpforms-widget\" data-id=\"ce8cac0\" data-element_type=\"widget\" data-widget_type=\"wp-widget-wpforms-widget.default\">\n\t\t\t\t<div class=\"elementor-widget-container\">\n\t\t\t\t\t<div class=\"wpforms-container wpforms-container-full\" id=\"wpforms-2306\"><form id=\"wpforms-form-2306\" class=\"wpforms-validate wpforms-form\" data-formid=\"2306\" method=\"post\" enctype=\"multipart\/form-data\" action=\"\/kia\/wp-json\/wp\/v2\/pages\/2394\" data-token=\"83e0a5600f4858e2f70d97532f5b4bb8\" data-token-time=\"1777694855\"><noscript class=\"wpforms-error-noscript\">Bitte aktiviere JavaScript in deinem Browser, um dieses Formular fertigzustellen.<\/noscript><div class=\"wpforms-field-container\"><div id=\"wpforms-2306-field_0-container\" class=\"wpforms-field wpforms-field-name\" data-field-id=\"0\"><label class=\"wpforms-field-label\" for=\"wpforms-2306-field_0\">Ihr Name <span class=\"wpforms-required-label\">*<\/span><\/label><input type=\"text\" id=\"wpforms-2306-field_0\" class=\"wpforms-field-large wpforms-field-required\" name=\"wpforms[fields][0]\" required><\/div><div id=\"wpforms-2306-field_1-container\" class=\"wpforms-field wpforms-field-email\" data-field-id=\"1\"><label class=\"wpforms-field-label\" for=\"wpforms-2306-field_1\">Ihre E-Mailadresse <span class=\"wpforms-required-label\">*<\/span><\/label><input type=\"email\" id=\"wpforms-2306-field_1\" class=\"wpforms-field-large wpforms-field-required\" name=\"wpforms[fields][1]\" spellcheck=\"false\" required><\/div><div id=\"wpforms-2306-field_8-container\" class=\"wpforms-field wpforms-field-checkbox\" data-field-id=\"8\"><label class=\"wpforms-field-label\">Ihre Wunschfiliale (optional)<\/label><ul id=\"wpforms-2306-field_8\" data-choice-limit=\"1\"><li class=\"choice-1 depth-1\"><input type=\"checkbox\" id=\"wpforms-2306-field_8_1\" data-rule-check-limit=\"true\" name=\"wpforms[fields][8][]\" value=\"Hamburg-Poppenb\u00fcttel\"  ><label class=\"wpforms-field-label-inline\" for=\"wpforms-2306-field_8_1\">Hamburg-Poppenb\u00fcttel<\/label><\/li><li class=\"choice-2 depth-1\"><input type=\"checkbox\" id=\"wpforms-2306-field_8_2\" data-rule-check-limit=\"true\" name=\"wpforms[fields][8][]\" value=\"Hamburg-Hamm\"  ><label class=\"wpforms-field-label-inline\" for=\"wpforms-2306-field_8_2\">Hamburg-Hamm<\/label><\/li><li class=\"choice-3 depth-1\"><input type=\"checkbox\" id=\"wpforms-2306-field_8_3\" data-rule-check-limit=\"true\" name=\"wpforms[fields][8][]\" value=\"Ahrensburg\"  ><label class=\"wpforms-field-label-inline\" for=\"wpforms-2306-field_8_3\">Ahrensburg<\/label><\/li><li class=\"choice-4 depth-1\"><input type=\"checkbox\" id=\"wpforms-2306-field_8_4\" data-rule-check-limit=\"true\" name=\"wpforms[fields][8][]\" value=\"Etehad - Halstenbek\"  ><label class=\"wpforms-field-label-inline\" for=\"wpforms-2306-field_8_4\">Etehad - Halstenbek<\/label><\/li><\/ul><\/div><div id=\"wpforms-2306-field_14-container\" class=\"wpforms-field wpforms-field-text\" data-field-id=\"14\"><label class=\"wpforms-field-label\" for=\"wpforms-2306-field_14\">Fahrzeug (optional)<\/label><input type=\"text\" id=\"wpforms-2306-field_14\" class=\"wpforms-field-medium\" name=\"wpforms[fields][14]\" ><\/div><div id=\"wpforms-2306-field_2-container\" class=\"wpforms-field wpforms-field-textarea\" data-field-id=\"2\"><label class=\"wpforms-field-label\" for=\"wpforms-2306-field_2\">Ihre Nachricht <span class=\"wpforms-required-label\">*<\/span><\/label><textarea id=\"wpforms-2306-field_2\" class=\"wpforms-field-medium wpforms-field-required\" name=\"wpforms[fields][2]\" required><\/textarea><\/div><\/div><!-- .wpforms-field-container --><div class=\"wpforms-field wpforms-field-hp\"><label for=\"wpforms-2306-field-hp\" class=\"wpforms-field-label\">Comment<\/label><input type=\"text\" name=\"wpforms[hp]\" id=\"wpforms-2306-field-hp\" class=\"wpforms-field-medium\"><\/div><div class=\"wpforms-submit-container\" ><input type=\"hidden\" name=\"wpforms[id]\" value=\"2306\"><input type=\"hidden\" name=\"page_title\" value=\"\"><input type=\"hidden\" name=\"page_url\" value=\"https:\/\/guenther-gruppe.de\/kia\/wp-json\/wp\/v2\/pages\/2394\"><input type=\"hidden\" name=\"url_referer\" value=\"\"><button type=\"submit\" name=\"wpforms[submit]\" id=\"wpforms-submit-2306\" class=\"wpforms-submit\" data-alt-text=\"Sending...\" data-submit-text=\"Senden\" aria-live=\"assertive\" value=\"wpforms-submit\">Senden<\/button><\/div><\/form><\/div>  <!-- .wpforms-container -->\t\t\t\t<\/div>\n\t\t\t\t<\/div>\n\t\t\t\t\t<\/div>\n\t\t<\/div>\n\t\t\t\t\t<\/div>\n\t\t<\/section>\n\t\t\t\t<\/div>\n\t\t","protected":false},"excerpt":{"rendered":"<p>HU \/ AU Hauptuntersuchung Ihre Haupt- und Abgasuntersuchung (HU \/ AU) \u00fcbernimmt ein professioneller Pr\u00fcfer einer staatlich anerkannten Pr\u00fcforganisation. Zu der Sicherheitsuntersuchung Ihres Fahrzeugs geh\u00f6ren alle verkehrssicherheitsrelevanten Bauteile, wie Bremsen, Aufh\u00e4ngung, Abgasanlage, Reifen und Beleuchtung. Zus\u00e4tzlich f\u00fchren wir einen Abgastest durch, um die Abgaswerte des Fahrzeugs zu bestimmen. Beide Untersuchungen werden protokolliert und bei Bestehen <a class=\"fusion-button\" href=\"https:\/\/guenther-gruppe.de\/kia\/hu-au-hauptuntersuchung\/\">Read More \u00bb<\/a><\/p>\n","protected":false},"author":10,"featured_media":0,"parent":0,"menu_order":0,"comment_status":"closed","ping_status":"closed","template":"","meta":{"_acf_changed":false,"site-sidebar-layout":"no-sidebar","site-content-layout":"page-builder","ast-site-content-layout":"default","site-content-style":"default","site-sidebar-style":"default","ast-global-header-display":"","ast-banner-title-visibility":"","ast-main-header-display":"","ast-hfb-above-header-display":"","ast-hfb-below-header-display":"","ast-hfb-mobile-header-display":"","site-post-title":"disabled","ast-breadcrumbs-content":"","ast-featured-img":"disabled","footer-sml-layout":"","theme-transparent-header-meta":"default","adv-header-id-meta":"","stick-header-meta":"","header-above-stick-meta":"","header-main-stick-meta":"","header-below-stick-meta":"","astra-migrate-meta-layouts":"default","ast-page-background-enabled":"default","ast-page-background-meta":{"desktop":{"background-color":"","background-image":"","background-repeat":"repeat","background-position":"center center","background-size":"auto","background-attachment":"scroll","background-type":"","background-media":"","overlay-type":"","overlay-color":"","overlay-opacity":"","overlay-gradient":""},"tablet":{"background-color":"","background-image":"","background-repeat":"repeat","background-position":"center center","background-size":"auto","background-attachment":"scroll","background-type":"","background-media":"","overlay-type":"","overlay-color":"","overlay-opacity":"","overlay-gradient":""},"mobile":{"background-color":"","background-image":"","background-repeat":"repeat","background-position":"center center","background-size":"auto","background-attachment":"scroll","background-type":"","background-media":"","overlay-type":"","overlay-color":"","overlay-opacity":"","overlay-gradient":""}},"ast-content-background-meta":{"desktop":{"background-color":"var(--ast-global-color-5)","background-image":"","background-repeat":"repeat","background-position":"center center","background-size":"auto","background-attachment":"scroll","background-type":"","background-media":"","overlay-type":"","overlay-color":"","overlay-opacity":"","overlay-gradient":""},"tablet":{"background-color":"var(--ast-global-color-5)","background-image":"","background-repeat":"repeat","background-position":"center center","background-size":"auto","background-attachment":"scroll","background-type":"","background-media":"","overlay-type":"","overlay-color":"","overlay-opacity":"","overlay-gradient":""},"mobile":{"background-color":"var(--ast-global-color-5)","background-image":"","background-repeat":"repeat","background-position":"center center","background-size":"auto","background-attachment":"scroll","background-type":"","background-media":"","overlay-type":"","overlay-color":"","overlay-opacity":"","overlay-gradient":""}},"footnotes":""},"class_list":["post-2394","page","type-page","status-publish","hentry"],"acf":[],"yoast_head":"<!-- This site is optimized with the Yoast SEO plugin v26.5 - https:\/\/yoast.com\/wordpress\/plugins\/seo\/ -->\n<title>KIA Service T\u00dcV (HU &amp; AU) | Autohaus G\u00fcnther GmbH<\/title>\n<meta name=\"description\" content=\"Vereinbaren Sie jetzt Ihren individuellen T\u00dcV-Termin in einer unseren KIA Filialen in Hamburg und Ahrensburg.\" \/>\n<meta name=\"robots\" content=\"index, follow, max-snippet:-1, max-image-preview:large, max-video-preview:-1\" \/>\n<link rel=\"canonical\" href=\"https:\/\/guenther-gruppe.de\/kia\/hu-au-hauptuntersuchung\/\" \/>\n<meta property=\"og:locale\" content=\"de_DE\" \/>\n<meta property=\"og:type\" content=\"article\" \/>\n<meta property=\"og:title\" content=\"KIA Service T\u00dcV (HU &amp; AU) | Autohaus G\u00fcnther GmbH\" \/>\n<meta property=\"og:description\" content=\"Vereinbaren Sie jetzt Ihren individuellen T\u00dcV-Termin in einer unseren KIA Filialen in Hamburg und Ahrensburg.\" \/>\n<meta property=\"og:url\" content=\"https:\/\/guenther-gruppe.de\/kia\/hu-au-hauptuntersuchung\/\" \/>\n<meta property=\"og:site_name\" content=\"Autohaus G\u00fcnther GmbH - Kia Vertragsh\u00e4ndler Hamburg und Ahrensburg\" \/>\n<meta property=\"article:modified_time\" content=\"2025-02-12T22:52:00+00:00\" \/>\n<meta property=\"og:image\" content=\"https:\/\/guenther-gruppe.de\/kia\/wp-content\/uploads\/sites\/9\/2021\/02\/service_HU-AU-Hauptuntersuchung_Headerbild.jpg\" \/>\n\t<meta property=\"og:image:width\" content=\"1300\" \/>\n\t<meta property=\"og:image:height\" content=\"1080\" \/>\n\t<meta property=\"og:image:type\" content=\"image\/jpeg\" \/>\n<meta name=\"twitter:card\" content=\"summary_large_image\" \/>\n<meta name=\"twitter:label1\" content=\"Gesch\u00e4tzte Lesezeit\" \/>\n\t<meta name=\"twitter:data1\" content=\"2\u00a0Minuten\" \/>\n<script type=\"application\/ld+json\" class=\"yoast-schema-graph\">{\"@context\":\"https:\/\/schema.org\",\"@graph\":[{\"@type\":\"WebPage\",\"@id\":\"https:\/\/guenther-gruppe.de\/kia\/hu-au-hauptuntersuchung\/\",\"url\":\"https:\/\/guenther-gruppe.de\/kia\/hu-au-hauptuntersuchung\/\",\"name\":\"KIA Service T\u00dcV (HU & AU) | Autohaus G\u00fcnther GmbH\",\"isPartOf\":{\"@id\":\"https:\/\/guenther-gruppe.de\/kia\/#website\"},\"primaryImageOfPage\":{\"@id\":\"https:\/\/guenther-gruppe.de\/kia\/hu-au-hauptuntersuchung\/#primaryimage\"},\"image\":{\"@id\":\"https:\/\/guenther-gruppe.de\/kia\/hu-au-hauptuntersuchung\/#primaryimage\"},\"thumbnailUrl\":\"https:\/\/guenther-gruppe.de\/kia\/wp-content\/uploads\/sites\/9\/2021\/02\/service_HU-AU-Hauptuntersuchung_Headerbild-1024x851.jpg\",\"datePublished\":\"2021-02-28T20:03:06+00:00\",\"dateModified\":\"2025-02-12T22:52:00+00:00\",\"description\":\"Vereinbaren Sie jetzt Ihren individuellen T\u00dcV-Termin in einer unseren KIA Filialen in Hamburg und Ahrensburg.\",\"breadcrumb\":{\"@id\":\"https:\/\/guenther-gruppe.de\/kia\/hu-au-hauptuntersuchung\/#breadcrumb\"},\"inLanguage\":\"de\",\"potentialAction\":[{\"@type\":\"ReadAction\",\"target\":[\"https:\/\/guenther-gruppe.de\/kia\/hu-au-hauptuntersuchung\/\"]}]},{\"@type\":\"ImageObject\",\"inLanguage\":\"de\",\"@id\":\"https:\/\/guenther-gruppe.de\/kia\/hu-au-hauptuntersuchung\/#primaryimage\",\"url\":\"https:\/\/guenther-gruppe.de\/kia\/wp-content\/uploads\/sites\/9\/2021\/02\/service_HU-AU-Hauptuntersuchung_Headerbild.jpg\",\"contentUrl\":\"https:\/\/guenther-gruppe.de\/kia\/wp-content\/uploads\/sites\/9\/2021\/02\/service_HU-AU-Hauptuntersuchung_Headerbild.jpg\",\"width\":1300,\"height\":1080,\"caption\":\"Mechaniker bei der Motorinspektion eines roten Kia-Fahrzeugs\"},{\"@type\":\"BreadcrumbList\",\"@id\":\"https:\/\/guenther-gruppe.de\/kia\/hu-au-hauptuntersuchung\/#breadcrumb\",\"itemListElement\":[{\"@type\":\"ListItem\",\"position\":1,\"name\":\"Startseite\",\"item\":\"https:\/\/guenther-gruppe.de\/kia\/\"},{\"@type\":\"ListItem\",\"position\":2,\"name\":\"HU \/ AU Hauptuntersuchung\"}]},{\"@type\":\"WebSite\",\"@id\":\"https:\/\/guenther-gruppe.de\/kia\/#website\",\"url\":\"https:\/\/guenther-gruppe.de\/kia\/\",\"name\":\"Autohaus G\u00fcnther GmbH - Kia Vertragsh\u00e4ndler Hamburg und Ahrensburg\",\"description\":\"Offizieller Kia Vertragsh\u00e4ndler\",\"publisher\":{\"@id\":\"https:\/\/guenther-gruppe.de\/kia\/#organization\"},\"potentialAction\":[{\"@type\":\"SearchAction\",\"target\":{\"@type\":\"EntryPoint\",\"urlTemplate\":\"https:\/\/guenther-gruppe.de\/kia\/?s={search_term_string}\"},\"query-input\":{\"@type\":\"PropertyValueSpecification\",\"valueRequired\":true,\"valueName\":\"search_term_string\"}}],\"inLanguage\":\"de\"},{\"@type\":\"Organization\",\"@id\":\"https:\/\/guenther-gruppe.de\/kia\/#organization\",\"name\":\"Autohaus G\u00fcnther GmbH\",\"url\":\"https:\/\/guenther-gruppe.de\/kia\/\",\"logo\":{\"@type\":\"ImageObject\",\"inLanguage\":\"de\",\"@id\":\"https:\/\/guenther-gruppe.de\/kia\/#\/schema\/logo\/image\/\",\"url\":\"https:\/\/guenther-gruppe.de\/kia\/wp-content\/uploads\/sites\/9\/2021\/03\/guenther_logo-kia.png\",\"contentUrl\":\"https:\/\/guenther-gruppe.de\/kia\/wp-content\/uploads\/sites\/9\/2021\/03\/guenther_logo-kia.png\",\"width\":2506,\"height\":400,\"caption\":\"Autohaus G\u00fcnther GmbH\"},\"image\":{\"@id\":\"https:\/\/guenther-gruppe.de\/kia\/#\/schema\/logo\/image\/\"}}]}<\/script>\n<!-- \/ Yoast SEO plugin. -->","yoast_head_json":{"title":"KIA Service T\u00dcV (HU & AU) | Autohaus G\u00fcnther GmbH","description":"Vereinbaren Sie jetzt Ihren individuellen T\u00dcV-Termin in einer unseren KIA Filialen in Hamburg und Ahrensburg.","robots":{"index":"index","follow":"follow","max-snippet":"max-snippet:-1","max-image-preview":"max-image-preview:large","max-video-preview":"max-video-preview:-1"},"canonical":"https:\/\/guenther-gruppe.de\/kia\/hu-au-hauptuntersuchung\/","og_locale":"de_DE","og_type":"article","og_title":"KIA Service T\u00dcV (HU & AU) | Autohaus G\u00fcnther GmbH","og_description":"Vereinbaren Sie jetzt Ihren individuellen T\u00dcV-Termin in einer unseren KIA Filialen in Hamburg und Ahrensburg.","og_url":"https:\/\/guenther-gruppe.de\/kia\/hu-au-hauptuntersuchung\/","og_site_name":"Autohaus G\u00fcnther GmbH - Kia Vertragsh\u00e4ndler Hamburg und Ahrensburg","article_modified_time":"2025-02-12T22:52:00+00:00","og_image":[{"width":1300,"height":1080,"url":"https:\/\/guenther-gruppe.de\/kia\/wp-content\/uploads\/sites\/9\/2021\/02\/service_HU-AU-Hauptuntersuchung_Headerbild.jpg","type":"image\/jpeg"}],"twitter_card":"summary_large_image","twitter_misc":{"Gesch\u00e4tzte Lesezeit":"2\u00a0Minuten"},"schema":{"@context":"https:\/\/schema.org","@graph":[{"@type":"WebPage","@id":"https:\/\/guenther-gruppe.de\/kia\/hu-au-hauptuntersuchung\/","url":"https:\/\/guenther-gruppe.de\/kia\/hu-au-hauptuntersuchung\/","name":"KIA Service T\u00dcV (HU & AU) | Autohaus G\u00fcnther GmbH","isPartOf":{"@id":"https:\/\/guenther-gruppe.de\/kia\/#website"},"primaryImageOfPage":{"@id":"https:\/\/guenther-gruppe.de\/kia\/hu-au-hauptuntersuchung\/#primaryimage"},"image":{"@id":"https:\/\/guenther-gruppe.de\/kia\/hu-au-hauptuntersuchung\/#primaryimage"},"thumbnailUrl":"https:\/\/guenther-gruppe.de\/kia\/wp-content\/uploads\/sites\/9\/2021\/02\/service_HU-AU-Hauptuntersuchung_Headerbild-1024x851.jpg","datePublished":"2021-02-28T20:03:06+00:00","dateModified":"2025-02-12T22:52:00+00:00","description":"Vereinbaren Sie jetzt Ihren individuellen T\u00dcV-Termin in einer unseren KIA Filialen in Hamburg und Ahrensburg.","breadcrumb":{"@id":"https:\/\/guenther-gruppe.de\/kia\/hu-au-hauptuntersuchung\/#breadcrumb"},"inLanguage":"de","potentialAction":[{"@type":"ReadAction","target":["https:\/\/guenther-gruppe.de\/kia\/hu-au-hauptuntersuchung\/"]}]},{"@type":"ImageObject","inLanguage":"de","@id":"https:\/\/guenther-gruppe.de\/kia\/hu-au-hauptuntersuchung\/#primaryimage","url":"https:\/\/guenther-gruppe.de\/kia\/wp-content\/uploads\/sites\/9\/2021\/02\/service_HU-AU-Hauptuntersuchung_Headerbild.jpg","contentUrl":"https:\/\/guenther-gruppe.de\/kia\/wp-content\/uploads\/sites\/9\/2021\/02\/service_HU-AU-Hauptuntersuchung_Headerbild.jpg","width":1300,"height":1080,"caption":"Mechaniker bei der Motorinspektion eines roten Kia-Fahrzeugs"},{"@type":"BreadcrumbList","@id":"https:\/\/guenther-gruppe.de\/kia\/hu-au-hauptuntersuchung\/#breadcrumb","itemListElement":[{"@type":"ListItem","position":1,"name":"Startseite","item":"https:\/\/guenther-gruppe.de\/kia\/"},{"@type":"ListItem","position":2,"name":"HU \/ AU Hauptuntersuchung"}]},{"@type":"WebSite","@id":"https:\/\/guenther-gruppe.de\/kia\/#website","url":"https:\/\/guenther-gruppe.de\/kia\/","name":"Autohaus G\u00fcnther GmbH - Kia Vertragsh\u00e4ndler Hamburg und Ahrensburg","description":"Offizieller Kia Vertragsh\u00e4ndler","publisher":{"@id":"https:\/\/guenther-gruppe.de\/kia\/#organization"},"potentialAction":[{"@type":"SearchAction","target":{"@type":"EntryPoint","urlTemplate":"https:\/\/guenther-gruppe.de\/kia\/?s={search_term_string}"},"query-input":{"@type":"PropertyValueSpecification","valueRequired":true,"valueName":"search_term_string"}}],"inLanguage":"de"},{"@type":"Organization","@id":"https:\/\/guenther-gruppe.de\/kia\/#organization","name":"Autohaus G\u00fcnther GmbH","url":"https:\/\/guenther-gruppe.de\/kia\/","logo":{"@type":"ImageObject","inLanguage":"de","@id":"https:\/\/guenther-gruppe.de\/kia\/#\/schema\/logo\/image\/","url":"https:\/\/guenther-gruppe.de\/kia\/wp-content\/uploads\/sites\/9\/2021\/03\/guenther_logo-kia.png","contentUrl":"https:\/\/guenther-gruppe.de\/kia\/wp-content\/uploads\/sites\/9\/2021\/03\/guenther_logo-kia.png","width":2506,"height":400,"caption":"Autohaus G\u00fcnther GmbH"},"image":{"@id":"https:\/\/guenther-gruppe.de\/kia\/#\/schema\/logo\/image\/"}}]}},"_links":{"self":[{"href":"https:\/\/guenther-gruppe.de\/kia\/wp-json\/wp\/v2\/pages\/2394","targetHints":{"allow":["GET"]}}],"collection":[{"href":"https:\/\/guenther-gruppe.de\/kia\/wp-json\/wp\/v2\/pages"}],"about":[{"href":"https:\/\/guenther-gruppe.de\/kia\/wp-json\/wp\/v2\/types\/page"}],"author":[{"embeddable":true,"href":"https:\/\/guenther-gruppe.de\/kia\/wp-json\/wp\/v2\/users\/10"}],"replies":[{"embeddable":true,"href":"https:\/\/guenther-gruppe.de\/kia\/wp-json\/wp\/v2\/comments?post=2394"}],"version-history":[{"count":4,"href":"https:\/\/guenther-gruppe.de\/kia\/wp-json\/wp\/v2\/pages\/2394\/revisions"}],"predecessor-version":[{"id":102170,"href":"https:\/\/guenther-gruppe.de\/kia\/wp-json\/wp\/v2\/pages\/2394\/revisions\/102170"}],"wp:attachment":[{"href":"https:\/\/guenther-gruppe.de\/kia\/wp-json\/wp\/v2\/media?parent=2394"}],"curies":[{"name":"wp","href":"https:\/\/api.w.org\/{rel}","templated":true}]}}