{"id":67923,"date":"2025-06-27T21:19:09","date_gmt":"2025-06-27T19:19:09","guid":{"rendered":"https:\/\/guenther-gruppe.de\/isuzu\/?page_id=67923"},"modified":"2025-06-27T21:19:43","modified_gmt":"2025-06-27T19:19:43","slug":"erklaerung-zur-barrierefreiheit","status":"publish","type":"page","link":"https:\/\/guenther-gruppe.de\/isuzu\/erklaerung-zur-barrierefreiheit\/","title":{"rendered":"Erkl\u00e4rung zur Barrierefreiheit"},"content":{"rendered":"\t\t<div data-elementor-type=\"wp-page\" data-elementor-id=\"67923\" class=\"elementor elementor-67923\" data-elementor-post-type=\"page\">\n\t\t\t\t\t\t<section class=\"elementor-section elementor-top-section elementor-element elementor-element-0a2414d elementor-section-boxed elementor-section-height-default elementor-section-height-default\" data-id=\"0a2414d\" data-element_type=\"section\">\n\t\t\t\t\t\t<div class=\"elementor-container elementor-column-gap-default\">\n\t\t\t\t\t<div class=\"elementor-column elementor-col-100 elementor-top-column elementor-element elementor-element-c77bf16\" data-id=\"c77bf16\" data-element_type=\"column\">\n\t\t\t<div class=\"elementor-widget-wrap elementor-element-populated\">\n\t\t\t\t\t\t<div class=\"elementor-element elementor-element-65eefeb elementor-widget elementor-widget-text-editor\" data-id=\"65eefeb\" data-element_type=\"widget\" data-widget_type=\"text-editor.default\">\n\t\t\t\t<div class=\"elementor-widget-container\">\n\t\t\t\t\t\t\t\t\t<h1><strong>Erkl\u00e4rung zur Barrierefreiheit gem\u00e4\u00df Durchf\u00fchrungsbeschluss (EU) 2018\/1523<\/strong><\/h1>\n<h2><strong>1. Einleitung<\/strong><\/h2>\nDas Autohaus G\u00fcnther, Vertragspartner der Fahrzeugmarken Nissan, Kia, Maserati, Corvette, Cadillac, Subaru, Microlino, Isuzu, MSG-Stablehopper, Infiniti-Service und Saab, setzt sich daf\u00fcr ein, seine Website im Einklang mit den gesetzlichen Vorgaben zur Barrierefreiheit zug\u00e4nglich zu machen. Rechtsgrundlagen sind die Richtlinie (EU) 2016\/2102, das Behindertengleichstellungsgesetz (BGG) sowie die Barrierefreie-Informationstechnik-Verordnung (BITV 2.0).\nDiese Erkl\u00e4rung zur Barrierefreiheit gilt f\u00fcr die Website: <a href=\"https:\/\/guenther-gruppe.de\/\">https:\/\/guenther-gruppe.de\/<\/a> .\n<h2><strong>2. Stand der Vereinbarkeit mit den Anforderungen<\/strong><\/h2>\nDiese Website ist teilweise barrierefrei, da nicht alle Anforderungen der Richtlinie (EU) 2016\/2102 vollst\u00e4ndig umgesetzt wurden. Die Bewertung der Vereinbarkeit erfolgte durch eine Selbstbewertung auf Basis der BITV 2.0-Pr\u00fcfschritte.\n<h2><strong>3. Nicht barrierefreie Inhalte<\/strong><\/h2>\nFolgende Inhalte sind derzeit nicht vollst\u00e4ndig barrierefrei:\n<ul>\n \t<li>Nicht alle PDF- und Office-Dokumente sind barrierefrei (z. B. fehlende Tags, unzureichende Struktur, nicht barrierefreie Tabellen).<\/li>\n \t<li>Videos und Audiodateien verf\u00fcgen nicht immer \u00fcber vollst\u00e4ndige Untertitel, Transkripte oder Audiodeskriptionen.<\/li>\n \t<li>Einzelne Bedienelemente und Formulare sind nicht vollst\u00e4ndig mit der Tastatur nutzbar.<\/li>\n \t<li>Farbkontraste und Alternativtexte f\u00fcr Bilder sind teilweise noch nicht ausreichend umgesetzt.<\/li>\n<\/ul>\n<em>Beispiel:<\/em><em>\u00a0<\/em>\n\n<em><u>HTML-Strukturelemente f\u00fcr \u00dcberschriften<\/u><\/em>\n\n<em>Die \u00dcberschriften auf der Webseite sind in der Regel im g\u00e4ngigen h-Format gekennzeichnet. Die korrekte Reihenfolge der \u00dcberschriften wird teilweise aus Layoutgr\u00fcnden nicht eingehalten. Die \u00dcberschriften-Struktur auf der Webseite wird nach und nach \u00fcberpr\u00fcft und gem\u00e4\u00df den Richtlinien f\u00fcr Barrierefreiheit \u00fcberarbeitet.\n(gem\u00e4\u00df Pr\u00fcfschritt 1.3.1a HTML-Strukturelemente f\u00fcr \u00dcberschriften der BITV \/ WCAG-Selbstbewertung)<\/em>\n\n<em><u>Gliederung der Inhalte<\/u><\/em>\n\n<em>Abs\u00e4tze werden nicht anhand von p-Tags gegliedert. Die Lesbarkeit durch Screenreader ist so zwar m\u00f6glich, allerdings nicht optimal f\u00fcr den Lesefluss. Das verwendete CMS-System ist darauf aktuell nicht ausgelegt. Bei einem Update soll die Funktionalit\u00e4t k\u00fcnftig erg\u00e4nzt werden.\n(gem\u00e4\u00df Pr\u00fcfschritt 1.3.1d Inhalte gegliedert der BITV \/ WCAG-Selbstbewertung)<\/em>\n\n<em><u>Videos in Geb\u00e4rdensprache<\/u><\/em>\n\n<em>Auf das Video in Geb\u00e4rdensprache wird derzeit noch aus Ressourcengr\u00fcnden verzichtet. Die Webseite <\/em><a href=\"http:\/\/www.guenther-gruppe.de\"><em>www.guenther-gruppe.de<\/em><\/a><em> \u00a0wird st\u00e4ndig weiterentwickelt und bestehende M\u00e4ngel schrittweise behoben. <\/em><em>\u00a0<\/em>\n\n<em><u>PDF-Dateien<\/u><\/em>\n\n<em>Die PDF-Dateien auf der Webseite werden nach und nach \u00fcberpr\u00fcft und gem\u00e4\u00df den Richtlinien f\u00fcr Barrierefreiheit \u00fcberarbeitet.<\/em>\n\n<em><u>Bildergalerien<\/u><\/em>\n\n<em>Bei den Bildergalerien auf der Webseite werden nicht durchg\u00e4ngig Alternativtexte f\u00fcr die Bilder angeboten. Insbesondere bei umfangreichen Bildergalerien wird aus Ressourcengr\u00fcnden auf die Hinterlegung der Alternativtexte verzichtet.<\/em>\n\n<em><u>Kontrast<\/u><\/em>\n\n<em>Der Kontrast zwischen Text- und Hintergrundfarbe, so wie der verwendeten Leitfarben des Logos und der Gestaltungselemente in manchen Grafiken und Bedienelementen sind nicht immer ausreichend.<\/em>\n<h3><strong>Gr\u00fcnde f\u00fcr die Nichtvereinbarkeit bzw. unverh\u00e4ltnism\u00e4\u00dfige Belastung:<\/strong><\/h3>\nDie Umsetzung der vollst\u00e4ndigen Barrierefreiheit ist mit einem unverh\u00e4ltnism\u00e4\u00dfigen Aufwand verbunden, insbesondere bei \u00e4lteren Dokumenten und eingebetteten Medieninhalten. Wir arbeiten kontinuierlich an der Verbesserung der Zug\u00e4nglichkeit und werden bestehende Barrieren schrittweise abbauen.\n<h2><strong>4. Barrierefreie Alternativen<\/strong><\/h2>\nF\u00fcr nicht barrierefreie Inhalte bieten wir auf Anfrage barrierefreie Alternativen an. Bitte wenden Sie sich hierzu an die unten genannte Kontaktadresse.\n<h2><strong>5. Feedback und Kontakt<\/strong><\/h2>\nWir freuen uns \u00fcber Hinweise zur Barrierefreiheit unserer Website. Sollten Ihnen M\u00e4ngel auffallen oder ben\u00f6tigen Sie Informationen zu nicht barrierefreien Inhalten, kontaktieren Sie uns bitte:\n\nAutohaus G\u00fcnther GmbH\nPoppenb\u00fctteler Bogen 33\n22399 Hamburg\n\nTelefon: (040) 636696-0\n\neMail: info@guenther-gruppe.de\n<h2><strong>6. Schlichtungsverfahren<\/strong><\/h2>\nFalls Sie auf Ihre Anfrage zur Barrierefreiheit innerhalb einer angemessenen Frist keine zufriedenstellende Antwort erhalten, k\u00f6nnen Sie sich an die Schlichtungsstelle nach \u00a7 16 BGG wenden:\n\nSchlichtungsstelle BGG; \u00a0bei dem Beauftragten der Bundesregierung f\u00fcr die Belange von Menschen mit Behinderungen; \u00a0Mauerstra\u00dfe 53, 10117 Berlin\n\nE-Mail: <a href=\"mailto:info@schlichtungsstelle-bgg.de\">info@schlichtungsstelle-bgg.de<\/a>; \u00a0Telefon: 030 18527 2805\n<h2><strong>7. Stand der Erkl\u00e4rung<\/strong><\/h2>\nDiese Erkl\u00e4rung wurde am 23.06.2025 erstellt bzw. zuletzt \u00fcberpr\u00fcft am 28.06.2025.\t\t\t\t\t\t\t\t<\/div>\n\t\t\t\t<\/div>\n\t\t\t\t\t<\/div>\n\t\t<\/div>\n\t\t\t\t\t<\/div>\n\t\t<\/section>\n\t\t\t\t<\/div>\n\t\t","protected":false},"excerpt":{"rendered":"<p>Erkl\u00e4rung zur Barrierefreiheit gem\u00e4\u00df Durchf\u00fchrungsbeschluss (EU) 2018\/1523 1. Einleitung Das Autohaus G\u00fcnther, Vertragspartner der Fahrzeugmarken Nissan, Kia, Maserati, Corvette, Cadillac, Subaru, Microlino, Isuzu, MSG-Stablehopper, Infiniti-Service und Saab, setzt sich daf\u00fcr ein, seine Website im Einklang mit den gesetzlichen Vorgaben zur Barrierefreiheit zug\u00e4nglich zu machen. Rechtsgrundlagen sind die Richtlinie (EU) 2016\/2102, das Behindertengleichstellungsgesetz (BGG) sowie die [&hellip;]<\/p>\n","protected":false},"author":10,"featured_media":0,"parent":0,"menu_order":0,"comment_status":"closed","ping_status":"closed","template":"","meta":{"_acf_changed":false,"site-sidebar-layout":"no-sidebar","site-content-layout":"page-builder","ast-site-content-layout":"full-width-container","site-content-style":"unboxed","site-sidebar-style":"unboxed","ast-global-header-display":"","ast-banner-title-visibility":"","ast-main-header-display":"","ast-hfb-above-header-display":"","ast-hfb-below-header-display":"","ast-hfb-mobile-header-display":"","site-post-title":"disabled","ast-breadcrumbs-content":"","ast-featured-img":"disabled","footer-sml-layout":"disabled","theme-transparent-header-meta":"default","adv-header-id-meta":"","stick-header-meta":"","header-above-stick-meta":"","header-main-stick-meta":"","header-below-stick-meta":"","astra-migrate-meta-layouts":"set","ast-page-background-enabled":"default","ast-page-background-meta":{"desktop":{"background-color":"","background-image":"","background-repeat":"repeat","background-position":"center center","background-size":"auto","background-attachment":"scroll","background-type":"","background-media":"","overlay-type":"","overlay-color":"","overlay-opacity":"","overlay-gradient":""},"tablet":{"background-color":"","background-image":"","background-repeat":"repeat","background-position":"center center","background-size":"auto","background-attachment":"scroll","background-type":"","background-media":"","overlay-type":"","overlay-color":"","overlay-opacity":"","overlay-gradient":""},"mobile":{"background-color":"","background-image":"","background-repeat":"repeat","background-position":"center center","background-size":"auto","background-attachment":"scroll","background-type":"","background-media":"","overlay-type":"","overlay-color":"","overlay-opacity":"","overlay-gradient":""}},"ast-content-background-meta":{"desktop":{"background-color":"var(--ast-global-color-5)","background-image":"","background-repeat":"repeat","background-position":"center center","background-size":"auto","background-attachment":"scroll","background-type":"","background-media":"","overlay-type":"","overlay-color":"","overlay-opacity":"","overlay-gradient":""},"tablet":{"background-color":"var(--ast-global-color-5)","background-image":"","background-repeat":"repeat","background-position":"center center","background-size":"auto","background-attachment":"scroll","background-type":"","background-media":"","overlay-type":"","overlay-color":"","overlay-opacity":"","overlay-gradient":""},"mobile":{"background-color":"var(--ast-global-color-5)","background-image":"","background-repeat":"repeat","background-position":"center center","background-size":"auto","background-attachment":"scroll","background-type":"","background-media":"","overlay-type":"","overlay-color":"","overlay-opacity":"","overlay-gradient":""}},"footnotes":""},"class_list":["post-67923","page","type-page","status-publish","hentry"],"acf":[],"yoast_head":"<!-- This site is optimized with the Yoast SEO plugin v26.5 - https:\/\/yoast.com\/wordpress\/plugins\/seo\/ -->\n<title>Erkl\u00e4rung zur Barrierefreiheit - Autohaus G\u00fcnther GmbH - ISUZU f\u00fcr Hamburg und Ahrensburg<\/title>\n<meta name=\"description\" content=\"Barrierefreiheit bei Autohaus G\u00fcnther GmbH: Unsere Website ist teilweise barrierefrei und wird stetig f\u00fcr alle Nutzer verbessert\" \/>\n<meta name=\"robots\" content=\"index, follow, max-snippet:-1, max-image-preview:large, max-video-preview:-1\" \/>\n<link rel=\"canonical\" href=\"https:\/\/guenther-gruppe.de\/isuzu\/erklaerung-zur-barrierefreiheit\/\" \/>\n<meta property=\"og:locale\" content=\"de_DE\" \/>\n<meta property=\"og:type\" content=\"article\" \/>\n<meta property=\"og:title\" content=\"Erkl\u00e4rung zur Barrierefreiheit - Autohaus G\u00fcnther GmbH - ISUZU f\u00fcr Hamburg und Ahrensburg\" \/>\n<meta property=\"og:description\" content=\"Barrierefreiheit bei Autohaus G\u00fcnther GmbH: Unsere Website ist teilweise barrierefrei und wird stetig f\u00fcr alle Nutzer verbessert\" \/>\n<meta property=\"og:url\" content=\"https:\/\/guenther-gruppe.de\/isuzu\/erklaerung-zur-barrierefreiheit\/\" \/>\n<meta property=\"og:site_name\" content=\"Autohaus G\u00fcnther GmbH - ISUZU f\u00fcr Hamburg und Ahrensburg\" \/>\n<meta property=\"article:modified_time\" content=\"2025-06-27T19:19:43+00:00\" \/>\n<meta name=\"twitter:card\" content=\"summary_large_image\" \/>\n<meta name=\"twitter:label1\" content=\"Gesch\u00e4tzte Lesezeit\" \/>\n\t<meta name=\"twitter:data1\" content=\"3\u00a0Minuten\" \/>\n<script type=\"application\/ld+json\" class=\"yoast-schema-graph\">{\"@context\":\"https:\/\/schema.org\",\"@graph\":[{\"@type\":\"WebPage\",\"@id\":\"https:\/\/guenther-gruppe.de\/isuzu\/erklaerung-zur-barrierefreiheit\/\",\"url\":\"https:\/\/guenther-gruppe.de\/isuzu\/erklaerung-zur-barrierefreiheit\/\",\"name\":\"Erkl\u00e4rung zur Barrierefreiheit - Autohaus G\u00fcnther GmbH - ISUZU f\u00fcr Hamburg und Ahrensburg\",\"isPartOf\":{\"@id\":\"https:\/\/guenther-gruppe.de\/isuzu\/#website\"},\"datePublished\":\"2025-06-27T19:19:09+00:00\",\"dateModified\":\"2025-06-27T19:19:43+00:00\",\"description\":\"Barrierefreiheit bei Autohaus G\u00fcnther GmbH: Unsere Website ist teilweise barrierefrei und wird stetig f\u00fcr alle Nutzer verbessert\",\"breadcrumb\":{\"@id\":\"https:\/\/guenther-gruppe.de\/isuzu\/erklaerung-zur-barrierefreiheit\/#breadcrumb\"},\"inLanguage\":\"de\",\"potentialAction\":[{\"@type\":\"ReadAction\",\"target\":[\"https:\/\/guenther-gruppe.de\/isuzu\/erklaerung-zur-barrierefreiheit\/\"]}]},{\"@type\":\"BreadcrumbList\",\"@id\":\"https:\/\/guenther-gruppe.de\/isuzu\/erklaerung-zur-barrierefreiheit\/#breadcrumb\",\"itemListElement\":[{\"@type\":\"ListItem\",\"position\":1,\"name\":\"Startseite\",\"item\":\"https:\/\/guenther-gruppe.de\/isuzu\/\"},{\"@type\":\"ListItem\",\"position\":2,\"name\":\"Erkl\u00e4rung zur Barrierefreiheit\"}]},{\"@type\":\"WebSite\",\"@id\":\"https:\/\/guenther-gruppe.de\/isuzu\/#website\",\"url\":\"https:\/\/guenther-gruppe.de\/isuzu\/\",\"name\":\"Autohaus G\u00fcnther GmbH - ISUZU f\u00fcr Hamburg und Ahrensburg\",\"description\":\"Wir sind Ihr ISUZU Vertrags- und Servicepartner f\u00fcr Hamburg und Ahrensburg\",\"publisher\":{\"@id\":\"https:\/\/guenther-gruppe.de\/isuzu\/#organization\"},\"potentialAction\":[{\"@type\":\"SearchAction\",\"target\":{\"@type\":\"EntryPoint\",\"urlTemplate\":\"https:\/\/guenther-gruppe.de\/isuzu\/?s={search_term_string}\"},\"query-input\":{\"@type\":\"PropertyValueSpecification\",\"valueRequired\":true,\"valueName\":\"search_term_string\"}}],\"inLanguage\":\"de\"},{\"@type\":\"Organization\",\"@id\":\"https:\/\/guenther-gruppe.de\/isuzu\/#organization\",\"name\":\"Autohaus G\u00fcnther GmbH - ISUZU f\u00fcr Hamburg und Ahrensburg\",\"url\":\"https:\/\/guenther-gruppe.de\/isuzu\/\",\"logo\":{\"@type\":\"ImageObject\",\"inLanguage\":\"de\",\"@id\":\"https:\/\/guenther-gruppe.de\/isuzu\/#\/schema\/logo\/image\/\",\"url\":\"https:\/\/guenther-gruppe.de\/isuzu\/wp-content\/uploads\/sites\/11\/2022\/06\/cropped-guenther_logo-isuzu.png\",\"contentUrl\":\"https:\/\/guenther-gruppe.de\/isuzu\/wp-content\/uploads\/sites\/11\/2022\/06\/cropped-guenther_logo-isuzu.png\",\"width\":1898,\"height\":400,\"caption\":\"Autohaus G\u00fcnther GmbH - ISUZU f\u00fcr Hamburg und Ahrensburg\"},\"image\":{\"@id\":\"https:\/\/guenther-gruppe.de\/isuzu\/#\/schema\/logo\/image\/\"}}]}<\/script>\n<!-- \/ Yoast SEO plugin. -->","yoast_head_json":{"title":"Erkl\u00e4rung zur Barrierefreiheit - Autohaus G\u00fcnther GmbH - ISUZU f\u00fcr Hamburg und Ahrensburg","description":"Barrierefreiheit bei Autohaus G\u00fcnther GmbH: Unsere Website ist teilweise barrierefrei und wird stetig f\u00fcr alle Nutzer verbessert","robots":{"index":"index","follow":"follow","max-snippet":"max-snippet:-1","max-image-preview":"max-image-preview:large","max-video-preview":"max-video-preview:-1"},"canonical":"https:\/\/guenther-gruppe.de\/isuzu\/erklaerung-zur-barrierefreiheit\/","og_locale":"de_DE","og_type":"article","og_title":"Erkl\u00e4rung zur Barrierefreiheit - Autohaus G\u00fcnther GmbH - ISUZU f\u00fcr Hamburg und Ahrensburg","og_description":"Barrierefreiheit bei Autohaus G\u00fcnther GmbH: Unsere Website ist teilweise barrierefrei und wird stetig f\u00fcr alle Nutzer verbessert","og_url":"https:\/\/guenther-gruppe.de\/isuzu\/erklaerung-zur-barrierefreiheit\/","og_site_name":"Autohaus G\u00fcnther GmbH - ISUZU f\u00fcr Hamburg und Ahrensburg","article_modified_time":"2025-06-27T19:19:43+00:00","twitter_card":"summary_large_image","twitter_misc":{"Gesch\u00e4tzte Lesezeit":"3\u00a0Minuten"},"schema":{"@context":"https:\/\/schema.org","@graph":[{"@type":"WebPage","@id":"https:\/\/guenther-gruppe.de\/isuzu\/erklaerung-zur-barrierefreiheit\/","url":"https:\/\/guenther-gruppe.de\/isuzu\/erklaerung-zur-barrierefreiheit\/","name":"Erkl\u00e4rung zur Barrierefreiheit - Autohaus G\u00fcnther GmbH - ISUZU f\u00fcr Hamburg und Ahrensburg","isPartOf":{"@id":"https:\/\/guenther-gruppe.de\/isuzu\/#website"},"datePublished":"2025-06-27T19:19:09+00:00","dateModified":"2025-06-27T19:19:43+00:00","description":"Barrierefreiheit bei Autohaus G\u00fcnther GmbH: Unsere Website ist teilweise barrierefrei und wird stetig f\u00fcr alle Nutzer verbessert","breadcrumb":{"@id":"https:\/\/guenther-gruppe.de\/isuzu\/erklaerung-zur-barrierefreiheit\/#breadcrumb"},"inLanguage":"de","potentialAction":[{"@type":"ReadAction","target":["https:\/\/guenther-gruppe.de\/isuzu\/erklaerung-zur-barrierefreiheit\/"]}]},{"@type":"BreadcrumbList","@id":"https:\/\/guenther-gruppe.de\/isuzu\/erklaerung-zur-barrierefreiheit\/#breadcrumb","itemListElement":[{"@type":"ListItem","position":1,"name":"Startseite","item":"https:\/\/guenther-gruppe.de\/isuzu\/"},{"@type":"ListItem","position":2,"name":"Erkl\u00e4rung zur Barrierefreiheit"}]},{"@type":"WebSite","@id":"https:\/\/guenther-gruppe.de\/isuzu\/#website","url":"https:\/\/guenther-gruppe.de\/isuzu\/","name":"Autohaus G\u00fcnther GmbH - ISUZU f\u00fcr Hamburg und Ahrensburg","description":"Wir sind Ihr ISUZU Vertrags- und Servicepartner f\u00fcr Hamburg und Ahrensburg","publisher":{"@id":"https:\/\/guenther-gruppe.de\/isuzu\/#organization"},"potentialAction":[{"@type":"SearchAction","target":{"@type":"EntryPoint","urlTemplate":"https:\/\/guenther-gruppe.de\/isuzu\/?s={search_term_string}"},"query-input":{"@type":"PropertyValueSpecification","valueRequired":true,"valueName":"search_term_string"}}],"inLanguage":"de"},{"@type":"Organization","@id":"https:\/\/guenther-gruppe.de\/isuzu\/#organization","name":"Autohaus G\u00fcnther GmbH - ISUZU f\u00fcr Hamburg und Ahrensburg","url":"https:\/\/guenther-gruppe.de\/isuzu\/","logo":{"@type":"ImageObject","inLanguage":"de","@id":"https:\/\/guenther-gruppe.de\/isuzu\/#\/schema\/logo\/image\/","url":"https:\/\/guenther-gruppe.de\/isuzu\/wp-content\/uploads\/sites\/11\/2022\/06\/cropped-guenther_logo-isuzu.png","contentUrl":"https:\/\/guenther-gruppe.de\/isuzu\/wp-content\/uploads\/sites\/11\/2022\/06\/cropped-guenther_logo-isuzu.png","width":1898,"height":400,"caption":"Autohaus G\u00fcnther GmbH - ISUZU f\u00fcr Hamburg und Ahrensburg"},"image":{"@id":"https:\/\/guenther-gruppe.de\/isuzu\/#\/schema\/logo\/image\/"}}]}},"_links":{"self":[{"href":"https:\/\/guenther-gruppe.de\/isuzu\/wp-json\/wp\/v2\/pages\/67923","targetHints":{"allow":["GET"]}}],"collection":[{"href":"https:\/\/guenther-gruppe.de\/isuzu\/wp-json\/wp\/v2\/pages"}],"about":[{"href":"https:\/\/guenther-gruppe.de\/isuzu\/wp-json\/wp\/v2\/types\/page"}],"author":[{"embeddable":true,"href":"https:\/\/guenther-gruppe.de\/isuzu\/wp-json\/wp\/v2\/users\/10"}],"replies":[{"embeddable":true,"href":"https:\/\/guenther-gruppe.de\/isuzu\/wp-json\/wp\/v2\/comments?post=67923"}],"version-history":[{"count":4,"href":"https:\/\/guenther-gruppe.de\/isuzu\/wp-json\/wp\/v2\/pages\/67923\/revisions"}],"predecessor-version":[{"id":67929,"href":"https:\/\/guenther-gruppe.de\/isuzu\/wp-json\/wp\/v2\/pages\/67923\/revisions\/67929"}],"wp:attachment":[{"href":"https:\/\/guenther-gruppe.de\/isuzu\/wp-json\/wp\/v2\/media?parent=67923"}],"curies":[{"name":"wp","href":"https:\/\/api.w.org\/{rel}","templated":true}]}}