{"id":419,"date":"2022-07-12T11:24:53","date_gmt":"2022-07-12T09:24:53","guid":{"rendered":"https:\/\/guenther-gruppe.de\/isuzu\/?page_id=419"},"modified":"2022-08-12T13:09:59","modified_gmt":"2022-08-12T11:09:59","slug":"kataloge","status":"publish","type":"page","link":"https:\/\/guenther-gruppe.de\/isuzu\/kataloge\/","title":{"rendered":"Kataloge"},"content":{"rendered":"\t\t<div data-elementor-type=\"wp-page\" data-elementor-id=\"419\" class=\"elementor elementor-419\" data-elementor-post-type=\"page\">\n\t\t\t\t\t\t<section class=\"elementor-section elementor-top-section elementor-element elementor-element-afc180b elementor-section-full_width elementor-section-stretched elementor-hidden-mobile elementor-section-height-default elementor-section-height-default\" data-id=\"afc180b\" data-element_type=\"section\" data-settings=\"{&quot;stretch_section&quot;:&quot;section-stretched&quot;}\">\n\t\t\t\t\t\t<div class=\"elementor-container elementor-column-gap-default\">\n\t\t\t\t\t<div class=\"elementor-column elementor-col-100 elementor-top-column elementor-element elementor-element-33cdec3\" data-id=\"33cdec3\" data-element_type=\"column\">\n\t\t\t<div class=\"elementor-widget-wrap elementor-element-populated\">\n\t\t\t\t\t\t<div class=\"elementor-element elementor-element-7fa9d52 elementor-widget elementor-widget-image\" data-id=\"7fa9d52\" data-element_type=\"widget\" data-widget_type=\"image.default\">\n\t\t\t\t<div class=\"elementor-widget-container\">\n\t\t\t\t\t\t\t\t\t\t\t\t\t\t\t<img fetchpriority=\"high\" decoding=\"async\" width=\"2500\" height=\"682\" src=\"https:\/\/guenther-gruppe.de\/isuzu\/wp-content\/uploads\/sites\/11\/2022\/08\/04-isuzu-kundenservice-Finanzierung-image_vertical-20MY-ISUZU-D-MAX_4-1_EU_LHD_Crew-RBD-media-d98c6261-query@2x.jpg\" class=\"attachment-full size-full wp-image-3140\" alt=\"Isuzu orange\" srcset=\"https:\/\/guenther-gruppe.de\/isuzu\/wp-content\/uploads\/sites\/11\/2022\/08\/04-isuzu-kundenservice-Finanzierung-image_vertical-20MY-ISUZU-D-MAX_4-1_EU_LHD_Crew-RBD-media-d98c6261-query@2x.jpg 2500w, https:\/\/guenther-gruppe.de\/isuzu\/wp-content\/uploads\/sites\/11\/2022\/08\/04-isuzu-kundenservice-Finanzierung-image_vertical-20MY-ISUZU-D-MAX_4-1_EU_LHD_Crew-RBD-media-d98c6261-query@2x-300x82.jpg 300w, https:\/\/guenther-gruppe.de\/isuzu\/wp-content\/uploads\/sites\/11\/2022\/08\/04-isuzu-kundenservice-Finanzierung-image_vertical-20MY-ISUZU-D-MAX_4-1_EU_LHD_Crew-RBD-media-d98c6261-query@2x-1024x279.jpg 1024w, https:\/\/guenther-gruppe.de\/isuzu\/wp-content\/uploads\/sites\/11\/2022\/08\/04-isuzu-kundenservice-Finanzierung-image_vertical-20MY-ISUZU-D-MAX_4-1_EU_LHD_Crew-RBD-media-d98c6261-query@2x-768x210.jpg 768w, https:\/\/guenther-gruppe.de\/isuzu\/wp-content\/uploads\/sites\/11\/2022\/08\/04-isuzu-kundenservice-Finanzierung-image_vertical-20MY-ISUZU-D-MAX_4-1_EU_LHD_Crew-RBD-media-d98c6261-query@2x-1536x419.jpg 1536w, https:\/\/guenther-gruppe.de\/isuzu\/wp-content\/uploads\/sites\/11\/2022\/08\/04-isuzu-kundenservice-Finanzierung-image_vertical-20MY-ISUZU-D-MAX_4-1_EU_LHD_Crew-RBD-media-d98c6261-query@2x-2048x559.jpg 2048w\" sizes=\"(max-width: 2500px) 100vw, 2500px\" \/>\t\t\t\t\t\t\t\t\t\t\t\t\t\t\t<\/div>\n\t\t\t\t<\/div>\n\t\t\t\t\t<\/div>\n\t\t<\/div>\n\t\t\t\t\t<\/div>\n\t\t<\/section>\n\t\t\t\t<section class=\"elementor-section elementor-top-section elementor-element elementor-element-4b20d7d elementor-hidden-desktop elementor-hidden-tablet elementor-section-boxed elementor-section-height-default elementor-section-height-default\" data-id=\"4b20d7d\" data-element_type=\"section\">\n\t\t\t\t\t\t<div class=\"elementor-container elementor-column-gap-default\">\n\t\t\t\t\t<div class=\"elementor-column elementor-col-100 elementor-top-column elementor-element elementor-element-90dd61a\" data-id=\"90dd61a\" data-element_type=\"column\">\n\t\t\t<div class=\"elementor-widget-wrap elementor-element-populated\">\n\t\t\t\t\t\t<div class=\"elementor-element elementor-element-5710e04 elementor-widget elementor-widget-image\" data-id=\"5710e04\" data-element_type=\"widget\" data-widget_type=\"image.default\">\n\t\t\t\t<div class=\"elementor-widget-container\">\n\t\t\t\t\t\t\t\t\t\t\t\t\t\t\t<img decoding=\"async\" width=\"400\" height=\"650\" src=\"https:\/\/guenther-gruppe.de\/isuzu\/wp-content\/uploads\/sites\/11\/2022\/08\/2283-kataloge-mobile.jpg\" class=\"attachment-full size-full wp-image-3716\" alt=\"Isuzu auf einer Br\u00fccke\" srcset=\"https:\/\/guenther-gruppe.de\/isuzu\/wp-content\/uploads\/sites\/11\/2022\/08\/2283-kataloge-mobile.jpg 400w, https:\/\/guenther-gruppe.de\/isuzu\/wp-content\/uploads\/sites\/11\/2022\/08\/2283-kataloge-mobile-185x300.jpg 185w\" sizes=\"(max-width: 400px) 100vw, 400px\" \/>\t\t\t\t\t\t\t\t\t\t\t\t\t\t\t<\/div>\n\t\t\t\t<\/div>\n\t\t\t\t\t<\/div>\n\t\t<\/div>\n\t\t\t\t\t<\/div>\n\t\t<\/section>\n\t\t\t\t<section class=\"elementor-section elementor-top-section elementor-element elementor-element-16056de elementor-section-boxed elementor-section-height-default elementor-section-height-default\" data-id=\"16056de\" data-element_type=\"section\">\n\t\t\t\t\t\t<div class=\"elementor-container elementor-column-gap-no\">\n\t\t\t\t\t<div class=\"elementor-column elementor-col-100 elementor-top-column elementor-element elementor-element-1782481\" data-id=\"1782481\" data-element_type=\"column\">\n\t\t\t<div class=\"elementor-widget-wrap elementor-element-populated\">\n\t\t\t\t\t\t<div class=\"elementor-element elementor-element-fb86b0f elementor-widget elementor-widget-heading\" data-id=\"fb86b0f\" data-element_type=\"widget\" data-widget_type=\"heading.default\">\n\t\t\t\t<div class=\"elementor-widget-container\">\n\t\t\t\t\t<h1 class=\"elementor-heading-title elementor-size-default\">kataloge<\/h1>\t\t\t\t<\/div>\n\t\t\t\t<\/div>\n\t\t\t\t<div class=\"elementor-element elementor-element-380db5b elementor-widget elementor-widget-text-editor\" data-id=\"380db5b\" data-element_type=\"widget\" data-widget_type=\"text-editor.default\">\n\t\t\t\t<div class=\"elementor-widget-container\">\n\t\t\t\t\t\t\t\t\t<p>In unseren Katalogen finden Sie all unsere Modelle mit den technischen Daten und Ausstattungsmerkmalen. Zus\u00e4tzlich bieten wir Ihnen einen Katalog mit Zubeh\u00f6rteilen, die Ihren ISUZU noch besser machen<\/p>\t\t\t\t\t\t\t\t<\/div>\n\t\t\t\t<\/div>\n\t\t\t\t\t<\/div>\n\t\t<\/div>\n\t\t\t\t\t<\/div>\n\t\t<\/section>\n\t\t\t\t<section class=\"elementor-section elementor-top-section elementor-element elementor-element-b1c2fae elementor-section-boxed elementor-section-height-default elementor-section-height-default\" data-id=\"b1c2fae\" data-element_type=\"section\">\n\t\t\t\t\t\t<div class=\"elementor-container elementor-column-gap-default\">\n\t\t\t\t\t<div class=\"elementor-column elementor-col-100 elementor-top-column elementor-element elementor-element-991521a\" data-id=\"991521a\" data-element_type=\"column\">\n\t\t\t<div class=\"elementor-widget-wrap elementor-element-populated\">\n\t\t\t\t\t\t<div class=\"elementor-element elementor-element-622b2fc elementor-widget elementor-widget-heading\" data-id=\"622b2fc\" data-element_type=\"widget\" data-widget_type=\"heading.default\">\n\t\t\t\t<div class=\"elementor-widget-container\">\n\t\t\t\t\t<h2 class=\"elementor-heading-title elementor-size-default\">D-MAX<\/h2>\t\t\t\t<\/div>\n\t\t\t\t<\/div>\n\t\t\t\t<div class=\"elementor-element elementor-element-3ccd88b elementor-widget elementor-widget-text-editor\" data-id=\"3ccd88b\" data-element_type=\"widget\" data-widget_type=\"text-editor.default\">\n\t\t\t\t<div class=\"elementor-widget-container\">\n\t\t\t\t\t\t\t\t\t<div class=\"download-table--item d-flex align-items-center py-4\"><span style=\"color: #ff0000;\"><img decoding=\"async\" src=\"https:\/\/www.isuzu-sales.de\/img\/pdf.svg\" alt=\"Icon PDF Document\" \/><\/span><p><span style=\"color: #ff0000;\"><a style=\"color: #ff0000;\" href=\"https:\/\/www.isuzu-sales.de\/pdfs\/d-max_katalog_de.pdf\" target=\"_blank\" rel=\"noopener\">D-MAX Katalog &amp; Preisliste<\/a><\/span><\/p><\/div><p>\u00a0<\/p>\t\t\t\t\t\t\t\t<\/div>\n\t\t\t\t<\/div>\n\t\t\t\t<div class=\"elementor-element elementor-element-7e0f4c7 elementor-widget elementor-widget-text-editor\" data-id=\"7e0f4c7\" data-element_type=\"widget\" data-widget_type=\"text-editor.default\">\n\t\t\t\t<div class=\"elementor-widget-container\">\n\t\t\t\t\t\t\t\t\t<div class=\"download-table--item d-flex align-items-center py-4\"><span style=\"color: #ff0000;\"><img decoding=\"async\" src=\"https:\/\/www.isuzu-sales.de\/img\/pdf.svg\" alt=\"Icon PDF Document\" \/><\/span><p><a href=\"https:\/\/www.isuzu-sales.de\/pdfs\/d-max_zubehoerkatalog.pdf\" target=\"_blank\" rel=\"noopener\"><span style=\"color: #ff0000;\">D-MAX Zubeh\u00f6rkatalog<\/span><\/a><\/p><\/div><p>\u00a0<\/p>\t\t\t\t\t\t\t\t<\/div>\n\t\t\t\t<\/div>\n\t\t\t\t<div class=\"elementor-element elementor-element-dee4d44 elementor-widget elementor-widget-text-editor\" data-id=\"dee4d44\" data-element_type=\"widget\" data-widget_type=\"text-editor.default\">\n\t\t\t\t<div class=\"elementor-widget-container\">\n\t\t\t\t\t\t\t\t\t<div class=\"download-table--item d-flex align-items-center py-4\"><span style=\"color: #ff0000;\"><img decoding=\"async\" src=\"https:\/\/www.isuzu-sales.de\/img\/pdf.svg\" alt=\"Icon PDF Document\" \/><\/span><p><a href=\"https:\/\/www.isuzu-sales.de\/pdfs\/d-max_flyer.pdf\" target=\"_blank\" rel=\"noopener\"><span style=\"color: #ff0000;\">D-MAX Flyer<\/span><\/a><\/p><\/div><p>\u00a0<\/p>\t\t\t\t\t\t\t\t<\/div>\n\t\t\t\t<\/div>\n\t\t\t\t<div class=\"elementor-element elementor-element-ebda5eb elementor-widget elementor-widget-text-editor\" data-id=\"ebda5eb\" data-element_type=\"widget\" data-widget_type=\"text-editor.default\">\n\t\t\t\t<div class=\"elementor-widget-container\">\n\t\t\t\t\t\t\t\t\t<div class=\"download-table--item d-flex align-items-center py-4\"><div class=\"download-table--item d-flex align-items-center py-4\"><span style=\"color: #ff0000;\"><img decoding=\"async\" src=\"https:\/\/www.isuzu-sales.de\/img\/pdf.svg\" alt=\"Icon PDF Document\" \/><\/span><p><a href=\"https:\/\/www.isuzu-sales.de\/pdfs\/Reifenlabel%20DUNLOP%2026560R18%20338984%20ISUZU%20D-MAX%20Space%20Double%20Cab%20LS%20LSE%20V-CROSS.pdf\" target=\"_blank\" rel=\"noopener\"><span style=\"color: #ff0000;\">Reifenlabel DUNLOP 26560R18 338984 ISUZU D-MAX Space Double Cab LS LSE V-CROSS<\/span><\/a><\/p><\/div><p>\u00a0<\/p><\/div>\t\t\t\t\t\t\t\t<\/div>\n\t\t\t\t<\/div>\n\t\t\t\t<div class=\"elementor-element elementor-element-61ad0b1 elementor-widget elementor-widget-text-editor\" data-id=\"61ad0b1\" data-element_type=\"widget\" data-widget_type=\"text-editor.default\">\n\t\t\t\t<div class=\"elementor-widget-container\">\n\t\t\t\t\t\t\t\t\t<div class=\"download-table--item d-flex align-items-center py-4\"><div class=\"download-table--item d-flex align-items-center py-4\"><div class=\"download-table--item d-flex align-items-center py-4\"><span style=\"color: #ff0000;\"><img decoding=\"async\" src=\"https:\/\/www.isuzu-sales.de\/img\/pdf.svg\" alt=\"Icon PDF Document\" \/><\/span><p><a href=\"https:\/\/www.isuzu-sales.de\/pdfs\/Reifenlabel%20YOKOHAMA%20205R16C%20E4077%20ISUZU%20D-MAX%20Single%20Cab%20L.pdf\" target=\"_blank\" rel=\"noopener\"><span style=\"color: #ff0000;\">Reifenlabel YOKOHAMA 205R16C E4077 ISUZU D-MAX Single Cab L<\/span><\/a><\/p><\/div><p>\u00a0<\/p><\/div><\/div>\t\t\t\t\t\t\t\t<\/div>\n\t\t\t\t<\/div>\n\t\t\t\t<div class=\"elementor-element elementor-element-f326c6b elementor-widget elementor-widget-text-editor\" data-id=\"f326c6b\" data-element_type=\"widget\" data-widget_type=\"text-editor.default\">\n\t\t\t\t<div class=\"elementor-widget-container\">\n\t\t\t\t\t\t\t\t\t<div class=\"download-table--item d-flex align-items-center py-4\"><div class=\"download-table--item d-flex align-items-center py-4\"><div class=\"download-table--item d-flex align-items-center py-4\"><div class=\"download-table--item d-flex align-items-center py-4\"><span style=\"color: #ff0000;\"><img decoding=\"async\" src=\"https:\/\/www.isuzu-sales.de\/img\/pdf.svg\" alt=\"Icon PDF Document\" \/><\/span><p><span style=\"color: #ff0000;\"><a style=\"color: #ff0000;\" href=\"https:\/\/www.isuzu-sales.de\/pdfs\/Reifenlabel%20YOKOHAMA%20205R16C%20E4078%20ISUZU%20D-MAX%20Single%20Cab%20L.pdf\" target=\"_blank\" rel=\"noopener\">Reifenlabel YOKOHAMA 205R16C E4078 ISUZU D-MAX Single Cab L<\/a><\/span><\/p><\/div><\/div><\/div><\/div>\t\t\t\t\t\t\t\t<\/div>\n\t\t\t\t<\/div>\n\t\t\t\t\t<\/div>\n\t\t<\/div>\n\t\t\t\t\t<\/div>\n\t\t<\/section>\n\t\t\t\t<\/div>\n\t\t","protected":false},"excerpt":{"rendered":"<p>kataloge In unseren Katalogen finden Sie all unsere Modelle mit den technischen Daten und Ausstattungsmerkmalen. Zus\u00e4tzlich bieten wir Ihnen einen Katalog mit Zubeh\u00f6rteilen, die Ihren ISUZU noch besser machen D-MAX D-MAX Katalog &amp; Preisliste D-MAX Zubeh\u00f6rkatalog D-MAX Flyer Reifenlabel DUNLOP 26560R18 338984 ISUZU D-MAX Space Double Cab LS LSE V-CROSS Reifenlabel YOKOHAMA 205R16C E4077 ISUZU [&hellip;]<\/p>\n","protected":false},"author":9,"featured_media":0,"parent":0,"menu_order":0,"comment_status":"closed","ping_status":"closed","template":"","meta":{"_acf_changed":false,"site-sidebar-layout":"no-sidebar","site-content-layout":"page-builder","ast-site-content-layout":"default","site-content-style":"default","site-sidebar-style":"default","ast-global-header-display":"","ast-banner-title-visibility":"","ast-main-header-display":"","ast-hfb-above-header-display":"","ast-hfb-below-header-display":"","ast-hfb-mobile-header-display":"","site-post-title":"disabled","ast-breadcrumbs-content":"","ast-featured-img":"disabled","footer-sml-layout":"","theme-transparent-header-meta":"default","adv-header-id-meta":"","stick-header-meta":"","header-above-stick-meta":"","header-main-stick-meta":"","header-below-stick-meta":"","astra-migrate-meta-layouts":"default","ast-page-background-enabled":"default","ast-page-background-meta":{"desktop":{"background-color":"","background-image":"","background-repeat":"repeat","background-position":"center center","background-size":"auto","background-attachment":"scroll","background-type":"","background-media":"","overlay-type":"","overlay-color":"","overlay-opacity":"","overlay-gradient":""},"tablet":{"background-color":"","background-image":"","background-repeat":"repeat","background-position":"center center","background-size":"auto","background-attachment":"scroll","background-type":"","background-media":"","overlay-type":"","overlay-color":"","overlay-opacity":"","overlay-gradient":""},"mobile":{"background-color":"","background-image":"","background-repeat":"repeat","background-position":"center center","background-size":"auto","background-attachment":"scroll","background-type":"","background-media":"","overlay-type":"","overlay-color":"","overlay-opacity":"","overlay-gradient":""}},"ast-content-background-meta":{"desktop":{"background-color":"var(--ast-global-color-5)","background-image":"","background-repeat":"repeat","background-position":"center center","background-size":"auto","background-attachment":"scroll","background-type":"","background-media":"","overlay-type":"","overlay-color":"","overlay-opacity":"","overlay-gradient":""},"tablet":{"background-color":"var(--ast-global-color-5)","background-image":"","background-repeat":"repeat","background-position":"center center","background-size":"auto","background-attachment":"scroll","background-type":"","background-media":"","overlay-type":"","overlay-color":"","overlay-opacity":"","overlay-gradient":""},"mobile":{"background-color":"var(--ast-global-color-5)","background-image":"","background-repeat":"repeat","background-position":"center center","background-size":"auto","background-attachment":"scroll","background-type":"","background-media":"","overlay-type":"","overlay-color":"","overlay-opacity":"","overlay-gradient":""}},"footnotes":""},"class_list":["post-419","page","type-page","status-publish","hentry"],"acf":[],"yoast_head":"<!-- This site is optimized with the Yoast SEO plugin v26.5 - https:\/\/yoast.com\/wordpress\/plugins\/seo\/ -->\n<title>ISUZU D-MAX Brosch\u00fcre | Autohaus G\u00fcnther GmbH<\/title>\n<meta name=\"description\" content=\"Hier finden Sie eine \u00dcbersicht \u00fcber alle ISUZU D-MAx Brosch\u00fcren und dessen original Zubeh\u00f6r.\" \/>\n<meta name=\"robots\" content=\"index, follow, max-snippet:-1, max-image-preview:large, max-video-preview:-1\" \/>\n<link rel=\"canonical\" href=\"https:\/\/guenther-gruppe.de\/isuzu\/kataloge\/\" \/>\n<meta property=\"og:locale\" content=\"de_DE\" \/>\n<meta property=\"og:type\" content=\"article\" \/>\n<meta property=\"og:title\" content=\"ISUZU D-MAX Brosch\u00fcre | Autohaus G\u00fcnther GmbH\" \/>\n<meta property=\"og:description\" content=\"Hier finden Sie eine \u00dcbersicht \u00fcber alle ISUZU D-MAx Brosch\u00fcren und dessen original Zubeh\u00f6r.\" \/>\n<meta property=\"og:url\" content=\"https:\/\/guenther-gruppe.de\/isuzu\/kataloge\/\" \/>\n<meta property=\"og:site_name\" content=\"Autohaus G\u00fcnther GmbH - ISUZU f\u00fcr Hamburg und Ahrensburg\" \/>\n<meta property=\"article:modified_time\" content=\"2022-08-12T11:09:59+00:00\" \/>\n<meta property=\"og:image\" content=\"https:\/\/guenther-gruppe.de\/isuzu\/wp-content\/uploads\/sites\/11\/2022\/08\/04-isuzu-kundenservice-Finanzierung-image_vertical-20MY-ISUZU-D-MAX_4-1_EU_LHD_Crew-RBD-media-d98c6261-query@2x.jpg\" \/>\n<meta name=\"twitter:card\" content=\"summary_large_image\" \/>\n<meta name=\"twitter:label1\" content=\"Gesch\u00e4tzte Lesezeit\" \/>\n\t<meta name=\"twitter:data1\" content=\"3\u00a0Minuten\" \/>\n<script type=\"application\/ld+json\" class=\"yoast-schema-graph\">{\"@context\":\"https:\/\/schema.org\",\"@graph\":[{\"@type\":\"WebPage\",\"@id\":\"https:\/\/guenther-gruppe.de\/isuzu\/kataloge\/\",\"url\":\"https:\/\/guenther-gruppe.de\/isuzu\/kataloge\/\",\"name\":\"ISUZU D-MAX Brosch\u00fcre | Autohaus G\u00fcnther GmbH\",\"isPartOf\":{\"@id\":\"https:\/\/guenther-gruppe.de\/isuzu\/#website\"},\"primaryImageOfPage\":{\"@id\":\"https:\/\/guenther-gruppe.de\/isuzu\/kataloge\/#primaryimage\"},\"image\":{\"@id\":\"https:\/\/guenther-gruppe.de\/isuzu\/kataloge\/#primaryimage\"},\"thumbnailUrl\":\"https:\/\/guenther-gruppe.de\/isuzu\/wp-content\/uploads\/sites\/11\/2022\/08\/04-isuzu-kundenservice-Finanzierung-image_vertical-20MY-ISUZU-D-MAX_4-1_EU_LHD_Crew-RBD-media-d98c6261-query@2x.jpg\",\"datePublished\":\"2022-07-12T09:24:53+00:00\",\"dateModified\":\"2022-08-12T11:09:59+00:00\",\"description\":\"Hier finden Sie eine \u00dcbersicht \u00fcber alle ISUZU D-MAx Brosch\u00fcren und dessen original Zubeh\u00f6r.\",\"breadcrumb\":{\"@id\":\"https:\/\/guenther-gruppe.de\/isuzu\/kataloge\/#breadcrumb\"},\"inLanguage\":\"de\",\"potentialAction\":[{\"@type\":\"ReadAction\",\"target\":[\"https:\/\/guenther-gruppe.de\/isuzu\/kataloge\/\"]}]},{\"@type\":\"ImageObject\",\"inLanguage\":\"de\",\"@id\":\"https:\/\/guenther-gruppe.de\/isuzu\/kataloge\/#primaryimage\",\"url\":\"https:\/\/guenther-gruppe.de\/isuzu\/wp-content\/uploads\/sites\/11\/2022\/08\/04-isuzu-kundenservice-Finanzierung-image_vertical-20MY-ISUZU-D-MAX_4-1_EU_LHD_Crew-RBD-media-d98c6261-query@2x.jpg\",\"contentUrl\":\"https:\/\/guenther-gruppe.de\/isuzu\/wp-content\/uploads\/sites\/11\/2022\/08\/04-isuzu-kundenservice-Finanzierung-image_vertical-20MY-ISUZU-D-MAX_4-1_EU_LHD_Crew-RBD-media-d98c6261-query@2x.jpg\",\"width\":2500,\"height\":682,\"caption\":\"Isuzu orange\"},{\"@type\":\"BreadcrumbList\",\"@id\":\"https:\/\/guenther-gruppe.de\/isuzu\/kataloge\/#breadcrumb\",\"itemListElement\":[{\"@type\":\"ListItem\",\"position\":1,\"name\":\"Startseite\",\"item\":\"https:\/\/guenther-gruppe.de\/isuzu\/\"},{\"@type\":\"ListItem\",\"position\":2,\"name\":\"Kataloge\"}]},{\"@type\":\"WebSite\",\"@id\":\"https:\/\/guenther-gruppe.de\/isuzu\/#website\",\"url\":\"https:\/\/guenther-gruppe.de\/isuzu\/\",\"name\":\"Autohaus G\u00fcnther GmbH - ISUZU f\u00fcr Hamburg und Ahrensburg\",\"description\":\"Wir sind Ihr ISUZU Vertrags- und Servicepartner f\u00fcr Hamburg und Ahrensburg\",\"publisher\":{\"@id\":\"https:\/\/guenther-gruppe.de\/isuzu\/#organization\"},\"potentialAction\":[{\"@type\":\"SearchAction\",\"target\":{\"@type\":\"EntryPoint\",\"urlTemplate\":\"https:\/\/guenther-gruppe.de\/isuzu\/?s={search_term_string}\"},\"query-input\":{\"@type\":\"PropertyValueSpecification\",\"valueRequired\":true,\"valueName\":\"search_term_string\"}}],\"inLanguage\":\"de\"},{\"@type\":\"Organization\",\"@id\":\"https:\/\/guenther-gruppe.de\/isuzu\/#organization\",\"name\":\"Autohaus G\u00fcnther GmbH - ISUZU f\u00fcr Hamburg und Ahrensburg\",\"url\":\"https:\/\/guenther-gruppe.de\/isuzu\/\",\"logo\":{\"@type\":\"ImageObject\",\"inLanguage\":\"de\",\"@id\":\"https:\/\/guenther-gruppe.de\/isuzu\/#\/schema\/logo\/image\/\",\"url\":\"https:\/\/guenther-gruppe.de\/isuzu\/wp-content\/uploads\/sites\/11\/2022\/06\/cropped-guenther_logo-isuzu.png\",\"contentUrl\":\"https:\/\/guenther-gruppe.de\/isuzu\/wp-content\/uploads\/sites\/11\/2022\/06\/cropped-guenther_logo-isuzu.png\",\"width\":1898,\"height\":400,\"caption\":\"Autohaus G\u00fcnther GmbH - ISUZU f\u00fcr Hamburg und Ahrensburg\"},\"image\":{\"@id\":\"https:\/\/guenther-gruppe.de\/isuzu\/#\/schema\/logo\/image\/\"}}]}<\/script>\n<!-- \/ Yoast SEO plugin. -->","yoast_head_json":{"title":"ISUZU D-MAX Brosch\u00fcre | Autohaus G\u00fcnther GmbH","description":"Hier finden Sie eine \u00dcbersicht \u00fcber alle ISUZU D-MAx Brosch\u00fcren und dessen original Zubeh\u00f6r.","robots":{"index":"index","follow":"follow","max-snippet":"max-snippet:-1","max-image-preview":"max-image-preview:large","max-video-preview":"max-video-preview:-1"},"canonical":"https:\/\/guenther-gruppe.de\/isuzu\/kataloge\/","og_locale":"de_DE","og_type":"article","og_title":"ISUZU D-MAX Brosch\u00fcre | Autohaus G\u00fcnther GmbH","og_description":"Hier finden Sie eine \u00dcbersicht \u00fcber alle ISUZU D-MAx Brosch\u00fcren und dessen original Zubeh\u00f6r.","og_url":"https:\/\/guenther-gruppe.de\/isuzu\/kataloge\/","og_site_name":"Autohaus G\u00fcnther GmbH - ISUZU f\u00fcr Hamburg und Ahrensburg","article_modified_time":"2022-08-12T11:09:59+00:00","og_image":[{"url":"https:\/\/guenther-gruppe.de\/isuzu\/wp-content\/uploads\/sites\/11\/2022\/08\/04-isuzu-kundenservice-Finanzierung-image_vertical-20MY-ISUZU-D-MAX_4-1_EU_LHD_Crew-RBD-media-d98c6261-query@2x.jpg","type":"","width":"","height":""}],"twitter_card":"summary_large_image","twitter_misc":{"Gesch\u00e4tzte Lesezeit":"3\u00a0Minuten"},"schema":{"@context":"https:\/\/schema.org","@graph":[{"@type":"WebPage","@id":"https:\/\/guenther-gruppe.de\/isuzu\/kataloge\/","url":"https:\/\/guenther-gruppe.de\/isuzu\/kataloge\/","name":"ISUZU D-MAX Brosch\u00fcre | Autohaus G\u00fcnther GmbH","isPartOf":{"@id":"https:\/\/guenther-gruppe.de\/isuzu\/#website"},"primaryImageOfPage":{"@id":"https:\/\/guenther-gruppe.de\/isuzu\/kataloge\/#primaryimage"},"image":{"@id":"https:\/\/guenther-gruppe.de\/isuzu\/kataloge\/#primaryimage"},"thumbnailUrl":"https:\/\/guenther-gruppe.de\/isuzu\/wp-content\/uploads\/sites\/11\/2022\/08\/04-isuzu-kundenservice-Finanzierung-image_vertical-20MY-ISUZU-D-MAX_4-1_EU_LHD_Crew-RBD-media-d98c6261-query@2x.jpg","datePublished":"2022-07-12T09:24:53+00:00","dateModified":"2022-08-12T11:09:59+00:00","description":"Hier finden Sie eine \u00dcbersicht \u00fcber alle ISUZU D-MAx Brosch\u00fcren und dessen original Zubeh\u00f6r.","breadcrumb":{"@id":"https:\/\/guenther-gruppe.de\/isuzu\/kataloge\/#breadcrumb"},"inLanguage":"de","potentialAction":[{"@type":"ReadAction","target":["https:\/\/guenther-gruppe.de\/isuzu\/kataloge\/"]}]},{"@type":"ImageObject","inLanguage":"de","@id":"https:\/\/guenther-gruppe.de\/isuzu\/kataloge\/#primaryimage","url":"https:\/\/guenther-gruppe.de\/isuzu\/wp-content\/uploads\/sites\/11\/2022\/08\/04-isuzu-kundenservice-Finanzierung-image_vertical-20MY-ISUZU-D-MAX_4-1_EU_LHD_Crew-RBD-media-d98c6261-query@2x.jpg","contentUrl":"https:\/\/guenther-gruppe.de\/isuzu\/wp-content\/uploads\/sites\/11\/2022\/08\/04-isuzu-kundenservice-Finanzierung-image_vertical-20MY-ISUZU-D-MAX_4-1_EU_LHD_Crew-RBD-media-d98c6261-query@2x.jpg","width":2500,"height":682,"caption":"Isuzu orange"},{"@type":"BreadcrumbList","@id":"https:\/\/guenther-gruppe.de\/isuzu\/kataloge\/#breadcrumb","itemListElement":[{"@type":"ListItem","position":1,"name":"Startseite","item":"https:\/\/guenther-gruppe.de\/isuzu\/"},{"@type":"ListItem","position":2,"name":"Kataloge"}]},{"@type":"WebSite","@id":"https:\/\/guenther-gruppe.de\/isuzu\/#website","url":"https:\/\/guenther-gruppe.de\/isuzu\/","name":"Autohaus G\u00fcnther GmbH - ISUZU f\u00fcr Hamburg und Ahrensburg","description":"Wir sind Ihr ISUZU Vertrags- und Servicepartner f\u00fcr Hamburg und Ahrensburg","publisher":{"@id":"https:\/\/guenther-gruppe.de\/isuzu\/#organization"},"potentialAction":[{"@type":"SearchAction","target":{"@type":"EntryPoint","urlTemplate":"https:\/\/guenther-gruppe.de\/isuzu\/?s={search_term_string}"},"query-input":{"@type":"PropertyValueSpecification","valueRequired":true,"valueName":"search_term_string"}}],"inLanguage":"de"},{"@type":"Organization","@id":"https:\/\/guenther-gruppe.de\/isuzu\/#organization","name":"Autohaus G\u00fcnther GmbH - ISUZU f\u00fcr Hamburg und Ahrensburg","url":"https:\/\/guenther-gruppe.de\/isuzu\/","logo":{"@type":"ImageObject","inLanguage":"de","@id":"https:\/\/guenther-gruppe.de\/isuzu\/#\/schema\/logo\/image\/","url":"https:\/\/guenther-gruppe.de\/isuzu\/wp-content\/uploads\/sites\/11\/2022\/06\/cropped-guenther_logo-isuzu.png","contentUrl":"https:\/\/guenther-gruppe.de\/isuzu\/wp-content\/uploads\/sites\/11\/2022\/06\/cropped-guenther_logo-isuzu.png","width":1898,"height":400,"caption":"Autohaus G\u00fcnther GmbH - ISUZU f\u00fcr Hamburg und Ahrensburg"},"image":{"@id":"https:\/\/guenther-gruppe.de\/isuzu\/#\/schema\/logo\/image\/"}}]}},"_links":{"self":[{"href":"https:\/\/guenther-gruppe.de\/isuzu\/wp-json\/wp\/v2\/pages\/419","targetHints":{"allow":["GET"]}}],"collection":[{"href":"https:\/\/guenther-gruppe.de\/isuzu\/wp-json\/wp\/v2\/pages"}],"about":[{"href":"https:\/\/guenther-gruppe.de\/isuzu\/wp-json\/wp\/v2\/types\/page"}],"author":[{"embeddable":true,"href":"https:\/\/guenther-gruppe.de\/isuzu\/wp-json\/wp\/v2\/users\/9"}],"replies":[{"embeddable":true,"href":"https:\/\/guenther-gruppe.de\/isuzu\/wp-json\/wp\/v2\/comments?post=419"}],"version-history":[{"count":4,"href":"https:\/\/guenther-gruppe.de\/isuzu\/wp-json\/wp\/v2\/pages\/419\/revisions"}],"predecessor-version":[{"id":4901,"href":"https:\/\/guenther-gruppe.de\/isuzu\/wp-json\/wp\/v2\/pages\/419\/revisions\/4901"}],"wp:attachment":[{"href":"https:\/\/guenther-gruppe.de\/isuzu\/wp-json\/wp\/v2\/media?parent=419"}],"curies":[{"name":"wp","href":"https:\/\/api.w.org\/{rel}","templated":true}]}}